{"id":4323,"date":"2025-09-05T13:25:25","date_gmt":"2025-09-05T13:25:25","guid":{"rendered":"https:\/\/www.brikaelektrik.al\/?post_type=product&#038;p=4323"},"modified":"2025-09-05T13:25:25","modified_gmt":"2025-09-05T13:25:25","slug":"sonde-niveli","status":"publish","type":"product","link":"https:\/\/www.brikaelektrik.al\/al\/produkt\/sonde-niveli\/","title":{"rendered":"SOND\u00cb NIVELI"},"content":{"rendered":"<p><strong data-start=\"572\" data-end=\"582\">Seria:<\/strong> LLE\u201110<br data-start=\"589\" data-end=\"592\" \/><strong data-start=\"592\" data-end=\"602\">Lloji:<\/strong> Elektroda p\u00ebr kontrollin e nivelit t\u00eb l\u00ebngut, e p\u00ebrdorur me Releun e Niveli LLR\u201105<br data-start=\"685\" data-end=\"688\" \/><strong data-start=\"688\" data-end=\"714\">Tension operativ (Ue):<\/strong> Deri n\u00eb 250\u202fV AC<br data-start=\"731\" data-end=\"734\" \/><strong data-start=\"734\" data-end=\"748\">Frekuenca:<\/strong> 50\u201360\u202fHz<br data-start=\"757\" data-end=\"760\" \/><strong data-start=\"760\" data-end=\"784\" data-is-only-node=\"\">Rryma nominale (Ie):<\/strong> Deri n\u00eb 5\u202fA<br data-start=\"796\" data-end=\"799\" \/><strong data-start=\"799\" data-end=\"823\">Konfigurimi (Pol\u00ebt):<\/strong> 1P<br data-start=\"826\" data-end=\"829\" \/><strong data-start=\"829\" data-end=\"842\">Mbrojtja:<\/strong> IP65<br data-start=\"847\" data-end=\"850\" \/><strong data-start=\"850\" data-end=\"873\">Materiali i trupit:<\/strong> ABS (trup plastik me rezistenc\u00eb t\u00eb lart\u00eb ndaj ujit dhe kimikateve)<br data-start=\"940\" data-end=\"943\" \/><strong data-start=\"943\" data-end=\"969\">Materiali i p\u00ebr\u00e7uesit:<\/strong> \u00c7elik inox i mbuluar me PVC<br data-start=\"997\" data-end=\"1000\" \/><strong data-start=\"1000\" data-end=\"1010\">Pesha:<\/strong> ~55\u202fg<\/p>","protected":false},"excerpt":{"rendered":"<p>Seria: LLE\u201110Lloji: Elektroda p\u00ebr kontrollin e nivelit t\u00eb l\u00ebngut, e p\u00ebrdorur me Releun e Niveli LLR\u201105Tension operativ (Ue): Deri n\u00eb 250\u202fV ACFrekuenca: 50\u201360\u202fHzRryma nominale (Ie): Deri n\u00eb 5\u202fAKonfigurimi (Pol\u00ebt): 1PMbrojtja: IP65Materiali i trupit: ABS (trup plastik me rezistenc\u00eb t\u00eb lart\u00eb ndaj ujit dhe kimikateve)Materiali i p\u00ebr\u00e7uesit: \u00c7elik inox i mbuluar me PVCPesha: ~55\u202fg<\/p>","protected":false},"featured_media":4326,"comment_status":"open","ping_status":"closed","template":"","meta":{"_acf_changed":false},"product_brand":[],"product_cat":[77,42],"product_tag":[],"class_list":{"0":"post-4323","1":"product","2":"type-product","3":"status-publish","4":"has-post-thumbnail","6":"product_cat-sonda-niveli","7":"product_cat-serite-industriale","9":"first","10":"instock","11":"shipping-taxable","12":"product-type-simple"},"acf":[],"_links":{"self":[{"href":"https:\/\/www.brikaelektrik.al\/al\/wp-json\/wp\/v2\/product\/4323","targetHints":{"allow":["GET"]}}],"collection":[{"href":"https:\/\/www.brikaelektrik.al\/al\/wp-json\/wp\/v2\/product"}],"about":[{"href":"https:\/\/www.brikaelektrik.al\/al\/wp-json\/wp\/v2\/types\/product"}],"replies":[{"embeddable":true,"href":"https:\/\/www.brikaelektrik.al\/al\/wp-json\/wp\/v2\/comments?post=4323"}],"wp:featuredmedia":[{"embeddable":true,"href":"https:\/\/www.brikaelektrik.al\/al\/wp-json\/wp\/v2\/media\/4326"}],"wp:attachment":[{"href":"https:\/\/www.brikaelektrik.al\/al\/wp-json\/wp\/v2\/media?parent=4323"}],"wp:term":[{"taxonomy":"product_brand","embeddable":true,"href":"https:\/\/www.brikaelektrik.al\/al\/wp-json\/wp\/v2\/product_brand?post=4323"},{"taxonomy":"product_cat","embeddable":true,"href":"https:\/\/www.brikaelektrik.al\/al\/wp-json\/wp\/v2\/product_cat?post=4323"},{"taxonomy":"product_tag","embeddable":true,"href":"https:\/\/www.brikaelektrik.al\/al\/wp-json\/wp\/v2\/product_tag?post=4323"}],"curies":[{"name":"wp","href":"https:\/\/api.w.org\/{rel}","templated":true}]}}