{"id":4328,"date":"2025-09-05T13:29:52","date_gmt":"2025-09-05T13:29:52","guid":{"rendered":"https:\/\/www.brikaelektrik.al\/?post_type=product&#038;p=4328"},"modified":"2025-09-05T13:36:26","modified_gmt":"2025-09-05T13:36:26","slug":"suport-per-rl-ndermjetese-11-pin","status":"publish","type":"product","link":"https:\/\/www.brikaelektrik.al\/al\/produkt\/suport-per-rl-ndermjetese-11-pin\/","title":{"rendered":"SUPORT P\u00cbR RL ND\u00cbRMJET\u00cbSE 11 PIN"},"content":{"rendered":"<p><strong data-start=\"267\" data-end=\"277\">Seria:<\/strong> SRR-11-SOK<br data-start=\"288\" data-end=\"291\" \/><strong data-start=\"291\" data-end=\"301\">Lloji:<\/strong> Soket p\u00ebr rel\u00e9 me 11 pin\u00eb<br data-start=\"327\" data-end=\"330\" \/><strong data-start=\"330\" data-end=\"356\">Tension operativ (Ue):<\/strong> 24\u202fV AC \/ 230\u202fV AC<br data-start=\"375\" data-end=\"378\" \/><strong data-start=\"378\" data-end=\"392\">Frekuenca:<\/strong> 50\/60\u202fHz<br data-start=\"401\" data-end=\"404\" data-is-only-node=\"\" \/><strong data-start=\"404\" data-end=\"428\">Rryma nominale (Ie):<\/strong> 10\u202fA<br data-start=\"433\" data-end=\"436\" \/><strong data-start=\"436\" data-end=\"460\">Konfigurimi (Pol\u00ebt):<\/strong> 11 pin\u00eb<br data-start=\"468\" data-end=\"471\" \/><strong data-start=\"471\" data-end=\"484\">Mbrojtja:<\/strong> IP20<\/p>","protected":false},"excerpt":{"rendered":"<p>Seria: SRR-11-SOKLloji: Soket p\u00ebr rel\u00e9 me 11 pin\u00ebTension operativ (Ue): 24\u202fV AC \/ 230\u202fV ACFrekuenca: 50\/60\u202fHzRryma nominale (Ie): 10\u202fAKonfigurimi (Pol\u00ebt): 11 pin\u00ebMbrojtja: IP20<\/p>","protected":false},"featured_media":4329,"comment_status":"open","ping_status":"closed","template":"","meta":{"_acf_changed":false},"product_brand":[],"product_cat":[78,42],"product_tag":[],"class_list":{"0":"post-4328","1":"product","2":"type-product","3":"status-publish","4":"has-post-thumbnail","6":"product_cat-mini-rl-ndermjetese","7":"product_cat-serite-industriale","9":"first","10":"instock","11":"shipping-taxable","12":"product-type-simple"},"acf":[],"_links":{"self":[{"href":"https:\/\/www.brikaelektrik.al\/al\/wp-json\/wp\/v2\/product\/4328","targetHints":{"allow":["GET"]}}],"collection":[{"href":"https:\/\/www.brikaelektrik.al\/al\/wp-json\/wp\/v2\/product"}],"about":[{"href":"https:\/\/www.brikaelektrik.al\/al\/wp-json\/wp\/v2\/types\/product"}],"replies":[{"embeddable":true,"href":"https:\/\/www.brikaelektrik.al\/al\/wp-json\/wp\/v2\/comments?post=4328"}],"wp:featuredmedia":[{"embeddable":true,"href":"https:\/\/www.brikaelektrik.al\/al\/wp-json\/wp\/v2\/media\/4329"}],"wp:attachment":[{"href":"https:\/\/www.brikaelektrik.al\/al\/wp-json\/wp\/v2\/media?parent=4328"}],"wp:term":[{"taxonomy":"product_brand","embeddable":true,"href":"https:\/\/www.brikaelektrik.al\/al\/wp-json\/wp\/v2\/product_brand?post=4328"},{"taxonomy":"product_cat","embeddable":true,"href":"https:\/\/www.brikaelektrik.al\/al\/wp-json\/wp\/v2\/product_cat?post=4328"},{"taxonomy":"product_tag","embeddable":true,"href":"https:\/\/www.brikaelektrik.al\/al\/wp-json\/wp\/v2\/product_tag?post=4328"}],"curies":[{"name":"wp","href":"https:\/\/api.w.org\/{rel}","templated":true}]}}