{"id":4335,"date":"2025-09-05T13:34:21","date_gmt":"2025-09-05T13:34:21","guid":{"rendered":"https:\/\/www.brikaelektrik.al\/?post_type=product&#038;p=4335"},"modified":"2025-09-05T14:14:28","modified_gmt":"2025-09-05T14:14:28","slug":"suport-per-rl-ndermjetese-8-pin","status":"publish","type":"product","link":"https:\/\/www.brikaelektrik.al\/al\/produkt\/suport-per-rl-ndermjetese-8-pin\/","title":{"rendered":"SUPORT P\u00cbR RL ND\u00cbRMJET\u00cbSE 8 PIN"},"content":{"rendered":"<p><strong data-start=\"239\" data-end=\"249\">Seria:<\/strong> SRR-08-SOK<br data-start=\"260\" data-end=\"263\" \/><strong data-start=\"263\" data-end=\"273\">Lloji:<\/strong> Soket p\u00ebr rel\u00e9 me 8 pin\u00eb<br data-start=\"298\" data-end=\"301\" \/><strong data-start=\"301\" data-end=\"327\">Tension operativ (Ue):<\/strong> 24\u202fV AC \/ 230\u202fV AC<br data-start=\"346\" data-end=\"349\" \/><strong data-start=\"349\" data-end=\"363\">Frekuenca:<\/strong> 50\/60\u202fHz<br data-start=\"372\" data-end=\"375\" data-is-only-node=\"\" \/><strong data-start=\"375\" data-end=\"399\">Rryma nominale (Ie):<\/strong> 10\u202fA<br data-start=\"404\" data-end=\"407\" \/><strong data-start=\"407\" data-end=\"431\">Konfigurimi (Pol\u00ebt):<\/strong> 8 pin\u00eb<br data-start=\"438\" data-end=\"441\" \/><strong data-start=\"441\" data-end=\"454\">Mbrojtja:<\/strong> IP20<\/p>","protected":false},"excerpt":{"rendered":"<p>Seria: SRR-08-SOKLloji: Soket p\u00ebr rel\u00e9 me 8 pin\u00ebTension operativ (Ue): 24\u202fV AC \/ 230\u202fV ACFrekuenca: 50\/60\u202fHzRryma nominale (Ie): 10\u202fAKonfigurimi (Pol\u00ebt): 8 pin\u00ebMbrojtja: IP20<\/p>","protected":false},"featured_media":4338,"comment_status":"open","ping_status":"closed","template":"","meta":{"_acf_changed":false},"product_brand":[],"product_cat":[78,42],"product_tag":[],"class_list":{"0":"post-4335","1":"product","2":"type-product","3":"status-publish","4":"has-post-thumbnail","6":"product_cat-mini-rl-ndermjetese","7":"product_cat-serite-industriale","9":"first","10":"instock","11":"shipping-taxable","12":"product-type-simple"},"acf":[],"_links":{"self":[{"href":"https:\/\/www.brikaelektrik.al\/al\/wp-json\/wp\/v2\/product\/4335","targetHints":{"allow":["GET"]}}],"collection":[{"href":"https:\/\/www.brikaelektrik.al\/al\/wp-json\/wp\/v2\/product"}],"about":[{"href":"https:\/\/www.brikaelektrik.al\/al\/wp-json\/wp\/v2\/types\/product"}],"replies":[{"embeddable":true,"href":"https:\/\/www.brikaelektrik.al\/al\/wp-json\/wp\/v2\/comments?post=4335"}],"wp:featuredmedia":[{"embeddable":true,"href":"https:\/\/www.brikaelektrik.al\/al\/wp-json\/wp\/v2\/media\/4338"}],"wp:attachment":[{"href":"https:\/\/www.brikaelektrik.al\/al\/wp-json\/wp\/v2\/media?parent=4335"}],"wp:term":[{"taxonomy":"product_brand","embeddable":true,"href":"https:\/\/www.brikaelektrik.al\/al\/wp-json\/wp\/v2\/product_brand?post=4335"},{"taxonomy":"product_cat","embeddable":true,"href":"https:\/\/www.brikaelektrik.al\/al\/wp-json\/wp\/v2\/product_cat?post=4335"},{"taxonomy":"product_tag","embeddable":true,"href":"https:\/\/www.brikaelektrik.al\/al\/wp-json\/wp\/v2\/product_tag?post=4335"}],"curies":[{"name":"wp","href":"https:\/\/api.w.org\/{rel}","templated":true}]}}