{"id":4341,"date":"2025-09-05T13:42:25","date_gmt":"2025-09-05T13:42:25","guid":{"rendered":"https:\/\/www.brikaelektrik.al\/?post_type=product&#038;p=4341"},"modified":"2025-09-05T13:43:59","modified_gmt":"2025-09-05T13:43:59","slug":"suport-mini-rl-ndermjetese-2-kontakte-8-pin","status":"publish","type":"product","link":"https:\/\/www.brikaelektrik.al\/al\/produkt\/suport-mini-rl-ndermjetese-2-kontakte-8-pin\/","title":{"rendered":"SUPORT MINI RL ND\u00cbRMJET\u00cbSE 2 KONTAKTE 8 PIN"},"content":{"rendered":"<p><strong data-start=\"148\" data-end=\"158\">Seria:<\/strong> SRM\u201108\u2011SOK<br data-start=\"169\" data-end=\"172\" \/><strong data-start=\"172\" data-end=\"182\">Lloji:<\/strong> Soket p\u00ebr rel\u00e9 me 8 pin\u00eb, i p\u00ebrshtatsh\u00ebm p\u00ebr rel\u00e9 t\u00eb seris\u00eb SRM<br data-start=\"246\" data-end=\"249\" \/><strong data-start=\"249\" data-end=\"275\">Tension operativ (Ue):<\/strong> 250\u202fV AC<br data-start=\"284\" data-end=\"287\" data-is-only-node=\"\" \/><strong data-start=\"287\" data-end=\"301\">Frekuenca:<\/strong> 50\/60\u202fHz<br data-start=\"310\" data-end=\"313\" \/><strong data-start=\"313\" data-end=\"337\">Rryma nominale (Ie):<\/strong> 10\u202fA<br data-start=\"342\" data-end=\"345\" \/><strong data-start=\"345\" data-end=\"369\">Konfigurimi (Pol\u00ebt):<\/strong> 8 pin\u00eb<br data-start=\"376\" data-end=\"379\" \/><strong data-start=\"379\" data-end=\"392\">Mbrojtja:<\/strong> IP20<br data-start=\"397\" data-end=\"400\" \/><strong data-start=\"400\" data-end=\"423\">Materiali i trupit:<\/strong> Poliamid<br data-start=\"432\" data-end=\"435\" \/><strong data-start=\"435\" data-end=\"461\">Materiali i p\u00ebr\u00e7uesit:<\/strong> Aliazh bakri (Cu Alloy)<br data-start=\"485\" data-end=\"488\" \/><strong data-start=\"488\" data-end=\"498\">Pesha:<\/strong> 36\u202fg<\/p>","protected":false},"excerpt":{"rendered":"<p>Seria: SRM\u201108\u2011SOKLloji: Soket p\u00ebr rel\u00e9 me 8 pin\u00eb, i p\u00ebrshtatsh\u00ebm p\u00ebr rel\u00e9 t\u00eb seris\u00eb SRMTension operativ (Ue): 250\u202fV ACFrekuenca: 50\/60\u202fHzRryma nominale (Ie): 10\u202fAKonfigurimi (Pol\u00ebt): 8 pin\u00ebMbrojtja: IP20Materiali i trupit: PoliamidMateriali i p\u00ebr\u00e7uesit: Aliazh bakri (Cu Alloy)Pesha: 36\u202fg<\/p>","protected":false},"featured_media":4342,"comment_status":"open","ping_status":"closed","template":"","meta":{"_acf_changed":false},"product_brand":[],"product_cat":[78,42],"product_tag":[],"class_list":{"0":"post-4341","1":"product","2":"type-product","3":"status-publish","4":"has-post-thumbnail","6":"product_cat-mini-rl-ndermjetese","7":"product_cat-serite-industriale","9":"first","10":"instock","11":"shipping-taxable","12":"product-type-simple"},"acf":[],"_links":{"self":[{"href":"https:\/\/www.brikaelektrik.al\/al\/wp-json\/wp\/v2\/product\/4341","targetHints":{"allow":["GET"]}}],"collection":[{"href":"https:\/\/www.brikaelektrik.al\/al\/wp-json\/wp\/v2\/product"}],"about":[{"href":"https:\/\/www.brikaelektrik.al\/al\/wp-json\/wp\/v2\/types\/product"}],"replies":[{"embeddable":true,"href":"https:\/\/www.brikaelektrik.al\/al\/wp-json\/wp\/v2\/comments?post=4341"}],"wp:featuredmedia":[{"embeddable":true,"href":"https:\/\/www.brikaelektrik.al\/al\/wp-json\/wp\/v2\/media\/4342"}],"wp:attachment":[{"href":"https:\/\/www.brikaelektrik.al\/al\/wp-json\/wp\/v2\/media?parent=4341"}],"wp:term":[{"taxonomy":"product_brand","embeddable":true,"href":"https:\/\/www.brikaelektrik.al\/al\/wp-json\/wp\/v2\/product_brand?post=4341"},{"taxonomy":"product_cat","embeddable":true,"href":"https:\/\/www.brikaelektrik.al\/al\/wp-json\/wp\/v2\/product_cat?post=4341"},{"taxonomy":"product_tag","embeddable":true,"href":"https:\/\/www.brikaelektrik.al\/al\/wp-json\/wp\/v2\/product_tag?post=4341"}],"curies":[{"name":"wp","href":"https:\/\/api.w.org\/{rel}","templated":true}]}}