{"id":4355,"date":"2025-09-05T14:22:38","date_gmt":"2025-09-05T14:22:38","guid":{"rendered":"https:\/\/www.brikaelektrik.al\/?post_type=product&#038;p=4355"},"modified":"2025-09-05T14:22:38","modified_gmt":"2025-09-05T14:22:38","slug":"mini-rl-ndermjetese-2-kontakte-8pin-48v-ac","status":"publish","type":"product","link":"https:\/\/www.brikaelektrik.al\/al\/produkt\/mini-rl-ndermjetese-2-kontakte-8pin-48v-ac\/","title":{"rendered":"MINI RL ND\u00cbRMJET\u00cbSE 2 KONTAKTE 8PIN 48V AC"},"content":{"rendered":"<p><strong data-start=\"222\" data-end=\"232\">Seria:<\/strong> SRM\u201108\u2011048\u2011AC<br data-start=\"246\" data-end=\"249\" \/><strong data-start=\"249\" data-end=\"259\">Lloji:<\/strong> Rele p\u00ebr p\u00ebrdorim t\u00eb p\u00ebrgjithsh\u00ebm, 8-pin, 2 kontakte, 5\u202fA<br data-start=\"317\" data-end=\"320\" \/><strong data-start=\"320\" data-end=\"346\">Tension operativ (Ue):<\/strong> 48\u202fV\u202fAC (nominal)<br data-start=\"385\" data-end=\"388\" \/><strong data-start=\"388\" data-end=\"412\">Rryma nominale (Ie):<\/strong> 5\u202fA @\u202f250\u202fVAC \/ 30\u202fV\u202fDC<br data-start=\"436\" data-end=\"439\" \/><strong data-start=\"439\" data-end=\"463\">Konfigurimi (Pol\u00ebt):<\/strong> 8 pin\u00eb, kontakt konfigurim 2Z \/ 2H \/ 2D<\/p>","protected":false},"excerpt":{"rendered":"<p>Seria: SRM\u201108\u2011048\u2011ACLloji: Rele p\u00ebr p\u00ebrdorim t\u00eb p\u00ebrgjithsh\u00ebm, 8-pin, 2 kontakte, 5\u202fATension operativ (Ue): 48\u202fV\u202fAC (nominal)Rryma nominale (Ie): 5\u202fA @\u202f250\u202fVAC \/ 30\u202fV\u202fDCKonfigurimi (Pol\u00ebt): 8 pin\u00eb, kontakt konfigurim 2Z \/ 2H \/ 2D<\/p>","protected":false},"featured_media":4356,"comment_status":"open","ping_status":"closed","template":"","meta":{"_acf_changed":false},"product_brand":[],"product_cat":[78,42],"product_tag":[],"class_list":{"0":"post-4355","1":"product","2":"type-product","3":"status-publish","4":"has-post-thumbnail","6":"product_cat-mini-rl-ndermjetese","7":"product_cat-serite-industriale","9":"first","10":"instock","11":"shipping-taxable","12":"product-type-simple"},"acf":[],"_links":{"self":[{"href":"https:\/\/www.brikaelektrik.al\/al\/wp-json\/wp\/v2\/product\/4355","targetHints":{"allow":["GET"]}}],"collection":[{"href":"https:\/\/www.brikaelektrik.al\/al\/wp-json\/wp\/v2\/product"}],"about":[{"href":"https:\/\/www.brikaelektrik.al\/al\/wp-json\/wp\/v2\/types\/product"}],"replies":[{"embeddable":true,"href":"https:\/\/www.brikaelektrik.al\/al\/wp-json\/wp\/v2\/comments?post=4355"}],"wp:featuredmedia":[{"embeddable":true,"href":"https:\/\/www.brikaelektrik.al\/al\/wp-json\/wp\/v2\/media\/4356"}],"wp:attachment":[{"href":"https:\/\/www.brikaelektrik.al\/al\/wp-json\/wp\/v2\/media?parent=4355"}],"wp:term":[{"taxonomy":"product_brand","embeddable":true,"href":"https:\/\/www.brikaelektrik.al\/al\/wp-json\/wp\/v2\/product_brand?post=4355"},{"taxonomy":"product_cat","embeddable":true,"href":"https:\/\/www.brikaelektrik.al\/al\/wp-json\/wp\/v2\/product_cat?post=4355"},{"taxonomy":"product_tag","embeddable":true,"href":"https:\/\/www.brikaelektrik.al\/al\/wp-json\/wp\/v2\/product_tag?post=4355"}],"curies":[{"name":"wp","href":"https:\/\/api.w.org\/{rel}","templated":true}]}}