{"id":4359,"date":"2025-09-05T14:25:22","date_gmt":"2025-09-05T14:25:22","guid":{"rendered":"https:\/\/www.brikaelektrik.al\/?post_type=product&#038;p=4359"},"modified":"2025-09-07T21:37:35","modified_gmt":"2025-09-07T21:37:35","slug":"mini-rl-ndermjetese-2-kontakte-8pin-48v-dc","status":"publish","type":"product","link":"https:\/\/www.brikaelektrik.al\/al\/produkt\/mini-rl-ndermjetese-2-kontakte-8pin-48v-dc\/","title":{"rendered":"MINI RL ND\u00cbRMJET\u00cbSE 2 KONTAKTE 8PIN 48V DC"},"content":{"rendered":"<p><strong data-start=\"242\" data-end=\"252\">Seria:<\/strong> SRM\u201108\u2011048\u2011DC<br data-start=\"266\" data-end=\"269\" \/><strong data-start=\"269\" data-end=\"279\">Lloji:<\/strong> Rele p\u00ebr p\u00ebrdorim t\u00eb p\u00ebrgjithsh\u00ebm, 8-pin, 2 kontakte, 5\u202fA<br data-start=\"337\" data-end=\"340\" \/><strong data-start=\"340\" data-end=\"366\">Tension operativ (Ue):<\/strong> 48\u202fV DC (nominal)<br data-start=\"405\" data-end=\"408\" \/><strong data-start=\"408\" data-end=\"432\">Rryma nominale (Ie):<\/strong> 5\u202fA @\u202f250\u202fVAC \/ 3\u202fA @\u202f250\u202fVAC (kontakt kapacitet)<br data-start=\"482\" data-end=\"485\" \/><strong data-start=\"485\" data-end=\"509\">Konfigurimi (Pol\u00ebt):<\/strong> 8 pin\u00eb, form\u00eb kontakti 2Z \/ 2H \/ 2D<\/p>","protected":false},"excerpt":{"rendered":"<p>Seria: SRM\u201108\u2011048\u2011DCLloji: Rele p\u00ebr p\u00ebrdorim t\u00eb p\u00ebrgjithsh\u00ebm, 8-pin, 2 kontakte, 5\u202fATension operativ (Ue): 48\u202fV DC (nominal)Rryma nominale (Ie): 5\u202fA @\u202f250\u202fVAC \/ 3\u202fA @\u202f250\u202fVAC (kontakt kapacitet)Konfigurimi (Pol\u00ebt): 8 pin\u00eb, form\u00eb kontakti 2Z \/ 2H \/ 2D<\/p>","protected":false},"featured_media":4360,"comment_status":"open","ping_status":"closed","template":"","meta":{"_acf_changed":false},"product_brand":[],"product_cat":[78,42],"product_tag":[],"class_list":{"0":"post-4359","1":"product","2":"type-product","3":"status-publish","4":"has-post-thumbnail","6":"product_cat-mini-rl-ndermjetese","7":"product_cat-serite-industriale","9":"first","10":"instock","11":"shipping-taxable","12":"product-type-simple"},"acf":[],"_links":{"self":[{"href":"https:\/\/www.brikaelektrik.al\/al\/wp-json\/wp\/v2\/product\/4359","targetHints":{"allow":["GET"]}}],"collection":[{"href":"https:\/\/www.brikaelektrik.al\/al\/wp-json\/wp\/v2\/product"}],"about":[{"href":"https:\/\/www.brikaelektrik.al\/al\/wp-json\/wp\/v2\/types\/product"}],"replies":[{"embeddable":true,"href":"https:\/\/www.brikaelektrik.al\/al\/wp-json\/wp\/v2\/comments?post=4359"}],"wp:featuredmedia":[{"embeddable":true,"href":"https:\/\/www.brikaelektrik.al\/al\/wp-json\/wp\/v2\/media\/4360"}],"wp:attachment":[{"href":"https:\/\/www.brikaelektrik.al\/al\/wp-json\/wp\/v2\/media?parent=4359"}],"wp:term":[{"taxonomy":"product_brand","embeddable":true,"href":"https:\/\/www.brikaelektrik.al\/al\/wp-json\/wp\/v2\/product_brand?post=4359"},{"taxonomy":"product_cat","embeddable":true,"href":"https:\/\/www.brikaelektrik.al\/al\/wp-json\/wp\/v2\/product_cat?post=4359"},{"taxonomy":"product_tag","embeddable":true,"href":"https:\/\/www.brikaelektrik.al\/al\/wp-json\/wp\/v2\/product_tag?post=4359"}],"curies":[{"name":"wp","href":"https:\/\/api.w.org\/{rel}","templated":true}]}}