{"id":4365,"date":"2025-09-08T08:55:57","date_gmt":"2025-09-08T08:55:57","guid":{"rendered":"https:\/\/www.brikaelektrik.al\/?post_type=product&#038;p=4365"},"modified":"2025-09-08T08:59:35","modified_gmt":"2025-09-08T08:59:35","slug":"salvomotorr-37-50a","status":"publish","type":"product","link":"https:\/\/www.brikaelektrik.al\/al\/produkt\/salvomotorr-37-50a\/","title":{"rendered":"SALVOMOTORR 37-50A"},"content":{"rendered":"<p data-start=\"252\" data-end=\"733\"><strong data-start=\"252\" data-end=\"261\">Seria<\/strong>: TeSys\u202fGV3<br data-start=\"272\" data-end=\"275\" \/><strong data-start=\"275\" data-end=\"284\">Lloji<\/strong>: Motor circuit breaker (MPCB), i tipit termomagnetik, 3 faza (3P)<br data-start=\"350\" data-end=\"353\" \/><strong data-start=\"353\" data-end=\"378\">Tension operativ (Ue)<\/strong>: 230\u2013690\u202fV\u202fAC<br data-start=\"392\" data-end=\"395\" \/><strong data-start=\"395\" data-end=\"418\">Rryma nominale (Ie)<\/strong>: 37\u201350\u202fA (e rregullueshme)<br data-start=\"445\" data-end=\"448\" \/><strong data-start=\"448\" data-end=\"461\">Frekuenca<\/strong>: 50\/60\u202fHz<br data-start=\"471\" data-end=\"474\" \/><strong data-start=\"474\" data-end=\"497\" data-is-only-node=\"\">Konfigurimi (Pol\u00ebt)<\/strong>: 3P (tre faza)<br data-start=\"512\" data-end=\"515\" \/><strong data-start=\"515\" data-end=\"527\">Mbrojtja<\/strong>: IP20, IK09<br data-start=\"539\" data-end=\"542\" \/><strong data-start=\"542\" data-end=\"564\">Materiali i trupit<\/strong>: (Jo i specifikuar n\u00eb burimet zyrtare)<br data-start=\"603\" data-end=\"606\" \/><strong data-start=\"606\" data-end=\"631\">Materiali i p\u00ebr\u00e7uesit<\/strong>: (Jo i specifikuar)<br data-start=\"651\" data-end=\"654\" \/><strong data-start=\"654\" data-end=\"663\">Pesha<\/strong>: ~0,96\u202fkg<\/p>","protected":false},"excerpt":{"rendered":"<p>Seria: TeSys\u202fGV3Lloji: Motor circuit breaker (MPCB), i tipit termomagnetik, 3 faza (3P)Tension operativ (Ue): 230\u2013690\u202fV\u202fACRryma nominale (Ie): 37\u201350\u202fA (e rregullueshme)Frekuenca: 50\/60\u202fHzKonfigurimi (Pol\u00ebt): 3P (tre faza)Mbrojtja: IP20, IK09Materiali i trupit: (Jo i specifikuar n\u00eb burimet zyrtare)Materiali i p\u00ebr\u00e7uesit: (Jo i specifikuar)Pesha: ~0,96\u202fkg<\/p>","protected":false},"featured_media":4366,"comment_status":"open","ping_status":"closed","template":"","meta":{"_acf_changed":false},"product_brand":[],"product_cat":[86,43],"product_tag":[],"class_list":{"0":"post-4365","1":"product","2":"type-product","3":"status-publish","4":"has-post-thumbnail","6":"product_cat-salvomotorra","7":"product_cat-panele-automatizimi-dhe-shperndarje","9":"first","10":"instock","11":"shipping-taxable","12":"product-type-simple"},"acf":[],"_links":{"self":[{"href":"https:\/\/www.brikaelektrik.al\/al\/wp-json\/wp\/v2\/product\/4365","targetHints":{"allow":["GET"]}}],"collection":[{"href":"https:\/\/www.brikaelektrik.al\/al\/wp-json\/wp\/v2\/product"}],"about":[{"href":"https:\/\/www.brikaelektrik.al\/al\/wp-json\/wp\/v2\/types\/product"}],"replies":[{"embeddable":true,"href":"https:\/\/www.brikaelektrik.al\/al\/wp-json\/wp\/v2\/comments?post=4365"}],"wp:featuredmedia":[{"embeddable":true,"href":"https:\/\/www.brikaelektrik.al\/al\/wp-json\/wp\/v2\/media\/4366"}],"wp:attachment":[{"href":"https:\/\/www.brikaelektrik.al\/al\/wp-json\/wp\/v2\/media?parent=4365"}],"wp:term":[{"taxonomy":"product_brand","embeddable":true,"href":"https:\/\/www.brikaelektrik.al\/al\/wp-json\/wp\/v2\/product_brand?post=4365"},{"taxonomy":"product_cat","embeddable":true,"href":"https:\/\/www.brikaelektrik.al\/al\/wp-json\/wp\/v2\/product_cat?post=4365"},{"taxonomy":"product_tag","embeddable":true,"href":"https:\/\/www.brikaelektrik.al\/al\/wp-json\/wp\/v2\/product_tag?post=4365"}],"curies":[{"name":"wp","href":"https:\/\/api.w.org\/{rel}","templated":true}]}}