{"id":4372,"date":"2025-09-08T09:10:54","date_gmt":"2025-09-08T09:10:54","guid":{"rendered":"https:\/\/www.brikaelektrik.al\/?post_type=product&#038;p=4372"},"modified":"2025-09-08T09:10:54","modified_gmt":"2025-09-08T09:10:54","slug":"salvomotorr-48-65a","status":"publish","type":"product","link":"https:\/\/www.brikaelektrik.al\/al\/produkt\/salvomotorr-48-65a\/","title":{"rendered":"SALVOMOTORR 48-65A"},"content":{"rendered":"<p><strong data-start=\"117\" data-end=\"126\">Seria<\/strong>: GV3<br data-start=\"131\" data-end=\"134\" \/><strong data-start=\"134\" data-end=\"143\" data-is-only-node=\"\">Lloji<\/strong>: Motor circuit breaker (mbrojt\u00ebs motorik termomagnetik)<br data-start=\"199\" data-end=\"202\" \/><strong data-start=\"202\" data-end=\"227\">Tension operativ (Ue)<\/strong>: 690 V AC<br data-start=\"237\" data-end=\"240\" \/><strong data-start=\"240\" data-end=\"253\">Frekuenca<\/strong>: 50\/60 Hz<br data-start=\"263\" data-end=\"266\" \/><strong data-start=\"266\" data-end=\"289\">Rryma nominale (Ie)<\/strong>: 65 A<br data-start=\"295\" data-end=\"298\" \/><strong data-start=\"298\" data-end=\"321\">Konfigurimi (Pol\u00ebt)<\/strong>: 3P<br data-start=\"325\" data-end=\"328\" \/><strong data-start=\"328\" data-end=\"340\">Mbrojtja<\/strong>: IP20<br data-start=\"346\" data-end=\"349\" \/><strong data-start=\"349\" data-end=\"381\">Kapacitet nd\u00ebrprerjeje (Icu)<\/strong>: 50 kA @ 400 V<br data-start=\"396\" data-end=\"399\" \/><strong data-start=\"399\" data-end=\"409\">Montim<\/strong>: DIN rail 35 mm ose montim n\u00eb panel<br data-start=\"445\" data-end=\"448\" \/><strong data-start=\"448\" data-end=\"460\">Kontroll<\/strong>: Buton ON\/OFF<br data-start=\"474\" data-end=\"477\" \/><strong data-start=\"477\" data-end=\"491\">Standardet<\/strong>: IEC 60947-1, IEC 60947-2, IEC 60947-4-1; UL; CSA; CCC; EAC; Marine<\/p>","protected":false},"excerpt":{"rendered":"<p>Seria: GV3Lloji: Motor circuit breaker (mbrojt\u00ebs motorik termomagnetik)Tension operativ (Ue): 690 V ACFrekuenca: 50\/60 HzRryma nominale (Ie): 65 AKonfigurimi (Pol\u00ebt): 3PMbrojtja: IP20Kapacitet nd\u00ebrprerjeje (Icu): 50 kA @ 400 VMontim: DIN rail 35 mm ose montim n\u00eb panelKontroll: Buton ON\/OFFStandardet: IEC 60947-1, IEC 60947-2, IEC 60947-4-1; UL; CSA; CCC; EAC; Marine<\/p>","protected":false},"featured_media":4373,"comment_status":"open","ping_status":"closed","template":"","meta":{"_acf_changed":false},"product_brand":[],"product_cat":[86,43],"product_tag":[],"class_list":{"0":"post-4372","1":"product","2":"type-product","3":"status-publish","4":"has-post-thumbnail","6":"product_cat-salvomotorra","7":"product_cat-panele-automatizimi-dhe-shperndarje","9":"first","10":"instock","11":"shipping-taxable","12":"product-type-simple"},"acf":[],"_links":{"self":[{"href":"https:\/\/www.brikaelektrik.al\/al\/wp-json\/wp\/v2\/product\/4372","targetHints":{"allow":["GET"]}}],"collection":[{"href":"https:\/\/www.brikaelektrik.al\/al\/wp-json\/wp\/v2\/product"}],"about":[{"href":"https:\/\/www.brikaelektrik.al\/al\/wp-json\/wp\/v2\/types\/product"}],"replies":[{"embeddable":true,"href":"https:\/\/www.brikaelektrik.al\/al\/wp-json\/wp\/v2\/comments?post=4372"}],"wp:featuredmedia":[{"embeddable":true,"href":"https:\/\/www.brikaelektrik.al\/al\/wp-json\/wp\/v2\/media\/4373"}],"wp:attachment":[{"href":"https:\/\/www.brikaelektrik.al\/al\/wp-json\/wp\/v2\/media?parent=4372"}],"wp:term":[{"taxonomy":"product_brand","embeddable":true,"href":"https:\/\/www.brikaelektrik.al\/al\/wp-json\/wp\/v2\/product_brand?post=4372"},{"taxonomy":"product_cat","embeddable":true,"href":"https:\/\/www.brikaelektrik.al\/al\/wp-json\/wp\/v2\/product_cat?post=4372"},{"taxonomy":"product_tag","embeddable":true,"href":"https:\/\/www.brikaelektrik.al\/al\/wp-json\/wp\/v2\/product_tag?post=4372"}],"curies":[{"name":"wp","href":"https:\/\/api.w.org\/{rel}","templated":true}]}}