{"id":4375,"date":"2025-09-08T09:14:09","date_gmt":"2025-09-08T09:14:09","guid":{"rendered":"https:\/\/www.brikaelektrik.al\/?post_type=product&#038;p=4375"},"modified":"2025-09-08T09:14:09","modified_gmt":"2025-09-08T09:14:09","slug":"salvomotorr-30-40a","status":"publish","type":"product","link":"https:\/\/www.brikaelektrik.al\/al\/produkt\/salvomotorr-30-40a\/","title":{"rendered":"SALVOMOTORR 30-40A"},"content":{"rendered":"<p><strong data-start=\"107\" data-end=\"116\">Seria<\/strong>: GV3<br data-start=\"121\" data-end=\"124\" \/><strong data-start=\"124\" data-end=\"133\" data-is-only-node=\"\">Lloji<\/strong>: Motor circuit breaker (mbrojt\u00ebs motorik termomagnetik)<br data-start=\"189\" data-end=\"192\" \/><strong data-start=\"192\" data-end=\"217\">Tension operativ (Ue)<\/strong>: 690 V AC<br data-start=\"227\" data-end=\"230\" \/><strong data-start=\"230\" data-end=\"243\">Frekuenca<\/strong>: 50\/60 Hz<br data-start=\"253\" data-end=\"256\" \/><strong data-start=\"256\" data-end=\"279\">Rryma nominale (Ie)<\/strong>: 40 A<br data-start=\"285\" data-end=\"288\" \/><strong data-start=\"288\" data-end=\"311\">Konfigurimi (Pol\u00ebt)<\/strong>: 3P<br data-start=\"315\" data-end=\"318\" \/><strong data-start=\"318\" data-end=\"330\">Mbrojtja<\/strong>: IP20<br data-start=\"336\" data-end=\"339\" \/><strong data-start=\"339\" data-end=\"371\">Kapacitet nd\u00ebrprerjeje (Icu)<\/strong>: 50 kA @ 400 V<br data-start=\"386\" data-end=\"389\" \/><strong data-start=\"389\" data-end=\"399\">Montim<\/strong>: Shina DIN 35 mm ose n\u00eb panel<br data-start=\"429\" data-end=\"432\" \/><strong data-start=\"432\" data-end=\"444\">Kontroll<\/strong>: Buton ON\/OFF<br data-start=\"458\" data-end=\"461\" \/><strong data-start=\"461\" data-end=\"475\">Standardet<\/strong>: IEC 60947-1, IEC 60947-2, IEC 60947-4-1; UL; CSA; CCC; EAC; Marine<\/p>","protected":false},"excerpt":{"rendered":"<p>Seria: GV3Lloji: Motor circuit breaker (mbrojt\u00ebs motorik termomagnetik)Tension operativ (Ue): 690 V ACFrekuenca: 50\/60 HzRryma nominale (Ie): 40 AKonfigurimi (Pol\u00ebt): 3PMbrojtja: IP20Kapacitet nd\u00ebrprerjeje (Icu): 50 kA @ 400 VMontim: Shina DIN 35 mm ose n\u00eb panelKontroll: Buton ON\/OFFStandardet: IEC 60947-1, IEC 60947-2, IEC 60947-4-1; UL; CSA; CCC; EAC; Marine<\/p>","protected":false},"featured_media":4376,"comment_status":"open","ping_status":"closed","template":"","meta":{"_acf_changed":false},"product_brand":[],"product_cat":[86,43],"product_tag":[],"class_list":{"0":"post-4375","1":"product","2":"type-product","3":"status-publish","4":"has-post-thumbnail","6":"product_cat-salvomotorra","7":"product_cat-panele-automatizimi-dhe-shperndarje","9":"first","10":"instock","11":"shipping-taxable","12":"product-type-simple"},"acf":[],"_links":{"self":[{"href":"https:\/\/www.brikaelektrik.al\/al\/wp-json\/wp\/v2\/product\/4375","targetHints":{"allow":["GET"]}}],"collection":[{"href":"https:\/\/www.brikaelektrik.al\/al\/wp-json\/wp\/v2\/product"}],"about":[{"href":"https:\/\/www.brikaelektrik.al\/al\/wp-json\/wp\/v2\/types\/product"}],"replies":[{"embeddable":true,"href":"https:\/\/www.brikaelektrik.al\/al\/wp-json\/wp\/v2\/comments?post=4375"}],"wp:featuredmedia":[{"embeddable":true,"href":"https:\/\/www.brikaelektrik.al\/al\/wp-json\/wp\/v2\/media\/4376"}],"wp:attachment":[{"href":"https:\/\/www.brikaelektrik.al\/al\/wp-json\/wp\/v2\/media?parent=4375"}],"wp:term":[{"taxonomy":"product_brand","embeddable":true,"href":"https:\/\/www.brikaelektrik.al\/al\/wp-json\/wp\/v2\/product_brand?post=4375"},{"taxonomy":"product_cat","embeddable":true,"href":"https:\/\/www.brikaelektrik.al\/al\/wp-json\/wp\/v2\/product_cat?post=4375"},{"taxonomy":"product_tag","embeddable":true,"href":"https:\/\/www.brikaelektrik.al\/al\/wp-json\/wp\/v2\/product_tag?post=4375"}],"curies":[{"name":"wp","href":"https:\/\/api.w.org\/{rel}","templated":true}]}}