{"id":4408,"date":"2025-09-08T09:59:47","date_gmt":"2025-09-08T09:59:47","guid":{"rendered":"https:\/\/www.brikaelektrik.al\/?post_type=product&#038;p=4408"},"modified":"2025-09-08T09:59:47","modified_gmt":"2025-09-08T09:59:47","slug":"kontakt-ndihmes-anesor-lateral-2no2nc-per-salvomotorr","status":"publish","type":"product","link":"https:\/\/www.brikaelektrik.al\/al\/produkt\/kontakt-ndihmes-anesor-lateral-2no2nc-per-salvomotorr\/","title":{"rendered":"KONTAKT NDIHM\u00cbS AN\u00cbSOR LATERAL 2NO+2NC P\u00cbR SALVOMOTORR"},"content":{"rendered":"<p>Seria: TeSys\u202fGV2 \/ GV3<br data-start=\"1774\" data-end=\"1777\" \/>Lloji: Bllok kontakti ndihm\u00ebs, montim an\u00ebsor, 2\u202fNO + 2\u202fNC<br data-start=\"1834\" data-end=\"1837\" \/>Tension operativ (Ue): 24\u2013240\u202fV\u202fAC \/ DC<br data-start=\"1876\" data-end=\"1879\" \/>Tension izolimi (Ui): 690\u202fV (IEC) \/ 300\u202fV (UL\/CSA)<br data-start=\"1929\" data-end=\"1932\" \/>Rryma nominale (Ie): 6\u202fA<br data-start=\"1956\" data-end=\"1959\" \/>Konfigurimi (Pol\u00ebt): 2\u202fNO + 2\u202fNC<br data-start=\"1991\" data-end=\"1994\" \/>Durabiliteti mekanik: 100\u202f000 cikle<br data-start=\"2029\" data-end=\"2032\" \/>Tension minimal p\u00ebr aktivizim: 5\u202fmA @\u202f17\u202fV<br data-start=\"2074\" data-end=\"2077\" \/>Dimensionet: 9,3\u202fmm \u00d7\u202f89\u202fmm \u00d7\u202f66\u202fmm (W\u00d7H\u00d7D)<br data-start=\"2120\" data-end=\"2123\" \/>Pesha: 55\u202fg<br data-start=\"2134\" data-end=\"2137\" \/>Montim: N\u00eb an\u00ebn e majt\u00eb, me vid\u00eb (screw clamp)<br data-start=\"2183\" data-end=\"2186\" \/>Kompatibilitet: GV2ME, GV2RT, GV3P, GV3L etj.<br data-start=\"2231\" data-end=\"2234\" \/>Standardet: IEC, UL, CSA, CCC, EAC; Green Premium (RoHS\/REACH)<\/p>","protected":false},"excerpt":{"rendered":"<p>Seria: TeSys\u202fGV2 \/ GV3Lloji: Bllok kontakti ndihm\u00ebs, montim an\u00ebsor, 2\u202fNO + 2\u202fNCTension operativ (Ue): 24\u2013240\u202fV\u202fAC \/ DCTension izolimi (Ui): 690\u202fV (IEC) \/ 300\u202fV (UL\/CSA)Rryma nominale (Ie): 6\u202fAKonfigurimi (Pol\u00ebt): 2\u202fNO + 2\u202fNCDurabiliteti mekanik: 100\u202f000 cikleTension minimal p\u00ebr aktivizim: 5\u202fmA @\u202f17\u202fVDimensionet: 9,3\u202fmm \u00d7\u202f89\u202fmm \u00d7\u202f66\u202fmm (W\u00d7H\u00d7D)Pesha: 55\u202fgMontim: N\u00eb an\u00ebn e majt\u00eb, me vid\u00eb (screw clamp)Kompatibilitet: GV2ME, GV2RT, GV3P, [&hellip;]<\/p>","protected":false},"featured_media":4409,"comment_status":"open","ping_status":"closed","template":"","meta":{"_acf_changed":false},"product_brand":[],"product_cat":[86,43],"product_tag":[],"class_list":{"0":"post-4408","1":"product","2":"type-product","3":"status-publish","4":"has-post-thumbnail","6":"product_cat-salvomotorra","7":"product_cat-panele-automatizimi-dhe-shperndarje","9":"first","10":"instock","11":"shipping-taxable","12":"product-type-simple"},"acf":[],"_links":{"self":[{"href":"https:\/\/www.brikaelektrik.al\/al\/wp-json\/wp\/v2\/product\/4408","targetHints":{"allow":["GET"]}}],"collection":[{"href":"https:\/\/www.brikaelektrik.al\/al\/wp-json\/wp\/v2\/product"}],"about":[{"href":"https:\/\/www.brikaelektrik.al\/al\/wp-json\/wp\/v2\/types\/product"}],"replies":[{"embeddable":true,"href":"https:\/\/www.brikaelektrik.al\/al\/wp-json\/wp\/v2\/comments?post=4408"}],"wp:featuredmedia":[{"embeddable":true,"href":"https:\/\/www.brikaelektrik.al\/al\/wp-json\/wp\/v2\/media\/4409"}],"wp:attachment":[{"href":"https:\/\/www.brikaelektrik.al\/al\/wp-json\/wp\/v2\/media?parent=4408"}],"wp:term":[{"taxonomy":"product_brand","embeddable":true,"href":"https:\/\/www.brikaelektrik.al\/al\/wp-json\/wp\/v2\/product_brand?post=4408"},{"taxonomy":"product_cat","embeddable":true,"href":"https:\/\/www.brikaelektrik.al\/al\/wp-json\/wp\/v2\/product_cat?post=4408"},{"taxonomy":"product_tag","embeddable":true,"href":"https:\/\/www.brikaelektrik.al\/al\/wp-json\/wp\/v2\/product_tag?post=4408"}],"curies":[{"name":"wp","href":"https:\/\/api.w.org\/{rel}","templated":true}]}}