{"id":4411,"date":"2025-09-08T10:03:05","date_gmt":"2025-09-08T10:03:05","guid":{"rendered":"https:\/\/www.brikaelektrik.al\/?post_type=product&#038;p=4411"},"modified":"2025-09-08T10:03:05","modified_gmt":"2025-09-08T10:03:05","slug":"kontakt-ballor-salvomotorri-1no-1nc","status":"publish","type":"product","link":"https:\/\/www.brikaelektrik.al\/al\/produkt\/kontakt-ballor-salvomotorri-1no-1nc\/","title":{"rendered":"KONTAKT BALLOR SALVOMOTORRI 1NO 1NC"},"content":{"rendered":"<p><strong data-start=\"97\" data-end=\"106\">Seria<\/strong>: TeSys GV2 \/ GV3<br data-start=\"123\" data-end=\"126\" \/><strong data-start=\"126\" data-end=\"135\">Lloji<\/strong>: Bllok kontakti ndihm\u00ebs, montim n\u00eb pjes\u00ebn e p\u00ebrparme, 1\u202fNO + 1\u202fNC<br data-start=\"201\" data-end=\"204\" \/><strong data-start=\"204\" data-end=\"229\">Tension operativ (Ue)<\/strong>: 24\u2013240\u202fV\u202fAC \/ DC<br data-start=\"247\" data-end=\"250\" data-is-only-node=\"\" \/><strong data-start=\"250\" data-end=\"273\">Rryma nominale (Ie)<\/strong>: 2\u202fA\u202fAC \/ 1\u202fA\u202fDC<br data-start=\"290\" data-end=\"293\" \/><strong data-start=\"293\" data-end=\"316\">Konfigurimi (Pol\u00ebt)<\/strong>: 1\u202fNO + 1\u202fNC (kontakt i menj\u00ebhersh\u00ebm)<br data-start=\"354\" data-end=\"357\" \/><strong data-start=\"357\" data-end=\"369\">Mbrojtja<\/strong>: IP20<br data-start=\"375\" data-end=\"378\" \/><strong data-start=\"378\" data-end=\"400\">Materiali i trupit<\/strong>: Poliamid\u202f6<br data-start=\"412\" data-end=\"415\" \/><strong data-start=\"415\" data-end=\"440\">Materiali i p\u00ebr\u00e7uesit<\/strong>: MS\u202f58 (Bronz i klas\u00ebs MS\u202f58)<br data-start=\"470\" data-end=\"473\" \/><strong data-start=\"473\" data-end=\"482\">Pesha<\/strong>: 55\u202fg<br data-start=\"488\" data-end=\"491\" \/><strong data-start=\"491\" data-end=\"515\">Durabiliteti mekanik<\/strong>: 100\u202f000 cikle<br data-start=\"530\" data-end=\"533\" \/><strong data-start=\"533\" data-end=\"566\">Tension minimal p\u00ebr aktivizim<\/strong>: 5\u202fmA @\u202f17\u202fV<br data-start=\"579\" data-end=\"582\" \/><strong data-start=\"582\" data-end=\"597\">Dimensionet<\/strong>: Gjer\u00ebsia: 9,3\u202fmm; Lart\u00ebsia: 89\u202fmm; Thell\u00ebsia: 66\u202fmm<br data-start=\"650\" data-end=\"653\" \/><strong data-start=\"653\" data-end=\"663\">Montim<\/strong>: Montim n\u00eb pjes\u00ebn e p\u00ebrparme t\u00eb bllokut kryesor, lidhje me vid\u00eb (screw clamp terminals)<br data-start=\"751\" data-end=\"754\" \/><strong data-start=\"754\" data-end=\"773\">Kompatibiliteti<\/strong>: P\u00ebrdoret me starter\u00ebt manual\u00eb TeSys GV2 dhe GV3<br data-start=\"822\" data-end=\"825\" \/><strong data-start=\"825\" data-end=\"854\">Standardet \/ Certifikimet<\/strong>: IEC\u202f60947-5-1, UL\u202f508, CSA\u202fC22.2\u202fNo\u202f14, RoHS, REACH, Green Premium<\/p>","protected":false},"excerpt":{"rendered":"<p>Seria: TeSys GV2 \/ GV3Lloji: Bllok kontakti ndihm\u00ebs, montim n\u00eb pjes\u00ebn e p\u00ebrparme, 1\u202fNO + 1\u202fNCTension operativ (Ue): 24\u2013240\u202fV\u202fAC \/ DCRryma nominale (Ie): 2\u202fA\u202fAC \/ 1\u202fA\u202fDCKonfigurimi (Pol\u00ebt): 1\u202fNO + 1\u202fNC (kontakt i menj\u00ebhersh\u00ebm)Mbrojtja: IP20Materiali i trupit: Poliamid\u202f6Materiali i p\u00ebr\u00e7uesit: MS\u202f58 (Bronz i klas\u00ebs MS\u202f58)Pesha: 55\u202fgDurabiliteti mekanik: 100\u202f000 cikleTension minimal p\u00ebr aktivizim: 5\u202fmA @\u202f17\u202fVDimensionet: Gjer\u00ebsia: 9,3\u202fmm; [&hellip;]<\/p>","protected":false},"featured_media":4412,"comment_status":"open","ping_status":"closed","template":"","meta":{"_acf_changed":false},"product_brand":[],"product_cat":[86,43],"product_tag":[],"class_list":{"0":"post-4411","1":"product","2":"type-product","3":"status-publish","4":"has-post-thumbnail","6":"product_cat-salvomotorra","7":"product_cat-panele-automatizimi-dhe-shperndarje","9":"first","10":"instock","11":"shipping-taxable","12":"product-type-simple"},"acf":[],"_links":{"self":[{"href":"https:\/\/www.brikaelektrik.al\/al\/wp-json\/wp\/v2\/product\/4411","targetHints":{"allow":["GET"]}}],"collection":[{"href":"https:\/\/www.brikaelektrik.al\/al\/wp-json\/wp\/v2\/product"}],"about":[{"href":"https:\/\/www.brikaelektrik.al\/al\/wp-json\/wp\/v2\/types\/product"}],"replies":[{"embeddable":true,"href":"https:\/\/www.brikaelektrik.al\/al\/wp-json\/wp\/v2\/comments?post=4411"}],"wp:featuredmedia":[{"embeddable":true,"href":"https:\/\/www.brikaelektrik.al\/al\/wp-json\/wp\/v2\/media\/4412"}],"wp:attachment":[{"href":"https:\/\/www.brikaelektrik.al\/al\/wp-json\/wp\/v2\/media?parent=4411"}],"wp:term":[{"taxonomy":"product_brand","embeddable":true,"href":"https:\/\/www.brikaelektrik.al\/al\/wp-json\/wp\/v2\/product_brand?post=4411"},{"taxonomy":"product_cat","embeddable":true,"href":"https:\/\/www.brikaelektrik.al\/al\/wp-json\/wp\/v2\/product_cat?post=4411"},{"taxonomy":"product_tag","embeddable":true,"href":"https:\/\/www.brikaelektrik.al\/al\/wp-json\/wp\/v2\/product_tag?post=4411"}],"curies":[{"name":"wp","href":"https:\/\/api.w.org\/{rel}","templated":true}]}}