{"id":4419,"date":"2025-09-08T11:18:57","date_gmt":"2025-09-08T11:18:57","guid":{"rendered":"https:\/\/www.brikaelektrik.al\/?post_type=product&#038;p=4419"},"modified":"2025-09-08T11:18:57","modified_gmt":"2025-09-08T11:18:57","slug":"sahat-dritash-monofaze-modular-40a","status":"publish","type":"product","link":"https:\/\/www.brikaelektrik.al\/al\/produkt\/sahat-dritash-monofaze-modular-40a\/","title":{"rendered":"SAHAT DRITASH MONOFAZ\u00cb MODULAR 40A"},"content":{"rendered":"<p><strong data-start=\"136\" data-end=\"145\">Seria<\/strong>: Virone EM\u20112<br data-start=\"158\" data-end=\"161\" \/><strong data-start=\"161\" data-end=\"170\">Lloji<\/strong>: Mat\u00ebs energjie nj\u00ebfazor (indikator konsum energjie)<br data-start=\"223\" data-end=\"226\" \/><strong data-start=\"226\" data-end=\"251\" data-is-only-node=\"\">Tension operativ (Ue)<\/strong>: 230\u202fV\u202fAC, 50\u202fHz<br data-start=\"268\" data-end=\"271\" \/><strong data-start=\"271\" data-end=\"290\">Rryma baz\u00eb (Ib)<\/strong>: 5\u202fA<br data-start=\"295\" data-end=\"298\" \/><strong data-start=\"298\" data-end=\"324\">Rryma maksimale (Imax)<\/strong>: 40\u202fA<br data-start=\"330\" data-end=\"333\" \/><strong data-start=\"333\" data-end=\"358\">Rryma minimale (Imin)<\/strong>: 0,25\u202fA<br data-start=\"366\" data-end=\"369\" \/><strong data-start=\"369\" data-end=\"382\">Impulsion<\/strong>: 1000 imp\/kWh<br data-start=\"396\" data-end=\"399\" \/><strong data-start=\"399\" data-end=\"430\">Acurati \/ Klasa e sakt\u00ebsis\u00eb<\/strong>: Klasa B<br data-start=\"439\" data-end=\"442\" \/><strong data-start=\"442\" data-end=\"453\">Display<\/strong>: LCD 5+2 shifra (kWh)<br data-start=\"475\" data-end=\"478\" \/><strong data-start=\"478\" data-end=\"497\">LED sinjalizues<\/strong>: Tregon konsumin e energjis\u00eb n\u00eb koh\u00eb reale<br data-start=\"540\" data-end=\"543\" \/><strong data-start=\"543\" data-end=\"562\">Dalja impulsive<\/strong>: 12\u201327\u202fV, \u2264\u202f27\u202fmA, impuls \u2248\u202f90\u202fms<br data-start=\"596\" data-end=\"599\" \/><strong data-start=\"599\" data-end=\"614\">Dimensionet<\/strong>: 1 modul, montim n\u00eb shin\u00eb DIN TH\u201135\u202fmm<\/p>","protected":false},"excerpt":{"rendered":"<p>Seria: Virone EM\u20112Lloji: Mat\u00ebs energjie nj\u00ebfazor (indikator konsum energjie)Tension operativ (Ue): 230\u202fV\u202fAC, 50\u202fHzRryma baz\u00eb (Ib): 5\u202fARryma maksimale (Imax): 40\u202fARryma minimale (Imin): 0,25\u202fAImpulsion: 1000 imp\/kWhAcurati \/ Klasa e sakt\u00ebsis\u00eb: Klasa BDisplay: LCD 5+2 shifra (kWh)LED sinjalizues: Tregon konsumin e energjis\u00eb n\u00eb koh\u00eb realeDalja impulsive: 12\u201327\u202fV, \u2264\u202f27\u202fmA, impuls \u2248\u202f90\u202fmsDimensionet: 1 modul, montim n\u00eb shin\u00eb DIN TH\u201135\u202fmm<\/p>","protected":false},"featured_media":4422,"comment_status":"open","ping_status":"closed","template":"","meta":{"_acf_changed":false},"product_brand":[],"product_cat":[84,43],"product_tag":[],"class_list":{"0":"post-4419","1":"product","2":"type-product","3":"status-publish","4":"has-post-thumbnail","6":"product_cat-mates-energjie-smart","7":"product_cat-panele-automatizimi-dhe-shperndarje","9":"first","10":"instock","11":"shipping-taxable","12":"product-type-simple"},"acf":[],"_links":{"self":[{"href":"https:\/\/www.brikaelektrik.al\/al\/wp-json\/wp\/v2\/product\/4419","targetHints":{"allow":["GET"]}}],"collection":[{"href":"https:\/\/www.brikaelektrik.al\/al\/wp-json\/wp\/v2\/product"}],"about":[{"href":"https:\/\/www.brikaelektrik.al\/al\/wp-json\/wp\/v2\/types\/product"}],"replies":[{"embeddable":true,"href":"https:\/\/www.brikaelektrik.al\/al\/wp-json\/wp\/v2\/comments?post=4419"}],"wp:featuredmedia":[{"embeddable":true,"href":"https:\/\/www.brikaelektrik.al\/al\/wp-json\/wp\/v2\/media\/4422"}],"wp:attachment":[{"href":"https:\/\/www.brikaelektrik.al\/al\/wp-json\/wp\/v2\/media?parent=4419"}],"wp:term":[{"taxonomy":"product_brand","embeddable":true,"href":"https:\/\/www.brikaelektrik.al\/al\/wp-json\/wp\/v2\/product_brand?post=4419"},{"taxonomy":"product_cat","embeddable":true,"href":"https:\/\/www.brikaelektrik.al\/al\/wp-json\/wp\/v2\/product_cat?post=4419"},{"taxonomy":"product_tag","embeddable":true,"href":"https:\/\/www.brikaelektrik.al\/al\/wp-json\/wp\/v2\/product_tag?post=4419"}],"curies":[{"name":"wp","href":"https:\/\/api.w.org\/{rel}","templated":true}]}}