{"id":4455,"date":"2025-09-09T07:50:26","date_gmt":"2025-09-09T07:50:26","guid":{"rendered":"https:\/\/www.brikaelektrik.al\/?post_type=product&#038;p=4455"},"modified":"2025-09-09T07:50:26","modified_gmt":"2025-09-09T07:50:26","slug":"pulsant-kuadri-dysh-plastik-jeshilkuq","status":"publish","type":"product","link":"https:\/\/www.brikaelektrik.al\/al\/produkt\/pulsant-kuadri-dysh-plastik-jeshilkuq\/","title":{"rendered":"PULSANT KUADRI DYSH PLASTIK JESHIL+KUQ"},"content":{"rendered":"<p><strong data-start=\"169\" data-end=\"179\">Seria:<\/strong> PPB\u2011RG<br data-start=\"186\" data-end=\"189\" \/><strong data-start=\"189\" data-end=\"199\">Lloji:<\/strong> Buton On\/Off me sust\u00eb (return spring)<br data-start=\"237\" data-end=\"240\" \/><strong data-start=\"240\" data-end=\"266\">Tension operativ (Ue):<\/strong> 600\u202fV<br data-start=\"272\" data-end=\"275\" \/><strong data-start=\"275\" data-end=\"289\" data-is-only-node=\"\">Frekuenca:<\/strong> 50\u201360\u202fHz<br data-start=\"298\" data-end=\"301\" \/><strong data-start=\"301\" data-end=\"325\">Rryma nominale (Ie):<\/strong> 10\u202fA<br data-start=\"330\" data-end=\"333\" \/><strong data-start=\"333\" data-end=\"360\">Kategoria e p\u00ebrdorimit:<\/strong> AC\u201115, DC\u201113<br data-start=\"373\" data-end=\"376\" \/><strong data-start=\"376\" data-end=\"391\">Standardet:<\/strong> EN\u202f60947\u20111<br data-start=\"402\" data-end=\"405\" \/><strong data-start=\"405\" data-end=\"449\">Konfigurimi (Pol\u00ebt) \/ Kontakte ndihm\u00ebse:<\/strong> 1\u202fNO + 1\u202fNC<br data-start=\"461\" data-end=\"464\" \/><strong data-start=\"464\" data-end=\"477\">Kontakte:<\/strong> Buton i gjelb\u00ebr dhe i kuq, me kod PPB\u2011RG\u201112<br data-start=\"521\" data-end=\"524\" \/><strong data-start=\"524\" data-end=\"551\">Rezistenca e kontaktit:<\/strong> \u2264\u202f50\u202fm\u03a9<br data-start=\"559\" data-end=\"562\" \/><strong data-start=\"562\" data-end=\"598\">Moment shtr\u00ebngimi i rekomanduar:<\/strong> 0.9\u202fNm<br data-start=\"605\" data-end=\"608\" \/><strong data-start=\"608\" data-end=\"643\">P\u00ebrmasa e p\u00ebr\u00e7uesve (kabllove):<\/strong> 0.5\u20132.5\u202fmm\u00b2<br data-start=\"655\" data-end=\"658\" \/><strong data-start=\"658\" data-end=\"691\">Diametri i hapjes p\u00ebr montim:<\/strong> 22\u202fmm<br data-start=\"697\" data-end=\"700\" \/><strong data-start=\"700\" data-end=\"718\">Jet\u00eb mekanike:<\/strong> &gt;\u202f300,000 cikle<br data-start=\"734\" data-end=\"737\" \/><strong data-start=\"737\" data-end=\"761\">Temperatura e pun\u00ebs:<\/strong> \u201325\u202f\u00b0C deri +70\u202f\u00b0C<\/p>","protected":false},"excerpt":{"rendered":"<p>Seria: PPB\u2011RGLloji: Buton On\/Off me sust\u00eb (return spring)Tension operativ (Ue): 600\u202fVFrekuenca: 50\u201360\u202fHzRryma nominale (Ie): 10\u202fAKategoria e p\u00ebrdorimit: AC\u201115, DC\u201113Standardet: EN\u202f60947\u20111Konfigurimi (Pol\u00ebt) \/ Kontakte ndihm\u00ebse: 1\u202fNO + 1\u202fNCKontakte: Buton i gjelb\u00ebr dhe i kuq, me kod PPB\u2011RG\u201112Rezistenca e kontaktit: \u2264\u202f50\u202fm\u03a9Moment shtr\u00ebngimi i rekomanduar: 0.9\u202fNmP\u00ebrmasa e p\u00ebr\u00e7uesve (kabllove): 0.5\u20132.5\u202fmm\u00b2Diametri i hapjes p\u00ebr montim: 22\u202fmmJet\u00eb mekanike: &gt;\u202f300,000 cikleTemperatura [&hellip;]<\/p>","protected":false},"featured_media":4456,"comment_status":"open","ping_status":"closed","template":"","meta":{"_acf_changed":false},"product_brand":[],"product_cat":[80,42],"product_tag":[],"class_list":{"0":"post-4455","1":"product","2":"type-product","3":"status-publish","4":"has-post-thumbnail","6":"product_cat-pulsant-emergjence","7":"product_cat-serite-industriale","9":"first","10":"instock","11":"shipping-taxable","12":"product-type-simple"},"acf":[],"_links":{"self":[{"href":"https:\/\/www.brikaelektrik.al\/al\/wp-json\/wp\/v2\/product\/4455","targetHints":{"allow":["GET"]}}],"collection":[{"href":"https:\/\/www.brikaelektrik.al\/al\/wp-json\/wp\/v2\/product"}],"about":[{"href":"https:\/\/www.brikaelektrik.al\/al\/wp-json\/wp\/v2\/types\/product"}],"replies":[{"embeddable":true,"href":"https:\/\/www.brikaelektrik.al\/al\/wp-json\/wp\/v2\/comments?post=4455"}],"wp:featuredmedia":[{"embeddable":true,"href":"https:\/\/www.brikaelektrik.al\/al\/wp-json\/wp\/v2\/media\/4456"}],"wp:attachment":[{"href":"https:\/\/www.brikaelektrik.al\/al\/wp-json\/wp\/v2\/media?parent=4455"}],"wp:term":[{"taxonomy":"product_brand","embeddable":true,"href":"https:\/\/www.brikaelektrik.al\/al\/wp-json\/wp\/v2\/product_brand?post=4455"},{"taxonomy":"product_cat","embeddable":true,"href":"https:\/\/www.brikaelektrik.al\/al\/wp-json\/wp\/v2\/product_cat?post=4455"},{"taxonomy":"product_tag","embeddable":true,"href":"https:\/\/www.brikaelektrik.al\/al\/wp-json\/wp\/v2\/product_tag?post=4455"}],"curies":[{"name":"wp","href":"https:\/\/api.w.org\/{rel}","templated":true}]}}