{"id":4457,"date":"2025-09-09T07:56:59","date_gmt":"2025-09-09T07:56:59","guid":{"rendered":"https:\/\/www.brikaelektrik.al\/?post_type=product&#038;p=4457"},"modified":"2025-09-09T08:23:52","modified_gmt":"2025-09-09T08:23:52","slug":"mini-rl-ndermjetese-2kontakte-8pin-110v-ac","status":"publish","type":"product","link":"https:\/\/www.brikaelektrik.al\/al\/produkt\/mini-rl-ndermjetese-2kontakte-8pin-110v-ac\/","title":{"rendered":"MINI RL ND\u00cbRMJET\u00cbSE 2KONTAKTE 8PIN 110V AC"},"content":{"rendered":"<p><strong data-start=\"115\" data-end=\"125\">Seria:<\/strong> SRM<br data-start=\"129\" data-end=\"132\" \/><strong data-start=\"132\" data-end=\"142\">Lloji:<\/strong> Motor me rrotullim t\u00eb vog\u00ebl (mini motor)<br data-start=\"183\" data-end=\"186\" \/><strong data-start=\"186\" data-end=\"212\">Tension operativ (Ue):<\/strong> 110\u202fV AC<br data-start=\"221\" data-end=\"224\" \/><strong data-start=\"224\" data-end=\"238\">Frekuenca:<\/strong> 50\u201360\u202fHz<br data-start=\"247\" data-end=\"250\" \/><strong data-start=\"250\" data-end=\"274\">Rryma nominale (Ie):<\/strong> Nuk specifikohet (zakonisht 0.08\u20130.15 A)<br data-start=\"315\" data-end=\"318\" \/><strong data-start=\"318\" data-end=\"345\" data-is-only-node=\"\">Kategoria e p\u00ebrdorimit:<\/strong> Motor elektrik p\u00ebr pajisje t\u00eb vogla<br data-start=\"672\" data-end=\"675\" \/><strong data-start=\"675\" data-end=\"708\">Diametri i hapjes p\u00ebr montim:<\/strong> Varet nga modeli specifik<br data-start=\"734\" data-end=\"737\" \/><strong data-start=\"737\" data-end=\"755\">Jet\u00eb mekanike:<\/strong> Zakonisht &gt; 10,000 or\u00eb<br data-start=\"778\" data-end=\"781\" \/><strong data-start=\"781\" data-end=\"805\">Temperatura e pun\u00ebs:<\/strong> \u201320\u202f\u00b0C deri +60\u202f\u00b0C<\/p>","protected":false},"excerpt":{"rendered":"<p>Seria: SRMLloji: Motor me rrotullim t\u00eb vog\u00ebl (mini motor)Tension operativ (Ue): 110\u202fV ACFrekuenca: 50\u201360\u202fHzRryma nominale (Ie): Nuk specifikohet (zakonisht 0.08\u20130.15 A)Kategoria e p\u00ebrdorimit: Motor elektrik p\u00ebr pajisje t\u00eb voglaDiametri i hapjes p\u00ebr montim: Varet nga modeli specifikJet\u00eb mekanike: Zakonisht &gt; 10,000 or\u00ebTemperatura e pun\u00ebs: \u201320\u202f\u00b0C deri +60\u202f\u00b0C<\/p>","protected":false},"featured_media":4459,"comment_status":"open","ping_status":"closed","template":"","meta":{"_acf_changed":false},"product_brand":[],"product_cat":[78,42],"product_tag":[],"class_list":{"0":"post-4457","1":"product","2":"type-product","3":"status-publish","4":"has-post-thumbnail","6":"product_cat-mini-rl-ndermjetese","7":"product_cat-serite-industriale","9":"first","10":"instock","11":"shipping-taxable","12":"product-type-simple"},"acf":[],"_links":{"self":[{"href":"https:\/\/www.brikaelektrik.al\/al\/wp-json\/wp\/v2\/product\/4457","targetHints":{"allow":["GET"]}}],"collection":[{"href":"https:\/\/www.brikaelektrik.al\/al\/wp-json\/wp\/v2\/product"}],"about":[{"href":"https:\/\/www.brikaelektrik.al\/al\/wp-json\/wp\/v2\/types\/product"}],"replies":[{"embeddable":true,"href":"https:\/\/www.brikaelektrik.al\/al\/wp-json\/wp\/v2\/comments?post=4457"}],"wp:featuredmedia":[{"embeddable":true,"href":"https:\/\/www.brikaelektrik.al\/al\/wp-json\/wp\/v2\/media\/4459"}],"wp:attachment":[{"href":"https:\/\/www.brikaelektrik.al\/al\/wp-json\/wp\/v2\/media?parent=4457"}],"wp:term":[{"taxonomy":"product_brand","embeddable":true,"href":"https:\/\/www.brikaelektrik.al\/al\/wp-json\/wp\/v2\/product_brand?post=4457"},{"taxonomy":"product_cat","embeddable":true,"href":"https:\/\/www.brikaelektrik.al\/al\/wp-json\/wp\/v2\/product_cat?post=4457"},{"taxonomy":"product_tag","embeddable":true,"href":"https:\/\/www.brikaelektrik.al\/al\/wp-json\/wp\/v2\/product_tag?post=4457"}],"curies":[{"name":"wp","href":"https:\/\/api.w.org\/{rel}","templated":true}]}}