{"id":4461,"date":"2025-09-09T08:01:30","date_gmt":"2025-09-09T08:01:30","guid":{"rendered":"https:\/\/www.brikaelektrik.al\/?post_type=product&#038;p=4461"},"modified":"2025-09-09T08:23:27","modified_gmt":"2025-09-09T08:23:27","slug":"mini-rl-ndermjetese-2kontakte-8pin-230v-ac","status":"publish","type":"product","link":"https:\/\/www.brikaelektrik.al\/al\/produkt\/mini-rl-ndermjetese-2kontakte-8pin-230v-ac\/","title":{"rendered":"MINI RL ND\u00cbRMJET\u00cbSE 2KONTAKTE 8PIN 230V AC"},"content":{"rendered":"<p><strong data-start=\"159\" data-end=\"169\">Seria:<\/strong> SRM<br data-start=\"173\" data-end=\"176\" \/><strong data-start=\"176\" data-end=\"186\">Lloji:<\/strong> Motor mini me rrotullim t\u00eb vog\u00ebl<br data-start=\"219\" data-end=\"222\" \/><strong data-start=\"222\" data-end=\"248\">Tension operativ (Ue):<\/strong> 230\u202fV AC<br data-start=\"257\" data-end=\"260\" \/><strong data-start=\"260\" data-end=\"274\">Frekuenca:<\/strong> 50\u201360\u202fHz<br data-start=\"283\" data-end=\"286\" \/><strong data-start=\"286\" data-end=\"310\">Rryma nominale (Ie):<\/strong> (rreth 0.08\u20130.15 A, sipas modelit)<br data-start=\"345\" data-end=\"348\" \/><strong data-start=\"348\" data-end=\"375\" data-is-only-node=\"\">Kategoria e p\u00ebrdorimit:<\/strong> Motor elektrik p\u00ebr pajisje t\u00eb vogla<br data-start=\"731\" data-end=\"734\" \/><strong data-start=\"734\" data-end=\"767\">Diametri i hapjes p\u00ebr montim:<\/strong> Varet nga montimi dhe aplikacioni<br data-start=\"801\" data-end=\"804\" \/><strong data-start=\"804\" data-end=\"822\">Jet\u00eb mekanike:<\/strong> &gt; 10,000 or\u00eb (vler\u00eb tipike p\u00ebr motor\u00eb mini)<br data-start=\"866\" data-end=\"869\" \/><strong data-start=\"869\" data-end=\"893\">Temperatura e pun\u00ebs:<\/strong> \u201320\u202f\u00b0C deri +60\u202f\u00b0C<\/p>","protected":false},"excerpt":{"rendered":"<p>Seria: SRMLloji: Motor mini me rrotullim t\u00eb vog\u00eblTension operativ (Ue): 230\u202fV ACFrekuenca: 50\u201360\u202fHzRryma nominale (Ie): (rreth 0.08\u20130.15 A, sipas modelit)Kategoria e p\u00ebrdorimit: Motor elektrik p\u00ebr pajisje t\u00eb voglaDiametri i hapjes p\u00ebr montim: Varet nga montimi dhe aplikacioniJet\u00eb mekanike: &gt; 10,000 or\u00eb (vler\u00eb tipike p\u00ebr motor\u00eb mini)Temperatura e pun\u00ebs: \u201320\u202f\u00b0C deri +60\u202f\u00b0C<\/p>","protected":false},"featured_media":4462,"comment_status":"open","ping_status":"closed","template":"","meta":{"_acf_changed":false},"product_brand":[],"product_cat":[78,42],"product_tag":[],"class_list":{"0":"post-4461","1":"product","2":"type-product","3":"status-publish","4":"has-post-thumbnail","6":"product_cat-mini-rl-ndermjetese","7":"product_cat-serite-industriale","9":"first","10":"instock","11":"shipping-taxable","12":"product-type-simple"},"acf":[],"_links":{"self":[{"href":"https:\/\/www.brikaelektrik.al\/al\/wp-json\/wp\/v2\/product\/4461","targetHints":{"allow":["GET"]}}],"collection":[{"href":"https:\/\/www.brikaelektrik.al\/al\/wp-json\/wp\/v2\/product"}],"about":[{"href":"https:\/\/www.brikaelektrik.al\/al\/wp-json\/wp\/v2\/types\/product"}],"replies":[{"embeddable":true,"href":"https:\/\/www.brikaelektrik.al\/al\/wp-json\/wp\/v2\/comments?post=4461"}],"wp:featuredmedia":[{"embeddable":true,"href":"https:\/\/www.brikaelektrik.al\/al\/wp-json\/wp\/v2\/media\/4462"}],"wp:attachment":[{"href":"https:\/\/www.brikaelektrik.al\/al\/wp-json\/wp\/v2\/media?parent=4461"}],"wp:term":[{"taxonomy":"product_brand","embeddable":true,"href":"https:\/\/www.brikaelektrik.al\/al\/wp-json\/wp\/v2\/product_brand?post=4461"},{"taxonomy":"product_cat","embeddable":true,"href":"https:\/\/www.brikaelektrik.al\/al\/wp-json\/wp\/v2\/product_cat?post=4461"},{"taxonomy":"product_tag","embeddable":true,"href":"https:\/\/www.brikaelektrik.al\/al\/wp-json\/wp\/v2\/product_tag?post=4461"}],"curies":[{"name":"wp","href":"https:\/\/api.w.org\/{rel}","templated":true}]}}