{"id":4464,"date":"2025-09-09T08:05:24","date_gmt":"2025-09-09T08:05:24","guid":{"rendered":"https:\/\/www.brikaelektrik.al\/?post_type=product&#038;p=4464"},"modified":"2025-09-09T08:22:49","modified_gmt":"2025-09-09T08:22:49","slug":"mini-rl-ndermjetese-2kontakte-8pin-12v-ac","status":"publish","type":"product","link":"https:\/\/www.brikaelektrik.al\/al\/produkt\/mini-rl-ndermjetese-2kontakte-8pin-12v-ac\/","title":{"rendered":"MINI RL ND\u00cbRMJET\u00cbSE 2KONTAKTE 8PIN 12V AC"},"content":{"rendered":"<p><strong data-start=\"237\" data-end=\"247\">Seria:<\/strong> SRM<br data-start=\"251\" data-end=\"254\" \/><strong data-start=\"254\" data-end=\"264\">Lloji:<\/strong> Motor mini me rrotullim t\u00eb vog\u00ebl<br data-start=\"297\" data-end=\"300\" \/><strong data-start=\"300\" data-end=\"326\">Tension operativ (Ue):<\/strong> 12\u202fV AC<br data-start=\"334\" data-end=\"337\" \/><strong data-start=\"337\" data-end=\"351\">Frekuenca:<\/strong> 50\u201360\u202fHz<br data-start=\"360\" data-end=\"363\" \/><strong data-start=\"363\" data-end=\"387\">Rryma nominale (Ie):<\/strong> (zakonisht rreth 0.1 A, varion sipas modelit)<br data-start=\"433\" data-end=\"436\" \/><strong data-start=\"436\" data-end=\"463\" data-is-only-node=\"\">Kategoria e p\u00ebrdorimit:<\/strong> Motor elektrik p\u00ebr pajisje t\u00eb vogla<br data-start=\"790\" data-end=\"793\" \/><strong data-start=\"793\" data-end=\"826\">Diametri i hapjes p\u00ebr montim:<\/strong> Varet nga aplikacioni<br data-start=\"848\" data-end=\"851\" \/><strong data-start=\"851\" data-end=\"869\">Jet\u00eb mekanike:<\/strong> &gt; 10,000 or\u00eb (tipik)<br data-start=\"890\" data-end=\"893\" \/><strong data-start=\"893\" data-end=\"917\">Temperatura e pun\u00ebs:<\/strong> \u201320\u202f\u00b0C deri +60\u202f\u00b0C<\/p>","protected":false},"excerpt":{"rendered":"<p>Seria: SRMLloji: Motor mini me rrotullim t\u00eb vog\u00eblTension operativ (Ue): 12\u202fV ACFrekuenca: 50\u201360\u202fHzRryma nominale (Ie): (zakonisht rreth 0.1 A, varion sipas modelit)Kategoria e p\u00ebrdorimit: Motor elektrik p\u00ebr pajisje t\u00eb voglaDiametri i hapjes p\u00ebr montim: Varet nga aplikacioniJet\u00eb mekanike: &gt; 10,000 or\u00eb (tipik)Temperatura e pun\u00ebs: \u201320\u202f\u00b0C deri +60\u202f\u00b0C<\/p>","protected":false},"featured_media":4465,"comment_status":"open","ping_status":"closed","template":"","meta":{"_acf_changed":false},"product_brand":[],"product_cat":[78,42],"product_tag":[],"class_list":{"0":"post-4464","1":"product","2":"type-product","3":"status-publish","4":"has-post-thumbnail","6":"product_cat-mini-rl-ndermjetese","7":"product_cat-serite-industriale","9":"first","10":"instock","11":"shipping-taxable","12":"product-type-simple"},"acf":[],"_links":{"self":[{"href":"https:\/\/www.brikaelektrik.al\/al\/wp-json\/wp\/v2\/product\/4464","targetHints":{"allow":["GET"]}}],"collection":[{"href":"https:\/\/www.brikaelektrik.al\/al\/wp-json\/wp\/v2\/product"}],"about":[{"href":"https:\/\/www.brikaelektrik.al\/al\/wp-json\/wp\/v2\/types\/product"}],"replies":[{"embeddable":true,"href":"https:\/\/www.brikaelektrik.al\/al\/wp-json\/wp\/v2\/comments?post=4464"}],"wp:featuredmedia":[{"embeddable":true,"href":"https:\/\/www.brikaelektrik.al\/al\/wp-json\/wp\/v2\/media\/4465"}],"wp:attachment":[{"href":"https:\/\/www.brikaelektrik.al\/al\/wp-json\/wp\/v2\/media?parent=4464"}],"wp:term":[{"taxonomy":"product_brand","embeddable":true,"href":"https:\/\/www.brikaelektrik.al\/al\/wp-json\/wp\/v2\/product_brand?post=4464"},{"taxonomy":"product_cat","embeddable":true,"href":"https:\/\/www.brikaelektrik.al\/al\/wp-json\/wp\/v2\/product_cat?post=4464"},{"taxonomy":"product_tag","embeddable":true,"href":"https:\/\/www.brikaelektrik.al\/al\/wp-json\/wp\/v2\/product_tag?post=4464"}],"curies":[{"name":"wp","href":"https:\/\/api.w.org\/{rel}","templated":true}]}}