{"id":4467,"date":"2025-09-09T08:08:36","date_gmt":"2025-09-09T08:08:36","guid":{"rendered":"https:\/\/www.brikaelektrik.al\/?post_type=product&#038;p=4467"},"modified":"2025-09-09T08:21:31","modified_gmt":"2025-09-09T08:21:31","slug":"mini-rl-ndermjetese-2kontakte-8pin-12v-dc","status":"publish","type":"product","link":"https:\/\/www.brikaelektrik.al\/al\/produkt\/mini-rl-ndermjetese-2kontakte-8pin-12v-dc\/","title":{"rendered":"MINI RL ND\u00cbRMJET\u00cbSE 2KONTAKTE 8PIN 12V DC"},"content":{"rendered":"<p><strong data-start=\"126\" data-end=\"136\">Seria:<\/strong> SRM<br data-start=\"140\" data-end=\"143\" \/><strong data-start=\"143\" data-end=\"153\">Lloji:<\/strong> Motor mini me tension DC<br data-start=\"178\" data-end=\"181\" \/><strong data-start=\"181\" data-end=\"207\">Tension operativ (Ue):<\/strong> 12\u202fV DC<br data-start=\"215\" data-end=\"218\" \/><strong data-start=\"218\" data-end=\"232\">Frekuenca:<\/strong> Nuk aplikohet (DC)<br data-start=\"251\" data-end=\"254\" \/><strong data-start=\"254\" data-end=\"278\">Rryma nominale (Ie):<\/strong> Rreth 0.1\u202fA (varet nga modeli)<br data-start=\"309\" data-end=\"312\" data-is-only-node=\"\" \/><strong data-start=\"312\" data-end=\"339\">Kategoria e p\u00ebrdorimit:<\/strong> Motor elektrik p\u00ebr pajisje t\u00eb vogla me tension DC<br data-start=\"738\" data-end=\"741\" \/><strong data-start=\"741\" data-end=\"759\">Jet\u00eb mekanike:<\/strong> &gt; 10,000 or\u00eb (vler\u00eb tipike)<br data-start=\"787\" data-end=\"790\" \/><strong data-start=\"790\" data-end=\"814\">Temperatura e pun\u00ebs:<\/strong> \u201320\u202f\u00b0C deri +60\u202f\u00b0C<\/p>","protected":false},"excerpt":{"rendered":"<p>Seria: SRMLloji: Motor mini me tension DCTension operativ (Ue): 12\u202fV DCFrekuenca: Nuk aplikohet (DC)Rryma nominale (Ie): Rreth 0.1\u202fA (varet nga modeli)Kategoria e p\u00ebrdorimit: Motor elektrik p\u00ebr pajisje t\u00eb vogla me tension DCJet\u00eb mekanike: &gt; 10,000 or\u00eb (vler\u00eb tipike)Temperatura e pun\u00ebs: \u201320\u202f\u00b0C deri +60\u202f\u00b0C<\/p>","protected":false},"featured_media":4468,"comment_status":"open","ping_status":"closed","template":"","meta":{"_acf_changed":false},"product_brand":[],"product_cat":[78,42],"product_tag":[],"class_list":{"0":"post-4467","1":"product","2":"type-product","3":"status-publish","4":"has-post-thumbnail","6":"product_cat-mini-rl-ndermjetese","7":"product_cat-serite-industriale","9":"first","10":"instock","11":"shipping-taxable","12":"product-type-simple"},"acf":[],"_links":{"self":[{"href":"https:\/\/www.brikaelektrik.al\/al\/wp-json\/wp\/v2\/product\/4467","targetHints":{"allow":["GET"]}}],"collection":[{"href":"https:\/\/www.brikaelektrik.al\/al\/wp-json\/wp\/v2\/product"}],"about":[{"href":"https:\/\/www.brikaelektrik.al\/al\/wp-json\/wp\/v2\/types\/product"}],"replies":[{"embeddable":true,"href":"https:\/\/www.brikaelektrik.al\/al\/wp-json\/wp\/v2\/comments?post=4467"}],"wp:featuredmedia":[{"embeddable":true,"href":"https:\/\/www.brikaelektrik.al\/al\/wp-json\/wp\/v2\/media\/4468"}],"wp:attachment":[{"href":"https:\/\/www.brikaelektrik.al\/al\/wp-json\/wp\/v2\/media?parent=4467"}],"wp:term":[{"taxonomy":"product_brand","embeddable":true,"href":"https:\/\/www.brikaelektrik.al\/al\/wp-json\/wp\/v2\/product_brand?post=4467"},{"taxonomy":"product_cat","embeddable":true,"href":"https:\/\/www.brikaelektrik.al\/al\/wp-json\/wp\/v2\/product_cat?post=4467"},{"taxonomy":"product_tag","embeddable":true,"href":"https:\/\/www.brikaelektrik.al\/al\/wp-json\/wp\/v2\/product_tag?post=4467"}],"curies":[{"name":"wp","href":"https:\/\/api.w.org\/{rel}","templated":true}]}}