{"id":4470,"date":"2025-09-09T08:20:24","date_gmt":"2025-09-09T08:20:24","guid":{"rendered":"https:\/\/www.brikaelektrik.al\/?post_type=product&#038;p=4470"},"modified":"2025-09-09T08:21:13","modified_gmt":"2025-09-09T08:21:13","slug":"mini-rl-ndermjetese-2kontakte-8pin-24v-ac","status":"publish","type":"product","link":"https:\/\/www.brikaelektrik.al\/al\/produkt\/mini-rl-ndermjetese-2kontakte-8pin-24v-ac\/","title":{"rendered":"MINI RL ND\u00cbRMJET\u00cbSE 2KONTAKTE 8PIN 24V AC"},"content":{"rendered":"<p data-start=\"86\" data-end=\"764\"><strong data-start=\"86\" data-end=\"96\">Seria:<\/strong> SRM<br data-start=\"140\" data-end=\"143\" \/><strong data-start=\"143\" data-end=\"169\">Tension operativ (Ue):<\/strong> 24\u202fV AC<br data-start=\"177\" data-end=\"180\" data-is-only-node=\"\" \/><strong data-start=\"180\" data-end=\"194\">Frekuenca:<\/strong> 50\u201360\u202fHz<br data-start=\"203\" data-end=\"206\" \/><strong data-start=\"206\" data-end=\"230\">Rryma nominale (Ie):<\/strong> 0.12 A<br data-start=\"237\" data-end=\"240\" \/><strong data-start=\"240\" data-end=\"267\">Kategoria e p\u00ebrdorimit:<\/strong> R\u00f6le elektrik p\u00ebr pajisje t\u00eb vogla<br data-start=\"302\" data-end=\"305\" \/><strong data-start=\"305\" data-end=\"320\">Standardet:<\/strong> EN 60335-1 (standard sigurie p\u00ebr pajisje elektrike)<br data-start=\"372\" data-end=\"375\" \/><strong data-start=\"447\" data-end=\"460\">Kontakte:<\/strong> 2Z, 2H, 2D<br data-start=\"471\" data-end=\"474\" \/><strong data-start=\"474\" data-end=\"501\">Rezistenca e kontaktit:<\/strong> \u2264 100M\u03a9 (1A 6VDC)<br data-start=\"627\" data-end=\"630\" \/><strong data-start=\"630\" data-end=\"663\">Diametri i hapjes p\u00ebr montim:<\/strong> 8 mm bosht motorri<br data-start=\"682\" data-end=\"685\" \/><strong data-start=\"685\" data-end=\"703\">Jet\u00eb mekanike:<\/strong> &gt; 20,000 or\u00eb<br data-start=\"716\" data-end=\"719\" \/><strong data-start=\"719\" data-end=\"743\">Temperatura e pun\u00ebs:<\/strong> \u201340\u202f\u00b0C deri +70\u202f\u00b0C<\/p>","protected":false},"excerpt":{"rendered":"<p>Seria: SRMTension operativ (Ue): 24\u202fV ACFrekuenca: 50\u201360\u202fHzRryma nominale (Ie): 0.12 AKategoria e p\u00ebrdorimit: R\u00f6le elektrik p\u00ebr pajisje t\u00eb voglaStandardet: EN 60335-1 (standard sigurie p\u00ebr pajisje elektrike)Kontakte: 2Z, 2H, 2DRezistenca e kontaktit: \u2264 100M\u03a9 (1A 6VDC)Diametri i hapjes p\u00ebr montim: 8 mm bosht motorriJet\u00eb mekanike: &gt; 20,000 or\u00ebTemperatura e pun\u00ebs: \u201340\u202f\u00b0C deri +70\u202f\u00b0C<\/p>","protected":false},"featured_media":4471,"comment_status":"open","ping_status":"closed","template":"","meta":{"_acf_changed":false},"product_brand":[],"product_cat":[78,42],"product_tag":[],"class_list":{"0":"post-4470","1":"product","2":"type-product","3":"status-publish","4":"has-post-thumbnail","6":"product_cat-mini-rl-ndermjetese","7":"product_cat-serite-industriale","9":"first","10":"instock","11":"shipping-taxable","12":"product-type-simple"},"acf":[],"_links":{"self":[{"href":"https:\/\/www.brikaelektrik.al\/al\/wp-json\/wp\/v2\/product\/4470","targetHints":{"allow":["GET"]}}],"collection":[{"href":"https:\/\/www.brikaelektrik.al\/al\/wp-json\/wp\/v2\/product"}],"about":[{"href":"https:\/\/www.brikaelektrik.al\/al\/wp-json\/wp\/v2\/types\/product"}],"replies":[{"embeddable":true,"href":"https:\/\/www.brikaelektrik.al\/al\/wp-json\/wp\/v2\/comments?post=4470"}],"wp:featuredmedia":[{"embeddable":true,"href":"https:\/\/www.brikaelektrik.al\/al\/wp-json\/wp\/v2\/media\/4471"}],"wp:attachment":[{"href":"https:\/\/www.brikaelektrik.al\/al\/wp-json\/wp\/v2\/media?parent=4470"}],"wp:term":[{"taxonomy":"product_brand","embeddable":true,"href":"https:\/\/www.brikaelektrik.al\/al\/wp-json\/wp\/v2\/product_brand?post=4470"},{"taxonomy":"product_cat","embeddable":true,"href":"https:\/\/www.brikaelektrik.al\/al\/wp-json\/wp\/v2\/product_cat?post=4470"},{"taxonomy":"product_tag","embeddable":true,"href":"https:\/\/www.brikaelektrik.al\/al\/wp-json\/wp\/v2\/product_tag?post=4470"}],"curies":[{"name":"wp","href":"https:\/\/api.w.org\/{rel}","templated":true}]}}