{"id":4473,"date":"2025-09-09T08:29:40","date_gmt":"2025-09-09T08:29:40","guid":{"rendered":"https:\/\/www.brikaelektrik.al\/?post_type=product&#038;p=4473"},"modified":"2025-09-09T08:30:00","modified_gmt":"2025-09-09T08:30:00","slug":"mini-rl-ndermjetese-2kontakte-8pin-24v-dc","status":"publish","type":"product","link":"https:\/\/www.brikaelektrik.al\/al\/produkt\/mini-rl-ndermjetese-2kontakte-8pin-24v-dc\/","title":{"rendered":"MINI RL ND\u00cbRMJET\u00cbSE 2KONTAKTE 8PIN 24V DC"},"content":{"rendered":"<p><strong data-start=\"316\" data-end=\"326\">Seria:<\/strong> SRM<br data-start=\"330\" data-end=\"333\" \/><strong data-start=\"333\" data-end=\"343\">Lloji:<\/strong> R\u00f6le miniatur\u00eb me 8 gishta<br data-start=\"370\" data-end=\"373\" \/><strong data-start=\"373\" data-end=\"399\">Tension operativ (Ue):<\/strong> 24\u202fV DC<br data-start=\"407\" data-end=\"410\" \/><strong data-start=\"410\" data-end=\"424\">Frekuenca:<\/strong> Nuk aplikohet (DC)<br data-start=\"443\" data-end=\"446\" data-is-only-node=\"\" \/><strong data-start=\"446\" data-end=\"470\">Rryma nominale (Ie):<\/strong> 0.12 A<br data-start=\"477\" data-end=\"480\" \/><strong data-start=\"480\" data-end=\"507\">Kategoria e p\u00ebrdorimit:<\/strong> R\u00f6le elektrik p\u00ebr pajisje t\u00eb vogla<br data-start=\"542\" data-end=\"545\" \/><strong data-start=\"545\" data-end=\"560\">Standardet:<\/strong> EN 60335-1 (standard sigurie p\u00ebr pajisje elektrike)<br data-start=\"684\" data-end=\"687\" \/><strong data-start=\"687\" data-end=\"700\">Kontakte:<\/strong> 2Z, 2H, 2D<br data-start=\"711\" data-end=\"714\" \/><strong data-start=\"714\" data-end=\"741\">Rezistenca e kontaktit:<\/strong> \u2264 100M\u03a9 (1A 6VDC)<br data-start=\"867\" data-end=\"870\" \/><strong data-start=\"870\" data-end=\"903\">Diametri i hapjes p\u00ebr montim:<\/strong> 8 mm bosht motorri<br data-start=\"922\" data-end=\"925\" \/><strong data-start=\"925\" data-end=\"943\">Jet\u00eb mekanike:<\/strong> &gt; 20,000 or\u00eb<br data-start=\"956\" data-end=\"959\" \/><strong data-start=\"959\" data-end=\"983\">Temperatura e pun\u00ebs:<\/strong> \u201340\u202f\u00b0C deri +70\u202f\u00b0C<\/p>","protected":false},"excerpt":{"rendered":"<p>Seria: SRMLloji: R\u00f6le miniatur\u00eb me 8 gishtaTension operativ (Ue): 24\u202fV DCFrekuenca: Nuk aplikohet (DC)Rryma nominale (Ie): 0.12 AKategoria e p\u00ebrdorimit: R\u00f6le elektrik p\u00ebr pajisje t\u00eb voglaStandardet: EN 60335-1 (standard sigurie p\u00ebr pajisje elektrike)Kontakte: 2Z, 2H, 2DRezistenca e kontaktit: \u2264 100M\u03a9 (1A 6VDC)Diametri i hapjes p\u00ebr montim: 8 mm bosht motorriJet\u00eb mekanike: &gt; 20,000 or\u00ebTemperatura e [&hellip;]<\/p>","protected":false},"featured_media":4474,"comment_status":"open","ping_status":"closed","template":"","meta":{"_acf_changed":false},"product_brand":[],"product_cat":[78,42],"product_tag":[],"class_list":{"0":"post-4473","1":"product","2":"type-product","3":"status-publish","4":"has-post-thumbnail","6":"product_cat-mini-rl-ndermjetese","7":"product_cat-serite-industriale","9":"first","10":"instock","11":"shipping-taxable","12":"product-type-simple"},"acf":[],"_links":{"self":[{"href":"https:\/\/www.brikaelektrik.al\/al\/wp-json\/wp\/v2\/product\/4473","targetHints":{"allow":["GET"]}}],"collection":[{"href":"https:\/\/www.brikaelektrik.al\/al\/wp-json\/wp\/v2\/product"}],"about":[{"href":"https:\/\/www.brikaelektrik.al\/al\/wp-json\/wp\/v2\/types\/product"}],"replies":[{"embeddable":true,"href":"https:\/\/www.brikaelektrik.al\/al\/wp-json\/wp\/v2\/comments?post=4473"}],"wp:featuredmedia":[{"embeddable":true,"href":"https:\/\/www.brikaelektrik.al\/al\/wp-json\/wp\/v2\/media\/4474"}],"wp:attachment":[{"href":"https:\/\/www.brikaelektrik.al\/al\/wp-json\/wp\/v2\/media?parent=4473"}],"wp:term":[{"taxonomy":"product_brand","embeddable":true,"href":"https:\/\/www.brikaelektrik.al\/al\/wp-json\/wp\/v2\/product_brand?post=4473"},{"taxonomy":"product_cat","embeddable":true,"href":"https:\/\/www.brikaelektrik.al\/al\/wp-json\/wp\/v2\/product_cat?post=4473"},{"taxonomy":"product_tag","embeddable":true,"href":"https:\/\/www.brikaelektrik.al\/al\/wp-json\/wp\/v2\/product_tag?post=4473"}],"curies":[{"name":"wp","href":"https:\/\/api.w.org\/{rel}","templated":true}]}}