{"id":4480,"date":"2025-09-09T12:40:23","date_gmt":"2025-09-09T12:40:23","guid":{"rendered":"https:\/\/www.brikaelektrik.al\/?post_type=product&#038;p=4480"},"modified":"2025-09-09T12:40:24","modified_gmt":"2025-09-09T12:40:24","slug":"reduksion-kanaline-500x300-ne-plan","status":"publish","type":"product","link":"https:\/\/www.brikaelektrik.al\/al\/produkt\/reduksion-kanaline-500x300-ne-plan\/","title":{"rendered":"REDUKSION KANALINE 500&#215;300 N\u00cb PLAN"},"content":{"rendered":"<p><strong data-start=\"181\" data-end=\"191\">Lloji:<\/strong> Element k\u00ebndor (kanal metalik me form\u00eb k\u00ebndore \/ derivacion p\u00ebr instalim)<br data-start=\"265\" data-end=\"268\" \/><strong data-start=\"268\" data-end=\"279\">Brandi:<\/strong> Canali Russo<br data-start=\"292\" data-end=\"295\" data-is-only-node=\"\" \/><strong data-start=\"295\" data-end=\"312\">Lart\u00ebsia (H):<\/strong> 50 mm<br data-start=\"318\" data-end=\"321\" \/><strong data-start=\"321\" data-end=\"338\">Gjer\u00ebsia (B):<\/strong> 300 mm<br data-start=\"345\" data-end=\"348\" \/><strong data-start=\"348\" data-end=\"372\">Gjat\u00ebsia an\u00ebsore L1:<\/strong> 400 mm<br data-start=\"379\" data-end=\"382\" \/><strong data-start=\"382\" data-end=\"406\">Gjat\u00ebsia an\u00ebsore L2:<\/strong> 300 mm<br data-start=\"413\" data-end=\"416\" \/><strong data-start=\"416\" data-end=\"447\">Trash\u00ebsia e materialit (s):<\/strong> 1 mm<br data-start=\"452\" data-end=\"455\" \/><strong data-start=\"455\" data-end=\"465\">Pesha:<\/strong> 2.05 kg<\/p>","protected":false},"excerpt":{"rendered":"<p>Lloji: Element k\u00ebndor (kanal metalik me form\u00eb k\u00ebndore \/ derivacion p\u00ebr instalim)Brandi: Canali RussoLart\u00ebsia (H): 50 mmGjer\u00ebsia (B): 300 mmGjat\u00ebsia an\u00ebsore L1: 400 mmGjat\u00ebsia an\u00ebsore L2: 300 mmTrash\u00ebsia e materialit (s): 1 mmPesha: 2.05 kg<\/p>","protected":false},"featured_media":4481,"comment_status":"open","ping_status":"closed","template":"","meta":{"_acf_changed":false},"product_brand":[],"product_cat":[96,46],"product_tag":[],"class_list":{"0":"post-4480","1":"product","2":"type-product","3":"status-publish","4":"has-post-thumbnail","6":"product_cat-aksesore-montimi","7":"product_cat-sisteme-kanalina-metalike","9":"first","10":"instock","11":"shipping-taxable","12":"product-type-simple"},"acf":[],"_links":{"self":[{"href":"https:\/\/www.brikaelektrik.al\/al\/wp-json\/wp\/v2\/product\/4480","targetHints":{"allow":["GET"]}}],"collection":[{"href":"https:\/\/www.brikaelektrik.al\/al\/wp-json\/wp\/v2\/product"}],"about":[{"href":"https:\/\/www.brikaelektrik.al\/al\/wp-json\/wp\/v2\/types\/product"}],"replies":[{"embeddable":true,"href":"https:\/\/www.brikaelektrik.al\/al\/wp-json\/wp\/v2\/comments?post=4480"}],"wp:featuredmedia":[{"embeddable":true,"href":"https:\/\/www.brikaelektrik.al\/al\/wp-json\/wp\/v2\/media\/4481"}],"wp:attachment":[{"href":"https:\/\/www.brikaelektrik.al\/al\/wp-json\/wp\/v2\/media?parent=4480"}],"wp:term":[{"taxonomy":"product_brand","embeddable":true,"href":"https:\/\/www.brikaelektrik.al\/al\/wp-json\/wp\/v2\/product_brand?post=4480"},{"taxonomy":"product_cat","embeddable":true,"href":"https:\/\/www.brikaelektrik.al\/al\/wp-json\/wp\/v2\/product_cat?post=4480"},{"taxonomy":"product_tag","embeddable":true,"href":"https:\/\/www.brikaelektrik.al\/al\/wp-json\/wp\/v2\/product_tag?post=4480"}],"curies":[{"name":"wp","href":"https:\/\/api.w.org\/{rel}","templated":true}]}}