{"id":4483,"date":"2025-09-09T12:59:52","date_gmt":"2025-09-09T12:59:52","guid":{"rendered":"https:\/\/www.brikaelektrik.al\/?post_type=product&#038;p=4483"},"modified":"2025-09-09T13:08:01","modified_gmt":"2025-09-09T13:08:01","slug":"brryl-ne-zbritje-90grade-100x75","status":"publish","type":"product","link":"https:\/\/www.brikaelektrik.al\/al\/produkt\/brryl-ne-zbritje-90grade-100x75\/","title":{"rendered":"BRRYL N\u00cb ZBRITJE 90\u00ba 100X75"},"content":{"rendered":"<p><strong data-start=\"155\" data-end=\"165\">Lloji:<\/strong> K\u00ebnde t\u00eb rrumbullak\u00ebta horizontale (derivacioni i lakuar p\u00ebr kanale metalike)<br data-start=\"270\" data-end=\"273\" \/><strong data-start=\"273\" data-end=\"290\" data-is-only-node=\"\">Lart\u00ebsia (H):<\/strong> 100 mm<br data-start=\"297\" data-end=\"300\" \/><strong data-start=\"300\" data-end=\"317\">Gjer\u00ebsia (B):<\/strong> 100 mm<br data-start=\"324\" data-end=\"327\" \/><strong data-start=\"327\" data-end=\"351\">Gjat\u00ebsia an\u00ebsore L1:<\/strong> 230 mm<br data-start=\"358\" data-end=\"361\" \/><strong data-start=\"361\" data-end=\"385\">Gjat\u00ebsia an\u00ebsore L2:<\/strong> 230 mm<br data-start=\"392\" data-end=\"395\" \/><strong data-start=\"395\" data-end=\"419\">Rrezja e harkut (r):<\/strong> 130 mm<br data-start=\"426\" data-end=\"429\" \/><strong data-start=\"429\" data-end=\"460\">Trash\u00ebsia e materialit (s):<\/strong> 1 mm<br data-start=\"465\" data-end=\"468\" \/><strong data-start=\"468\" data-end=\"478\">Pesha:<\/strong> 0.90 kg<\/p>","protected":false},"excerpt":{"rendered":"<p>Lloji: K\u00ebnde t\u00eb rrumbullak\u00ebta horizontale (derivacioni i lakuar p\u00ebr kanale metalike)Lart\u00ebsia (H): 100 mmGjer\u00ebsia (B): 100 mmGjat\u00ebsia an\u00ebsore L1: 230 mmGjat\u00ebsia an\u00ebsore L2: 230 mmRrezja e harkut (r): 130 mmTrash\u00ebsia e materialit (s): 1 mmPesha: 0.90 kg<\/p>","protected":false},"featured_media":4484,"comment_status":"open","ping_status":"closed","template":"","meta":{"_acf_changed":false},"product_brand":[],"product_cat":[96,46],"product_tag":[],"class_list":{"0":"post-4483","1":"product","2":"type-product","3":"status-publish","4":"has-post-thumbnail","6":"product_cat-aksesore-montimi","7":"product_cat-sisteme-kanalina-metalike","9":"first","10":"instock","11":"shipping-taxable","12":"product-type-simple"},"acf":[],"_links":{"self":[{"href":"https:\/\/www.brikaelektrik.al\/al\/wp-json\/wp\/v2\/product\/4483","targetHints":{"allow":["GET"]}}],"collection":[{"href":"https:\/\/www.brikaelektrik.al\/al\/wp-json\/wp\/v2\/product"}],"about":[{"href":"https:\/\/www.brikaelektrik.al\/al\/wp-json\/wp\/v2\/types\/product"}],"replies":[{"embeddable":true,"href":"https:\/\/www.brikaelektrik.al\/al\/wp-json\/wp\/v2\/comments?post=4483"}],"wp:featuredmedia":[{"embeddable":true,"href":"https:\/\/www.brikaelektrik.al\/al\/wp-json\/wp\/v2\/media\/4484"}],"wp:attachment":[{"href":"https:\/\/www.brikaelektrik.al\/al\/wp-json\/wp\/v2\/media?parent=4483"}],"wp:term":[{"taxonomy":"product_brand","embeddable":true,"href":"https:\/\/www.brikaelektrik.al\/al\/wp-json\/wp\/v2\/product_brand?post=4483"},{"taxonomy":"product_cat","embeddable":true,"href":"https:\/\/www.brikaelektrik.al\/al\/wp-json\/wp\/v2\/product_cat?post=4483"},{"taxonomy":"product_tag","embeddable":true,"href":"https:\/\/www.brikaelektrik.al\/al\/wp-json\/wp\/v2\/product_tag?post=4483"}],"curies":[{"name":"wp","href":"https:\/\/api.w.org\/{rel}","templated":true}]}}