{"id":4487,"date":"2025-09-09T13:18:02","date_gmt":"2025-09-09T13:18:02","guid":{"rendered":"https:\/\/www.brikaelektrik.al\/?post_type=product&#038;p=4487"},"modified":"2025-09-09T13:18:03","modified_gmt":"2025-09-09T13:18:03","slug":"brryl-ne-zbritje-90o-300x75","status":"publish","type":"product","link":"https:\/\/www.brikaelektrik.al\/al\/produkt\/brryl-ne-zbritje-90o-300x75\/","title":{"rendered":"BRRYL N\u00cb ZBRITJE 90\u00ba 300X75"},"content":{"rendered":"<p><strong data-start=\"218\" data-end=\"228\">Lloji:<\/strong> K\u00ebnde t\u00eb rrumbullak\u00ebta horizontale (derivacion i lakuar p\u00ebr kanale metalike)<br data-start=\"305\" data-end=\"308\" \/><strong data-start=\"308\" data-end=\"319\">Brandi:<\/strong> Canali Russo<br data-start=\"332\" data-end=\"335\" data-is-only-node=\"\" \/><strong data-start=\"335\" data-end=\"352\">Lart\u00ebsia (H):<\/strong> 75 mm<br data-start=\"358\" data-end=\"361\" \/><strong data-start=\"361\" data-end=\"378\">Gjer\u00ebsia (B):<\/strong> 300 mm<br data-start=\"385\" data-end=\"388\" \/><strong data-start=\"388\" data-end=\"412\">Gjat\u00ebsia an\u00ebsore L1:<\/strong> 210 mm<br data-start=\"419\" data-end=\"422\" \/><strong data-start=\"422\" data-end=\"446\">Gjat\u00ebsia an\u00ebsore L2:<\/strong> 210 mm<br data-start=\"453\" data-end=\"456\" \/><strong data-start=\"456\" data-end=\"480\">Rrezja e harkut (r):<\/strong> 130 mm<br data-start=\"487\" data-end=\"490\" \/><strong data-start=\"490\" data-end=\"521\">Trash\u00ebsia e materialit (s):<\/strong> 1 mm<br data-start=\"526\" data-end=\"529\" \/><strong data-start=\"529\" data-end=\"539\">Pesha:<\/strong> 1.27 kg<\/p>","protected":false},"excerpt":{"rendered":"<p>Lloji: K\u00ebnde t\u00eb rrumbullak\u00ebta horizontale (derivacion i lakuar p\u00ebr kanale metalike)Brandi: Canali RussoLart\u00ebsia (H): 75 mmGjer\u00ebsia (B): 300 mmGjat\u00ebsia an\u00ebsore L1: 210 mmGjat\u00ebsia an\u00ebsore L2: 210 mmRrezja e harkut (r): 130 mmTrash\u00ebsia e materialit (s): 1 mmPesha: 1.27 kg<\/p>","protected":false},"featured_media":4490,"comment_status":"open","ping_status":"closed","template":"","meta":{"_acf_changed":false},"product_brand":[],"product_cat":[96,46],"product_tag":[],"class_list":{"0":"post-4487","1":"product","2":"type-product","3":"status-publish","4":"has-post-thumbnail","6":"product_cat-aksesore-montimi","7":"product_cat-sisteme-kanalina-metalike","9":"first","10":"instock","11":"shipping-taxable","12":"product-type-simple"},"acf":[],"_links":{"self":[{"href":"https:\/\/www.brikaelektrik.al\/al\/wp-json\/wp\/v2\/product\/4487","targetHints":{"allow":["GET"]}}],"collection":[{"href":"https:\/\/www.brikaelektrik.al\/al\/wp-json\/wp\/v2\/product"}],"about":[{"href":"https:\/\/www.brikaelektrik.al\/al\/wp-json\/wp\/v2\/types\/product"}],"replies":[{"embeddable":true,"href":"https:\/\/www.brikaelektrik.al\/al\/wp-json\/wp\/v2\/comments?post=4487"}],"wp:featuredmedia":[{"embeddable":true,"href":"https:\/\/www.brikaelektrik.al\/al\/wp-json\/wp\/v2\/media\/4490"}],"wp:attachment":[{"href":"https:\/\/www.brikaelektrik.al\/al\/wp-json\/wp\/v2\/media?parent=4487"}],"wp:term":[{"taxonomy":"product_brand","embeddable":true,"href":"https:\/\/www.brikaelektrik.al\/al\/wp-json\/wp\/v2\/product_brand?post=4487"},{"taxonomy":"product_cat","embeddable":true,"href":"https:\/\/www.brikaelektrik.al\/al\/wp-json\/wp\/v2\/product_cat?post=4487"},{"taxonomy":"product_tag","embeddable":true,"href":"https:\/\/www.brikaelektrik.al\/al\/wp-json\/wp\/v2\/product_tag?post=4487"}],"curies":[{"name":"wp","href":"https:\/\/api.w.org\/{rel}","templated":true}]}}