{"id":4492,"date":"2025-09-09T13:30:15","date_gmt":"2025-09-09T13:30:15","guid":{"rendered":"https:\/\/www.brikaelektrik.al\/?post_type=product&#038;p=4492"},"modified":"2025-09-09T13:30:15","modified_gmt":"2025-09-09T13:30:15","slug":"mbajtese-kanaline-ne-tavan-20cm","status":"publish","type":"product","link":"https:\/\/www.brikaelektrik.al\/al\/produkt\/mbajtese-kanaline-ne-tavan-20cm\/","title":{"rendered":"MBAJT\u00cbSE KANALINE N\u00cb TAVAN 20CM"},"content":{"rendered":"<p><strong data-start=\"175\" data-end=\"185\">Lloji:<\/strong> Mbajt\u00ebse metalike an\u00ebsore (support an\u00ebsor p\u00ebr kanal metalik)<br data-start=\"246\" data-end=\"249\" \/><strong data-start=\"249\" data-end=\"260\">Brandi:<\/strong> Canali Russo<br data-start=\"273\" data-end=\"276\" data-is-only-node=\"\" \/><strong data-start=\"276\" data-end=\"293\">Lart\u00ebsia (H):<\/strong> 130 mm<br data-start=\"300\" data-end=\"303\" \/><strong data-start=\"303\" data-end=\"320\">Gjer\u00ebsia (B):<\/strong> 30 mm<br data-start=\"326\" data-end=\"329\" \/><strong data-start=\"329\" data-end=\"355\">Gjer\u00ebsia an\u00ebsore (B1):<\/strong> 63 mm<br data-start=\"361\" data-end=\"364\" \/><strong data-start=\"364\" data-end=\"381\">Gjat\u00ebsia (L):<\/strong> 140 mm<br data-start=\"388\" data-end=\"391\" \/><strong data-start=\"391\" data-end=\"417\">Gjat\u00ebsia an\u00ebsore (L1):<\/strong> 140 mm<br data-start=\"424\" data-end=\"427\" \/><strong data-start=\"427\" data-end=\"458\">Trash\u00ebsia e materialit (s):<\/strong> 3 mm<br data-start=\"463\" data-end=\"466\" \/><strong data-start=\"466\" data-end=\"476\">Pesha:<\/strong> 0.736 kg<\/p>","protected":false},"excerpt":{"rendered":"<p>Lloji: Mbajt\u00ebse metalike an\u00ebsore (support an\u00ebsor p\u00ebr kanal metalik)Brandi: Canali RussoLart\u00ebsia (H): 130 mmGjer\u00ebsia (B): 30 mmGjer\u00ebsia an\u00ebsore (B1): 63 mmGjat\u00ebsia (L): 140 mmGjat\u00ebsia an\u00ebsore (L1): 140 mmTrash\u00ebsia e materialit (s): 3 mmPesha: 0.736 kg<\/p>","protected":false},"featured_media":4493,"comment_status":"open","ping_status":"closed","template":"","meta":{"_acf_changed":false},"product_brand":[],"product_cat":[96,46],"product_tag":[],"class_list":{"0":"post-4492","1":"product","2":"type-product","3":"status-publish","4":"has-post-thumbnail","6":"product_cat-aksesore-montimi","7":"product_cat-sisteme-kanalina-metalike","9":"first","10":"instock","11":"shipping-taxable","12":"product-type-simple"},"acf":[],"_links":{"self":[{"href":"https:\/\/www.brikaelektrik.al\/al\/wp-json\/wp\/v2\/product\/4492","targetHints":{"allow":["GET"]}}],"collection":[{"href":"https:\/\/www.brikaelektrik.al\/al\/wp-json\/wp\/v2\/product"}],"about":[{"href":"https:\/\/www.brikaelektrik.al\/al\/wp-json\/wp\/v2\/types\/product"}],"replies":[{"embeddable":true,"href":"https:\/\/www.brikaelektrik.al\/al\/wp-json\/wp\/v2\/comments?post=4492"}],"wp:featuredmedia":[{"embeddable":true,"href":"https:\/\/www.brikaelektrik.al\/al\/wp-json\/wp\/v2\/media\/4493"}],"wp:attachment":[{"href":"https:\/\/www.brikaelektrik.al\/al\/wp-json\/wp\/v2\/media?parent=4492"}],"wp:term":[{"taxonomy":"product_brand","embeddable":true,"href":"https:\/\/www.brikaelektrik.al\/al\/wp-json\/wp\/v2\/product_brand?post=4492"},{"taxonomy":"product_cat","embeddable":true,"href":"https:\/\/www.brikaelektrik.al\/al\/wp-json\/wp\/v2\/product_cat?post=4492"},{"taxonomy":"product_tag","embeddable":true,"href":"https:\/\/www.brikaelektrik.al\/al\/wp-json\/wp\/v2\/product_tag?post=4492"}],"curies":[{"name":"wp","href":"https:\/\/api.w.org\/{rel}","templated":true}]}}