{"id":4495,"date":"2025-09-09T13:39:31","date_gmt":"2025-09-09T13:39:31","guid":{"rendered":"https:\/\/www.brikaelektrik.al\/?post_type=product&#038;p=4495"},"modified":"2025-09-09T13:39:31","modified_gmt":"2025-09-09T13:39:31","slug":"brryl-ne-plan-90o-500x75","status":"publish","type":"product","link":"https:\/\/www.brikaelektrik.al\/al\/produkt\/brryl-ne-plan-90o-500x75\/","title":{"rendered":"BRRYL N\u00cb PLAN 90\u00ba 500X75"},"content":{"rendered":"<p><strong data-start=\"164\" data-end=\"174\">Lloji:<\/strong> Deg\u00ebzim \u201cT\u201d horizontal p\u00ebr kanale metalike (derivacion T)<br data-start=\"232\" data-end=\"235\" \/><strong data-start=\"235\" data-end=\"246\">Brandi:<\/strong> Canali Russo<br data-start=\"259\" data-end=\"262\" data-is-only-node=\"\" \/><strong data-start=\"262\" data-end=\"279\">Lart\u00ebsia (H):<\/strong> 75 mm<br data-start=\"285\" data-end=\"288\" \/><strong data-start=\"288\" data-end=\"305\">Gjer\u00ebsia (B):<\/strong> 500 mm<br data-start=\"312\" data-end=\"315\" \/><strong data-start=\"315\" data-end=\"339\">Gjat\u00ebsia an\u00ebsore L1:<\/strong> 630 mm<br data-start=\"346\" data-end=\"349\" \/><strong data-start=\"349\" data-end=\"373\">Gjat\u00ebsia an\u00ebsore L2:<\/strong> 630 mm<br data-start=\"380\" data-end=\"383\" \/><strong data-start=\"383\" data-end=\"407\">Rrezja e harkut (r):<\/strong> 130 mm<br data-start=\"414\" data-end=\"417\" \/><strong data-start=\"417\" data-end=\"448\">Trash\u00ebsia e materialit (s):<\/strong> 1 mm<br data-start=\"453\" data-end=\"456\" \/><strong data-start=\"456\" data-end=\"466\">Pesha:<\/strong> 1.21 kg<\/p>","protected":false},"excerpt":{"rendered":"<p>Lloji: Deg\u00ebzim \u201cT\u201d horizontal p\u00ebr kanale metalike (derivacion T)Brandi: Canali RussoLart\u00ebsia (H): 75 mmGjer\u00ebsia (B): 500 mmGjat\u00ebsia an\u00ebsore L1: 630 mmGjat\u00ebsia an\u00ebsore L2: 630 mmRrezja e harkut (r): 130 mmTrash\u00ebsia e materialit (s): 1 mmPesha: 1.21 kg<\/p>","protected":false},"featured_media":4496,"comment_status":"open","ping_status":"closed","template":"","meta":{"_acf_changed":false},"product_brand":[],"product_cat":[96,46],"product_tag":[],"class_list":{"0":"post-4495","1":"product","2":"type-product","3":"status-publish","4":"has-post-thumbnail","6":"product_cat-aksesore-montimi","7":"product_cat-sisteme-kanalina-metalike","9":"first","10":"instock","11":"shipping-taxable","12":"product-type-simple"},"acf":[],"_links":{"self":[{"href":"https:\/\/www.brikaelektrik.al\/al\/wp-json\/wp\/v2\/product\/4495","targetHints":{"allow":["GET"]}}],"collection":[{"href":"https:\/\/www.brikaelektrik.al\/al\/wp-json\/wp\/v2\/product"}],"about":[{"href":"https:\/\/www.brikaelektrik.al\/al\/wp-json\/wp\/v2\/types\/product"}],"replies":[{"embeddable":true,"href":"https:\/\/www.brikaelektrik.al\/al\/wp-json\/wp\/v2\/comments?post=4495"}],"wp:featuredmedia":[{"embeddable":true,"href":"https:\/\/www.brikaelektrik.al\/al\/wp-json\/wp\/v2\/media\/4496"}],"wp:attachment":[{"href":"https:\/\/www.brikaelektrik.al\/al\/wp-json\/wp\/v2\/media?parent=4495"}],"wp:term":[{"taxonomy":"product_brand","embeddable":true,"href":"https:\/\/www.brikaelektrik.al\/al\/wp-json\/wp\/v2\/product_brand?post=4495"},{"taxonomy":"product_cat","embeddable":true,"href":"https:\/\/www.brikaelektrik.al\/al\/wp-json\/wp\/v2\/product_cat?post=4495"},{"taxonomy":"product_tag","embeddable":true,"href":"https:\/\/www.brikaelektrik.al\/al\/wp-json\/wp\/v2\/product_tag?post=4495"}],"curies":[{"name":"wp","href":"https:\/\/api.w.org\/{rel}","templated":true}]}}