{"id":4498,"date":"2025-09-09T13:58:47","date_gmt":"2025-09-09T13:58:47","guid":{"rendered":"https:\/\/www.brikaelektrik.al\/?post_type=product&#038;p=4498"},"modified":"2025-09-09T13:58:47","modified_gmt":"2025-09-09T13:58:47","slug":"devijues-kryq-ne-plan-50x50","status":"publish","type":"product","link":"https:\/\/www.brikaelektrik.al\/al\/produkt\/devijues-kryq-ne-plan-50x50\/","title":{"rendered":"DEVIJUES KRYQ NE PLAN 50X50"},"content":{"rendered":"<p><strong data-start=\"175\" data-end=\"185\">Lloji:<\/strong> Deg\u00ebzim n\u00eb planin vertikal (ngjitje\/l\u00ebvizje lart p\u00ebr kanal metalik)<br data-start=\"253\" data-end=\"256\" \/><strong data-start=\"283\" data-end=\"300\">Lart\u00ebsia (H):<\/strong> 50 mm<br data-start=\"306\" data-end=\"309\" \/><strong data-start=\"309\" data-end=\"326\">Gjer\u00ebsia (B):<\/strong> 50 mm<br data-start=\"332\" data-end=\"335\" \/><strong data-start=\"335\" data-end=\"359\">Gjat\u00ebsia an\u00ebsore L1:<\/strong> 310 mm<br data-start=\"366\" data-end=\"369\" \/><strong data-start=\"369\" data-end=\"393\">Gjat\u00ebsia an\u00ebsore L2:<\/strong> 310 mm<br data-start=\"400\" data-end=\"403\" \/><strong data-start=\"403\" data-end=\"427\">Rrezja e harkut (r):<\/strong> 130 mm<br data-start=\"434\" data-end=\"437\" \/><strong data-start=\"437\" data-end=\"468\">Trash\u00ebsia e materialit (s):<\/strong> 1 mm<br data-start=\"473\" data-end=\"476\" \/><strong data-start=\"476\" data-end=\"486\">Pesha:<\/strong> 0.57 kg<\/p>","protected":false},"excerpt":{"rendered":"<p>Lloji: Deg\u00ebzim n\u00eb planin vertikal (ngjitje\/l\u00ebvizje lart p\u00ebr kanal metalik)Lart\u00ebsia (H): 50 mmGjer\u00ebsia (B): 50 mmGjat\u00ebsia an\u00ebsore L1: 310 mmGjat\u00ebsia an\u00ebsore L2: 310 mmRrezja e harkut (r): 130 mmTrash\u00ebsia e materialit (s): 1 mmPesha: 0.57 kg<\/p>","protected":false},"featured_media":4500,"comment_status":"open","ping_status":"closed","template":"","meta":{"_acf_changed":false},"product_brand":[],"product_cat":[96,46],"product_tag":[],"class_list":{"0":"post-4498","1":"product","2":"type-product","3":"status-publish","4":"has-post-thumbnail","6":"product_cat-aksesore-montimi","7":"product_cat-sisteme-kanalina-metalike","9":"first","10":"instock","11":"shipping-taxable","12":"product-type-simple"},"acf":[],"_links":{"self":[{"href":"https:\/\/www.brikaelektrik.al\/al\/wp-json\/wp\/v2\/product\/4498","targetHints":{"allow":["GET"]}}],"collection":[{"href":"https:\/\/www.brikaelektrik.al\/al\/wp-json\/wp\/v2\/product"}],"about":[{"href":"https:\/\/www.brikaelektrik.al\/al\/wp-json\/wp\/v2\/types\/product"}],"replies":[{"embeddable":true,"href":"https:\/\/www.brikaelektrik.al\/al\/wp-json\/wp\/v2\/comments?post=4498"}],"wp:featuredmedia":[{"embeddable":true,"href":"https:\/\/www.brikaelektrik.al\/al\/wp-json\/wp\/v2\/media\/4500"}],"wp:attachment":[{"href":"https:\/\/www.brikaelektrik.al\/al\/wp-json\/wp\/v2\/media?parent=4498"}],"wp:term":[{"taxonomy":"product_brand","embeddable":true,"href":"https:\/\/www.brikaelektrik.al\/al\/wp-json\/wp\/v2\/product_brand?post=4498"},{"taxonomy":"product_cat","embeddable":true,"href":"https:\/\/www.brikaelektrik.al\/al\/wp-json\/wp\/v2\/product_cat?post=4498"},{"taxonomy":"product_tag","embeddable":true,"href":"https:\/\/www.brikaelektrik.al\/al\/wp-json\/wp\/v2\/product_tag?post=4498"}],"curies":[{"name":"wp","href":"https:\/\/api.w.org\/{rel}","templated":true}]}}