{"id":4501,"date":"2025-09-09T14:18:05","date_gmt":"2025-09-09T14:18:05","guid":{"rendered":"https:\/\/www.brikaelektrik.al\/?post_type=product&#038;p=4501"},"modified":"2025-09-09T14:18:05","modified_gmt":"2025-09-09T14:18:05","slug":"devijues-kryq-ne-plan-500x75","status":"publish","type":"product","link":"https:\/\/www.brikaelektrik.al\/al\/produkt\/devijues-kryq-ne-plan-500x75\/","title":{"rendered":"DEVIJUES KRYQ N\u00cb PLAN 500X75"},"content":{"rendered":"<p><strong data-start=\"171\" data-end=\"181\">Lloji:<\/strong> Deg\u00ebzim vertikal p\u00ebr ngjitje (ngjitje lart p\u00ebr kanal metalik \u2013 &#8220;salita interna&#8221;)<br data-start=\"262\" data-end=\"265\" \/><strong data-start=\"292\" data-end=\"309\">Lart\u00ebsia (H):<\/strong> 75 mm<br data-start=\"315\" data-end=\"318\" \/><strong data-start=\"318\" data-end=\"335\">Gjer\u00ebsia (B):<\/strong> 500 mm<br data-start=\"342\" data-end=\"345\" \/><strong data-start=\"345\" data-end=\"369\">Gjat\u00ebsia an\u00ebsore L1:<\/strong> 760 mm<br data-start=\"376\" data-end=\"379\" \/><strong data-start=\"379\" data-end=\"403\">Gjat\u00ebsia an\u00ebsore L2:<\/strong> 760 mm<br data-start=\"410\" data-end=\"413\" \/><strong data-start=\"413\" data-end=\"437\">Rrezja e harkut (r):<\/strong> 130 mm<br data-start=\"444\" data-end=\"447\" \/><strong data-start=\"447\" data-end=\"478\">Trash\u00ebsia e materialit (s):<\/strong> 1 mm<br data-start=\"483\" data-end=\"486\" \/><strong data-start=\"486\" data-end=\"496\">Pesha:<\/strong> 4.67 kg<\/p>","protected":false},"excerpt":{"rendered":"<p>Lloji: Deg\u00ebzim vertikal p\u00ebr ngjitje (ngjitje lart p\u00ebr kanal metalik \u2013 &#8220;salita interna&#8221;)Lart\u00ebsia (H): 75 mmGjer\u00ebsia (B): 500 mmGjat\u00ebsia an\u00ebsore L1: 760 mmGjat\u00ebsia an\u00ebsore L2: 760 mmRrezja e harkut (r): 130 mmTrash\u00ebsia e materialit (s): 1 mmPesha: 4.67 kg<\/p>","protected":false},"featured_media":4500,"comment_status":"open","ping_status":"closed","template":"","meta":{"_acf_changed":false},"product_brand":[],"product_cat":[96,46],"product_tag":[],"class_list":{"0":"post-4501","1":"product","2":"type-product","3":"status-publish","4":"has-post-thumbnail","6":"product_cat-aksesore-montimi","7":"product_cat-sisteme-kanalina-metalike","9":"first","10":"instock","11":"shipping-taxable","12":"product-type-simple"},"acf":[],"_links":{"self":[{"href":"https:\/\/www.brikaelektrik.al\/al\/wp-json\/wp\/v2\/product\/4501","targetHints":{"allow":["GET"]}}],"collection":[{"href":"https:\/\/www.brikaelektrik.al\/al\/wp-json\/wp\/v2\/product"}],"about":[{"href":"https:\/\/www.brikaelektrik.al\/al\/wp-json\/wp\/v2\/types\/product"}],"replies":[{"embeddable":true,"href":"https:\/\/www.brikaelektrik.al\/al\/wp-json\/wp\/v2\/comments?post=4501"}],"wp:featuredmedia":[{"embeddable":true,"href":"https:\/\/www.brikaelektrik.al\/al\/wp-json\/wp\/v2\/media\/4500"}],"wp:attachment":[{"href":"https:\/\/www.brikaelektrik.al\/al\/wp-json\/wp\/v2\/media?parent=4501"}],"wp:term":[{"taxonomy":"product_brand","embeddable":true,"href":"https:\/\/www.brikaelektrik.al\/al\/wp-json\/wp\/v2\/product_brand?post=4501"},{"taxonomy":"product_cat","embeddable":true,"href":"https:\/\/www.brikaelektrik.al\/al\/wp-json\/wp\/v2\/product_cat?post=4501"},{"taxonomy":"product_tag","embeddable":true,"href":"https:\/\/www.brikaelektrik.al\/al\/wp-json\/wp\/v2\/product_tag?post=4501"}],"curies":[{"name":"wp","href":"https:\/\/api.w.org\/{rel}","templated":true}]}}