{"id":4509,"date":"2025-09-11T12:46:27","date_gmt":"2025-09-11T12:46:27","guid":{"rendered":"https:\/\/www.brikaelektrik.al\/?post_type=product&#038;p=4509"},"modified":"2025-09-11T12:46:28","modified_gmt":"2025-09-11T12:46:28","slug":"devijues-t-ne-plan-5400-x-75","status":"publish","type":"product","link":"https:\/\/www.brikaelektrik.al\/al\/produkt\/devijues-t-ne-plan-5400-x-75\/","title":{"rendered":"DEVIJUES T N\u00cb PLAN 5400 X 75"},"content":{"rendered":"<p><strong data-start=\"112\" data-end=\"122\">Lloji:<\/strong> Deg\u00ebzim vertikal p\u00ebr ngjitje (ngjitje lart p\u00ebr kanal metalik \u2013 &#8220;salita interna&#8221;)<br data-start=\"222\" data-end=\"225\" \/><strong data-start=\"225\" data-end=\"242\" data-is-only-node=\"\">Lart\u00ebsia (H):<\/strong> 75 mm<br data-start=\"248\" data-end=\"251\" \/><strong data-start=\"251\" data-end=\"268\">Gjer\u00ebsia (B):<\/strong> 500 mm<br data-start=\"275\" data-end=\"278\" \/><strong data-start=\"278\" data-end=\"302\">Gjat\u00ebsia an\u00ebsore L1:<\/strong> 760 mm<br data-start=\"309\" data-end=\"312\" \/><strong data-start=\"312\" data-end=\"336\">Gjat\u00ebsia an\u00ebsore L2:<\/strong> 635 mm<br data-start=\"343\" data-end=\"346\" \/><strong data-start=\"346\" data-end=\"370\">Rrezja e harkut (r):<\/strong> 130 mm<br data-start=\"377\" data-end=\"380\" \/><strong data-start=\"380\" data-end=\"411\">Trash\u00ebsia e materialit (s):<\/strong> 1 mm<br data-start=\"416\" data-end=\"419\" \/><strong data-start=\"419\" data-end=\"429\">Pesha:<\/strong> 4.33 kg<\/p>","protected":false},"excerpt":{"rendered":"<p>Lloji: Deg\u00ebzim vertikal p\u00ebr ngjitje (ngjitje lart p\u00ebr kanal metalik \u2013 &#8220;salita interna&#8221;)Lart\u00ebsia (H): 75 mmGjer\u00ebsia (B): 500 mmGjat\u00ebsia an\u00ebsore L1: 760 mmGjat\u00ebsia an\u00ebsore L2: 635 mmRrezja e harkut (r): 130 mmTrash\u00ebsia e materialit (s): 1 mmPesha: 4.33 kg<\/p>","protected":false},"featured_media":4510,"comment_status":"open","ping_status":"closed","template":"","meta":{"_acf_changed":false},"product_brand":[],"product_cat":[96,46],"product_tag":[],"class_list":{"0":"post-4509","1":"product","2":"type-product","3":"status-publish","4":"has-post-thumbnail","6":"product_cat-aksesore-montimi","7":"product_cat-sisteme-kanalina-metalike","9":"first","10":"instock","11":"shipping-taxable","12":"product-type-simple"},"acf":[],"_links":{"self":[{"href":"https:\/\/www.brikaelektrik.al\/al\/wp-json\/wp\/v2\/product\/4509","targetHints":{"allow":["GET"]}}],"collection":[{"href":"https:\/\/www.brikaelektrik.al\/al\/wp-json\/wp\/v2\/product"}],"about":[{"href":"https:\/\/www.brikaelektrik.al\/al\/wp-json\/wp\/v2\/types\/product"}],"replies":[{"embeddable":true,"href":"https:\/\/www.brikaelektrik.al\/al\/wp-json\/wp\/v2\/comments?post=4509"}],"wp:featuredmedia":[{"embeddable":true,"href":"https:\/\/www.brikaelektrik.al\/al\/wp-json\/wp\/v2\/media\/4510"}],"wp:attachment":[{"href":"https:\/\/www.brikaelektrik.al\/al\/wp-json\/wp\/v2\/media?parent=4509"}],"wp:term":[{"taxonomy":"product_brand","embeddable":true,"href":"https:\/\/www.brikaelektrik.al\/al\/wp-json\/wp\/v2\/product_brand?post=4509"},{"taxonomy":"product_cat","embeddable":true,"href":"https:\/\/www.brikaelektrik.al\/al\/wp-json\/wp\/v2\/product_cat?post=4509"},{"taxonomy":"product_tag","embeddable":true,"href":"https:\/\/www.brikaelektrik.al\/al\/wp-json\/wp\/v2\/product_tag?post=4509"}],"curies":[{"name":"wp","href":"https:\/\/api.w.org\/{rel}","templated":true}]}}