{"id":4521,"date":"2025-09-11T13:47:18","date_gmt":"2025-09-11T13:47:18","guid":{"rendered":"https:\/\/www.brikaelektrik.al\/?post_type=product&#038;p=4521"},"modified":"2025-09-11T13:47:18","modified_gmt":"2025-09-11T13:47:18","slug":"kapak-kanaline-metal-b-200-2-5m","status":"publish","type":"product","link":"https:\/\/www.brikaelektrik.al\/al\/produkt\/kapak-kanaline-metal-b-200-2-5m\/","title":{"rendered":"KAPAK KANALINE METAL B 200 (2.5M)"},"content":{"rendered":"<p><strong data-start=\"83\" data-end=\"93\">Lloji:<\/strong> Mbules\u00eb fundore lineare (pjes\u00eb e drejt\u00eb p\u00ebr kanal metalik \u2013 &#8220;copertura lineare retta&#8221;)<br data-start=\"201\" data-end=\"204\" \/><strong data-start=\"204\" data-end=\"221\" data-is-only-node=\"\">Lart\u00ebsia (H):<\/strong> 20 mm<br data-start=\"227\" data-end=\"230\" \/><strong data-start=\"230\" data-end=\"247\">Gjer\u00ebsia (B):<\/strong> 200 mm<br data-start=\"254\" data-end=\"257\" \/><strong data-start=\"257\" data-end=\"274\">Gjat\u00ebsia (L):<\/strong> 3 m<br data-start=\"307\" data-end=\"310\" \/><strong data-start=\"310\" data-end=\"341\">Trash\u00ebsia e materialit (s):<\/strong> 0.6 mm<br data-start=\"348\" data-end=\"351\" \/><strong data-start=\"351\" data-end=\"361\">Pesha:<\/strong> 3.57 kg<\/p>","protected":false},"excerpt":{"rendered":"<p>Lloji: Mbules\u00eb fundore lineare (pjes\u00eb e drejt\u00eb p\u00ebr kanal metalik \u2013 &#8220;copertura lineare retta&#8221;)Lart\u00ebsia (H): 20 mmGjer\u00ebsia (B): 200 mmGjat\u00ebsia (L): 3 mTrash\u00ebsia e materialit (s): 0.6 mmPesha: 3.57 kg<\/p>","protected":false},"featured_media":4522,"comment_status":"open","ping_status":"closed","template":"","meta":{"_acf_changed":false},"product_brand":[],"product_cat":[96,46],"product_tag":[],"class_list":{"0":"post-4521","1":"product","2":"type-product","3":"status-publish","4":"has-post-thumbnail","6":"product_cat-aksesore-montimi","7":"product_cat-sisteme-kanalina-metalike","9":"first","10":"instock","11":"shipping-taxable","12":"product-type-simple"},"acf":[],"_links":{"self":[{"href":"https:\/\/www.brikaelektrik.al\/al\/wp-json\/wp\/v2\/product\/4521","targetHints":{"allow":["GET"]}}],"collection":[{"href":"https:\/\/www.brikaelektrik.al\/al\/wp-json\/wp\/v2\/product"}],"about":[{"href":"https:\/\/www.brikaelektrik.al\/al\/wp-json\/wp\/v2\/types\/product"}],"replies":[{"embeddable":true,"href":"https:\/\/www.brikaelektrik.al\/al\/wp-json\/wp\/v2\/comments?post=4521"}],"wp:featuredmedia":[{"embeddable":true,"href":"https:\/\/www.brikaelektrik.al\/al\/wp-json\/wp\/v2\/media\/4522"}],"wp:attachment":[{"href":"https:\/\/www.brikaelektrik.al\/al\/wp-json\/wp\/v2\/media?parent=4521"}],"wp:term":[{"taxonomy":"product_brand","embeddable":true,"href":"https:\/\/www.brikaelektrik.al\/al\/wp-json\/wp\/v2\/product_brand?post=4521"},{"taxonomy":"product_cat","embeddable":true,"href":"https:\/\/www.brikaelektrik.al\/al\/wp-json\/wp\/v2\/product_cat?post=4521"},{"taxonomy":"product_tag","embeddable":true,"href":"https:\/\/www.brikaelektrik.al\/al\/wp-json\/wp\/v2\/product_tag?post=4521"}],"curies":[{"name":"wp","href":"https:\/\/api.w.org\/{rel}","templated":true}]}}