{"id":4525,"date":"2025-09-11T14:06:35","date_gmt":"2025-09-11T14:06:35","guid":{"rendered":"https:\/\/www.brikaelektrik.al\/?post_type=product&#038;p=4525"},"modified":"2025-09-11T14:07:05","modified_gmt":"2025-09-11T14:07:05","slug":"kapak-kanaline-metal-b-150-2-5m","status":"publish","type":"product","link":"https:\/\/www.brikaelektrik.al\/al\/produkt\/kapak-kanaline-metal-b-150-2-5m\/","title":{"rendered":"KAPAK KANALINE METAL B 150 (2.5M)"},"content":{"rendered":"<p data-start=\"86\" data-end=\"374\"><strong data-start=\"86\" data-end=\"96\">Lloji:<\/strong> Mbules\u00eb fundore lineare (pjes\u00eb e drejt\u00eb p\u00ebr kanal metalik \u2013 &#8220;copertura lineare retta&#8221;)<br data-start=\"204\" data-end=\"207\" \/><strong data-start=\"207\" data-end=\"224\" data-is-only-node=\"\">Lart\u00ebsia (H):<\/strong> 20 mm<br data-start=\"230\" data-end=\"233\" \/><strong data-start=\"233\" data-end=\"250\">Gjer\u00ebsia (B):<\/strong> 150 mm<br data-start=\"257\" data-end=\"260\" \/><strong data-start=\"260\" data-end=\"277\">Gjat\u00ebsia (L):<\/strong> 3 m<br data-start=\"310\" data-end=\"313\" \/><strong data-start=\"313\" data-end=\"344\">Trash\u00ebsia e materialit (s):<\/strong> 0.6 mm<br data-start=\"351\" data-end=\"354\" \/><strong data-start=\"354\" data-end=\"364\">Pesha:<\/strong> 2.86 kg<\/p>","protected":false},"excerpt":{"rendered":"<p>Lloji: Mbules\u00eb fundore lineare (pjes\u00eb e drejt\u00eb p\u00ebr kanal metalik \u2013 &#8220;copertura lineare retta&#8221;)Lart\u00ebsia (H): 20 mmGjer\u00ebsia (B): 150 mmGjat\u00ebsia (L): 3 mTrash\u00ebsia e materialit (s): 0.6 mmPesha: 2.86 kg<\/p>","protected":false},"featured_media":4526,"comment_status":"open","ping_status":"closed","template":"","meta":{"_acf_changed":false},"product_brand":[],"product_cat":[96,46],"product_tag":[],"class_list":{"0":"post-4525","1":"product","2":"type-product","3":"status-publish","4":"has-post-thumbnail","6":"product_cat-aksesore-montimi","7":"product_cat-sisteme-kanalina-metalike","9":"first","10":"instock","11":"shipping-taxable","12":"product-type-simple"},"acf":[],"_links":{"self":[{"href":"https:\/\/www.brikaelektrik.al\/al\/wp-json\/wp\/v2\/product\/4525","targetHints":{"allow":["GET"]}}],"collection":[{"href":"https:\/\/www.brikaelektrik.al\/al\/wp-json\/wp\/v2\/product"}],"about":[{"href":"https:\/\/www.brikaelektrik.al\/al\/wp-json\/wp\/v2\/types\/product"}],"replies":[{"embeddable":true,"href":"https:\/\/www.brikaelektrik.al\/al\/wp-json\/wp\/v2\/comments?post=4525"}],"wp:featuredmedia":[{"embeddable":true,"href":"https:\/\/www.brikaelektrik.al\/al\/wp-json\/wp\/v2\/media\/4526"}],"wp:attachment":[{"href":"https:\/\/www.brikaelektrik.al\/al\/wp-json\/wp\/v2\/media?parent=4525"}],"wp:term":[{"taxonomy":"product_brand","embeddable":true,"href":"https:\/\/www.brikaelektrik.al\/al\/wp-json\/wp\/v2\/product_brand?post=4525"},{"taxonomy":"product_cat","embeddable":true,"href":"https:\/\/www.brikaelektrik.al\/al\/wp-json\/wp\/v2\/product_cat?post=4525"},{"taxonomy":"product_tag","embeddable":true,"href":"https:\/\/www.brikaelektrik.al\/al\/wp-json\/wp\/v2\/product_tag?post=4525"}],"curies":[{"name":"wp","href":"https:\/\/api.w.org\/{rel}","templated":true}]}}