{"id":4533,"date":"2025-09-11T14:16:41","date_gmt":"2025-09-11T14:16:41","guid":{"rendered":"https:\/\/www.brikaelektrik.al\/?post_type=product&#038;p=4533"},"modified":"2025-09-11T14:16:41","modified_gmt":"2025-09-11T14:16:41","slug":"kapak-kanaline-metal-b-75-2-5m","status":"publish","type":"product","link":"https:\/\/www.brikaelektrik.al\/al\/produkt\/kapak-kanaline-metal-b-75-2-5m\/","title":{"rendered":"KAPAK KANALINE METAL B 75 (2.5M)"},"content":{"rendered":"<p data-start=\"92\" data-end=\"379\"><strong data-start=\"92\" data-end=\"102\">Lloji:<\/strong> Mbules\u00eb fundore lineare (pjes\u00eb e drejt\u00eb p\u00ebr kanal metalik \u2013 &#8220;copertura lineare retta&#8221;)<br data-start=\"210\" data-end=\"213\" \/><strong data-start=\"213\" data-end=\"230\" data-is-only-node=\"\">Lart\u00ebsia (H):<\/strong> 20 mm<br data-start=\"236\" data-end=\"239\" \/><strong data-start=\"239\" data-end=\"256\">Gjer\u00ebsia (B):<\/strong> 75 mm<br data-start=\"262\" data-end=\"265\" \/><strong data-start=\"265\" data-end=\"282\">Gjat\u00ebsia (L):<\/strong> 3 m<br data-start=\"315\" data-end=\"318\" \/><strong data-start=\"318\" data-end=\"349\">Trash\u00ebsia e materialit (s):<\/strong> 0.6 mm<br data-start=\"356\" data-end=\"359\" \/><strong data-start=\"359\" data-end=\"369\">Pesha:<\/strong> 1.81 kg<\/p>","protected":false},"excerpt":{"rendered":"<p>Lloji: Mbules\u00eb fundore lineare (pjes\u00eb e drejt\u00eb p\u00ebr kanal metalik \u2013 &#8220;copertura lineare retta&#8221;)Lart\u00ebsia (H): 20 mmGjer\u00ebsia (B): 75 mmGjat\u00ebsia (L): 3 mTrash\u00ebsia e materialit (s): 0.6 mmPesha: 1.81 kg<\/p>","protected":false},"featured_media":4537,"comment_status":"open","ping_status":"closed","template":"","meta":{"_acf_changed":false},"product_brand":[],"product_cat":[96,46],"product_tag":[],"class_list":{"0":"post-4533","1":"product","2":"type-product","3":"status-publish","4":"has-post-thumbnail","6":"product_cat-aksesore-montimi","7":"product_cat-sisteme-kanalina-metalike","9":"first","10":"instock","11":"shipping-taxable","12":"product-type-simple"},"acf":[],"_links":{"self":[{"href":"https:\/\/www.brikaelektrik.al\/al\/wp-json\/wp\/v2\/product\/4533","targetHints":{"allow":["GET"]}}],"collection":[{"href":"https:\/\/www.brikaelektrik.al\/al\/wp-json\/wp\/v2\/product"}],"about":[{"href":"https:\/\/www.brikaelektrik.al\/al\/wp-json\/wp\/v2\/types\/product"}],"replies":[{"embeddable":true,"href":"https:\/\/www.brikaelektrik.al\/al\/wp-json\/wp\/v2\/comments?post=4533"}],"wp:featuredmedia":[{"embeddable":true,"href":"https:\/\/www.brikaelektrik.al\/al\/wp-json\/wp\/v2\/media\/4537"}],"wp:attachment":[{"href":"https:\/\/www.brikaelektrik.al\/al\/wp-json\/wp\/v2\/media?parent=4533"}],"wp:term":[{"taxonomy":"product_brand","embeddable":true,"href":"https:\/\/www.brikaelektrik.al\/al\/wp-json\/wp\/v2\/product_brand?post=4533"},{"taxonomy":"product_cat","embeddable":true,"href":"https:\/\/www.brikaelektrik.al\/al\/wp-json\/wp\/v2\/product_cat?post=4533"},{"taxonomy":"product_tag","embeddable":true,"href":"https:\/\/www.brikaelektrik.al\/al\/wp-json\/wp\/v2\/product_tag?post=4533"}],"curies":[{"name":"wp","href":"https:\/\/api.w.org\/{rel}","templated":true}]}}