{"id":4538,"date":"2025-09-11T14:28:12","date_gmt":"2025-09-11T14:28:12","guid":{"rendered":"https:\/\/www.brikaelektrik.al\/?post_type=product&#038;p=4538"},"modified":"2025-09-11T14:28:12","modified_gmt":"2025-09-11T14:28:12","slug":"kapak-per-brryl-ne-zbritje-45o-300x75","status":"publish","type":"product","link":"https:\/\/www.brikaelektrik.al\/al\/produkt\/kapak-per-brryl-ne-zbritje-45o-300x75\/","title":{"rendered":"KAPAK P\u00cbR BRRYL N\u00cb ZBRITJE 45\u00ba 300X75"},"content":{"rendered":"<p><strong data-start=\"86\" data-end=\"96\">Lloji:<\/strong> Deg\u00ebzim horizontal p\u00ebr ngjitje (ngjitje anash p\u00ebr kanal metalik)<br data-start=\"182\" data-end=\"185\" \/><strong data-start=\"185\" data-end=\"202\" data-is-only-node=\"\">Lart\u00ebsia (H):<\/strong> 10 mm<br data-start=\"208\" data-end=\"211\" \/><strong data-start=\"211\" data-end=\"228\">Gjer\u00ebsia (B):<\/strong> 300 mm<br data-start=\"235\" data-end=\"238\" \/><strong data-start=\"238\" data-end=\"262\">Gjat\u00ebsia an\u00ebsore L1:<\/strong> 35 mm<br data-start=\"268\" data-end=\"271\" \/><strong data-start=\"271\" data-end=\"295\">Gjat\u00ebsia an\u00ebsore L2:<\/strong> 170 mm<br data-start=\"302\" data-end=\"305\" \/><strong data-start=\"305\" data-end=\"329\">Rrezja e harkut (r):<\/strong> 130 mm<br data-start=\"336\" data-end=\"339\" \/><strong data-start=\"339\" data-end=\"370\">Trash\u00ebsia e materialit (s):<\/strong> 1 mm<br data-start=\"375\" data-end=\"378\" \/><strong data-start=\"378\" data-end=\"388\">Pesha:<\/strong> 0.54 kg<\/p>","protected":false},"excerpt":{"rendered":"<p>Lloji: Deg\u00ebzim horizontal p\u00ebr ngjitje (ngjitje anash p\u00ebr kanal metalik)Lart\u00ebsia (H): 10 mmGjer\u00ebsia (B): 300 mmGjat\u00ebsia an\u00ebsore L1: 35 mmGjat\u00ebsia an\u00ebsore L2: 170 mmRrezja e harkut (r): 130 mmTrash\u00ebsia e materialit (s): 1 mmPesha: 0.54 kg<\/p>","protected":false},"featured_media":4539,"comment_status":"open","ping_status":"closed","template":"","meta":{"_acf_changed":false},"product_brand":[],"product_cat":[96,46],"product_tag":[],"class_list":{"0":"post-4538","1":"product","2":"type-product","3":"status-publish","4":"has-post-thumbnail","6":"product_cat-aksesore-montimi","7":"product_cat-sisteme-kanalina-metalike","9":"first","10":"instock","11":"shipping-taxable","12":"product-type-simple"},"acf":[],"_links":{"self":[{"href":"https:\/\/www.brikaelektrik.al\/al\/wp-json\/wp\/v2\/product\/4538","targetHints":{"allow":["GET"]}}],"collection":[{"href":"https:\/\/www.brikaelektrik.al\/al\/wp-json\/wp\/v2\/product"}],"about":[{"href":"https:\/\/www.brikaelektrik.al\/al\/wp-json\/wp\/v2\/types\/product"}],"replies":[{"embeddable":true,"href":"https:\/\/www.brikaelektrik.al\/al\/wp-json\/wp\/v2\/comments?post=4538"}],"wp:featuredmedia":[{"embeddable":true,"href":"https:\/\/www.brikaelektrik.al\/al\/wp-json\/wp\/v2\/media\/4539"}],"wp:attachment":[{"href":"https:\/\/www.brikaelektrik.al\/al\/wp-json\/wp\/v2\/media?parent=4538"}],"wp:term":[{"taxonomy":"product_brand","embeddable":true,"href":"https:\/\/www.brikaelektrik.al\/al\/wp-json\/wp\/v2\/product_brand?post=4538"},{"taxonomy":"product_cat","embeddable":true,"href":"https:\/\/www.brikaelektrik.al\/al\/wp-json\/wp\/v2\/product_cat?post=4538"},{"taxonomy":"product_tag","embeddable":true,"href":"https:\/\/www.brikaelektrik.al\/al\/wp-json\/wp\/v2\/product_tag?post=4538"}],"curies":[{"name":"wp","href":"https:\/\/api.w.org\/{rel}","templated":true}]}}