{"id":4542,"date":"2025-09-12T13:33:43","date_gmt":"2025-09-12T13:33:43","guid":{"rendered":"https:\/\/www.brikaelektrik.al\/?post_type=product&#038;p=4542"},"modified":"2025-09-12T13:33:43","modified_gmt":"2025-09-12T13:33:43","slug":"devijues-kryq-ne-plan-75x75","status":"publish","type":"product","link":"https:\/\/www.brikaelektrik.al\/al\/produkt\/devijues-kryq-ne-plan-75x75\/","title":{"rendered":"DEVIJUES KRYQ N\u00cb PLAN 75X75"},"content":{"rendered":"<p><strong data-start=\"253\" data-end=\"269\">Lart\u00ebsia (H)<\/strong>: 75 mm<br data-start=\"276\" data-end=\"279\" \/><strong data-start=\"279\" data-end=\"295\" data-is-only-node=\"\">Gjer\u00ebsia (B)<\/strong>: 75 mm<br data-start=\"302\" data-end=\"305\" \/><strong data-start=\"305\" data-end=\"311\">L1<\/strong>: 335 mm<br data-start=\"319\" data-end=\"322\" \/><strong data-start=\"322\" data-end=\"328\">L2<\/strong>: 335 mm<br data-start=\"336\" data-end=\"339\" \/><strong data-start=\"339\" data-end=\"356\">Trash\u00ebsia (s)<\/strong>: 1 mm<br data-start=\"362\" data-end=\"365\" \/><strong data-start=\"365\" data-end=\"379\">Rrezja (r)<\/strong>: 130 mm<br data-start=\"387\" data-end=\"390\" \/><strong data-start=\"390\" data-end=\"399\">Pesha<\/strong>: 1.07 kg<\/p>","protected":false},"excerpt":{"rendered":"<p>Lart\u00ebsia (H): 75 mmGjer\u00ebsia (B): 75 mmL1: 335 mmL2: 335 mmTrash\u00ebsia (s): 1 mmRrezja (r): 130 mmPesha: 1.07 kg<\/p>","protected":false},"featured_media":4543,"comment_status":"open","ping_status":"closed","template":"","meta":{"_acf_changed":false},"product_brand":[],"product_cat":[96,46],"product_tag":[],"class_list":{"0":"post-4542","1":"product","2":"type-product","3":"status-publish","4":"has-post-thumbnail","6":"product_cat-aksesore-montimi","7":"product_cat-sisteme-kanalina-metalike","9":"first","10":"instock","11":"shipping-taxable","12":"product-type-simple"},"acf":[],"_links":{"self":[{"href":"https:\/\/www.brikaelektrik.al\/al\/wp-json\/wp\/v2\/product\/4542","targetHints":{"allow":["GET"]}}],"collection":[{"href":"https:\/\/www.brikaelektrik.al\/al\/wp-json\/wp\/v2\/product"}],"about":[{"href":"https:\/\/www.brikaelektrik.al\/al\/wp-json\/wp\/v2\/types\/product"}],"replies":[{"embeddable":true,"href":"https:\/\/www.brikaelektrik.al\/al\/wp-json\/wp\/v2\/comments?post=4542"}],"wp:featuredmedia":[{"embeddable":true,"href":"https:\/\/www.brikaelektrik.al\/al\/wp-json\/wp\/v2\/media\/4543"}],"wp:attachment":[{"href":"https:\/\/www.brikaelektrik.al\/al\/wp-json\/wp\/v2\/media?parent=4542"}],"wp:term":[{"taxonomy":"product_brand","embeddable":true,"href":"https:\/\/www.brikaelektrik.al\/al\/wp-json\/wp\/v2\/product_brand?post=4542"},{"taxonomy":"product_cat","embeddable":true,"href":"https:\/\/www.brikaelektrik.al\/al\/wp-json\/wp\/v2\/product_cat?post=4542"},{"taxonomy":"product_tag","embeddable":true,"href":"https:\/\/www.brikaelektrik.al\/al\/wp-json\/wp\/v2\/product_tag?post=4542"}],"curies":[{"name":"wp","href":"https:\/\/api.w.org\/{rel}","templated":true}]}}