{"id":4546,"date":"2025-09-12T13:55:20","date_gmt":"2025-09-12T13:55:20","guid":{"rendered":"https:\/\/www.brikaelektrik.al\/?post_type=product&#038;p=4546"},"modified":"2025-09-12T13:55:20","modified_gmt":"2025-09-12T13:55:20","slug":"kanaline-e-zinguar-me-vrima-500x75","status":"publish","type":"product","link":"https:\/\/www.brikaelektrik.al\/al\/produkt\/kanaline-e-zinguar-me-vrima-500x75\/","title":{"rendered":"KANALIN\u00cb E ZINGUAR ME VRIMA 500X75"},"content":{"rendered":"<p><strong data-start=\"174\" data-end=\"190\">Lart\u00ebsia (H)<\/strong>: 75 mm<br data-start=\"197\" data-end=\"200\" \/><strong data-start=\"200\" data-end=\"216\" data-is-only-node=\"\">Gjer\u00ebsia (B)<\/strong>: 500 mm<br data-start=\"224\" data-end=\"227\" \/><strong data-start=\"227\" data-end=\"243\">Gjat\u00ebsia (L)<\/strong>: 3 m<br data-start=\"248\" data-end=\"251\" \/><strong data-start=\"251\" data-end=\"268\">Trash\u00ebsia (s)<\/strong>: 1.2 mm<br data-start=\"276\" data-end=\"279\" \/><strong data-start=\"279\" data-end=\"309\">Sip\u00ebrfaqe e seksionit (su)<\/strong>: 18,750 mm\u00b2<br data-start=\"321\" data-end=\"324\" \/><strong data-start=\"324\" data-end=\"333\">Pesha<\/strong>: 18.2 kg<\/p>","protected":false},"excerpt":{"rendered":"<p>Lart\u00ebsia (H): 75 mmGjer\u00ebsia (B): 500 mmGjat\u00ebsia (L): 3 mTrash\u00ebsia (s): 1.2 mmSip\u00ebrfaqe e seksionit (su): 18,750 mm\u00b2Pesha: 18.2 kg<\/p>","protected":false},"featured_media":4547,"comment_status":"open","ping_status":"closed","template":"","meta":{"_acf_changed":false},"product_brand":[],"product_cat":[96,46],"product_tag":[],"class_list":{"0":"post-4546","1":"product","2":"type-product","3":"status-publish","4":"has-post-thumbnail","6":"product_cat-aksesore-montimi","7":"product_cat-sisteme-kanalina-metalike","9":"first","10":"instock","11":"shipping-taxable","12":"product-type-simple"},"acf":[],"_links":{"self":[{"href":"https:\/\/www.brikaelektrik.al\/al\/wp-json\/wp\/v2\/product\/4546","targetHints":{"allow":["GET"]}}],"collection":[{"href":"https:\/\/www.brikaelektrik.al\/al\/wp-json\/wp\/v2\/product"}],"about":[{"href":"https:\/\/www.brikaelektrik.al\/al\/wp-json\/wp\/v2\/types\/product"}],"replies":[{"embeddable":true,"href":"https:\/\/www.brikaelektrik.al\/al\/wp-json\/wp\/v2\/comments?post=4546"}],"wp:featuredmedia":[{"embeddable":true,"href":"https:\/\/www.brikaelektrik.al\/al\/wp-json\/wp\/v2\/media\/4547"}],"wp:attachment":[{"href":"https:\/\/www.brikaelektrik.al\/al\/wp-json\/wp\/v2\/media?parent=4546"}],"wp:term":[{"taxonomy":"product_brand","embeddable":true,"href":"https:\/\/www.brikaelektrik.al\/al\/wp-json\/wp\/v2\/product_brand?post=4546"},{"taxonomy":"product_cat","embeddable":true,"href":"https:\/\/www.brikaelektrik.al\/al\/wp-json\/wp\/v2\/product_cat?post=4546"},{"taxonomy":"product_tag","embeddable":true,"href":"https:\/\/www.brikaelektrik.al\/al\/wp-json\/wp\/v2\/product_tag?post=4546"}],"curies":[{"name":"wp","href":"https:\/\/api.w.org\/{rel}","templated":true}]}}