{"id":4551,"date":"2025-09-12T14:11:19","date_gmt":"2025-09-12T14:11:19","guid":{"rendered":"https:\/\/www.brikaelektrik.al\/?post_type=product&#038;p=4551"},"modified":"2025-09-12T14:12:43","modified_gmt":"2025-09-12T14:12:43","slug":"4551","status":"publish","type":"product","link":"https:\/\/www.brikaelektrik.al\/al\/produkt\/4551\/","title":{"rendered":"REDUKSION KANALINE 200X75 N\u00cb PLAN"},"content":{"rendered":"<p><strong data-start=\"180\" data-end=\"196\">Lart\u00ebsia (H)<\/strong>: 75 mm<br data-start=\"203\" data-end=\"206\" \/><strong data-start=\"206\" data-end=\"222\" data-is-only-node=\"\">Gjer\u00ebsia (B)<\/strong>: 75 mm<br data-start=\"229\" data-end=\"232\" \/><strong data-start=\"232\" data-end=\"238\">L1<\/strong>: 200 mm<br data-start=\"246\" data-end=\"249\" \/><strong data-start=\"249\" data-end=\"255\">L2<\/strong>: 300 mm<br data-start=\"263\" data-end=\"266\" \/><strong data-start=\"266\" data-end=\"283\">Trash\u00ebsia (s)<\/strong>: 1 mm<br data-start=\"289\" data-end=\"292\" \/><strong data-start=\"292\" data-end=\"301\">Pesha<\/strong>: 0.77 kg<\/p>","protected":false},"excerpt":{"rendered":"<p>Lart\u00ebsia (H): 75 mmGjer\u00ebsia (B): 75 mmL1: 200 mmL2: 300 mmTrash\u00ebsia (s): 1 mmPesha: 0.77 kg<\/p>","protected":false},"featured_media":4552,"comment_status":"open","ping_status":"closed","template":"","meta":{"_acf_changed":false},"product_brand":[],"product_cat":[96,46],"product_tag":[],"class_list":{"0":"post-4551","1":"product","2":"type-product","3":"status-publish","4":"has-post-thumbnail","6":"product_cat-aksesore-montimi","7":"product_cat-sisteme-kanalina-metalike","9":"first","10":"instock","11":"shipping-taxable","12":"product-type-simple"},"acf":[],"_links":{"self":[{"href":"https:\/\/www.brikaelektrik.al\/al\/wp-json\/wp\/v2\/product\/4551","targetHints":{"allow":["GET"]}}],"collection":[{"href":"https:\/\/www.brikaelektrik.al\/al\/wp-json\/wp\/v2\/product"}],"about":[{"href":"https:\/\/www.brikaelektrik.al\/al\/wp-json\/wp\/v2\/types\/product"}],"replies":[{"embeddable":true,"href":"https:\/\/www.brikaelektrik.al\/al\/wp-json\/wp\/v2\/comments?post=4551"}],"wp:featuredmedia":[{"embeddable":true,"href":"https:\/\/www.brikaelektrik.al\/al\/wp-json\/wp\/v2\/media\/4552"}],"wp:attachment":[{"href":"https:\/\/www.brikaelektrik.al\/al\/wp-json\/wp\/v2\/media?parent=4551"}],"wp:term":[{"taxonomy":"product_brand","embeddable":true,"href":"https:\/\/www.brikaelektrik.al\/al\/wp-json\/wp\/v2\/product_brand?post=4551"},{"taxonomy":"product_cat","embeddable":true,"href":"https:\/\/www.brikaelektrik.al\/al\/wp-json\/wp\/v2\/product_cat?post=4551"},{"taxonomy":"product_tag","embeddable":true,"href":"https:\/\/www.brikaelektrik.al\/al\/wp-json\/wp\/v2\/product_tag?post=4551"}],"curies":[{"name":"wp","href":"https:\/\/api.w.org\/{rel}","templated":true}]}}