{"id":4555,"date":"2025-09-12T14:18:50","date_gmt":"2025-09-12T14:18:50","guid":{"rendered":"https:\/\/www.brikaelektrik.al\/?post_type=product&#038;p=4555"},"modified":"2025-09-12T14:18:50","modified_gmt":"2025-09-12T14:18:50","slug":"brryl-ne-ngritje-45o-100x75","status":"publish","type":"product","link":"https:\/\/www.brikaelektrik.al\/al\/produkt\/brryl-ne-ngritje-45o-100x75\/","title":{"rendered":"BRRYL N\u00cb NGRITJE 45\u00ba 100X75"},"content":{"rendered":"<p><strong data-start=\"175\" data-end=\"191\">Lart\u00ebsia (H)<\/strong>: 75 mm<br data-start=\"198\" data-end=\"201\" \/><strong data-start=\"201\" data-end=\"217\" data-is-only-node=\"\">Gjer\u00ebsia (B)<\/strong>: 100 mm<br data-start=\"225\" data-end=\"228\" \/><strong data-start=\"228\" data-end=\"234\">L1<\/strong>: 125 mm<br data-start=\"242\" data-end=\"245\" \/><strong data-start=\"245\" data-end=\"251\">L2<\/strong>: 180 mm<br data-start=\"259\" data-end=\"262\" \/><strong data-start=\"262\" data-end=\"279\">Trash\u00ebsia (s)<\/strong>: 1 mm<br data-start=\"285\" data-end=\"288\" \/><strong data-start=\"288\" data-end=\"302\">Rrezja (r)<\/strong>: 130 mm<br data-start=\"310\" data-end=\"313\" \/><strong data-start=\"313\" data-end=\"322\">Pesha<\/strong>: 0.40 kg<\/p>","protected":false},"excerpt":{"rendered":"<p>Lart\u00ebsia (H): 75 mmGjer\u00ebsia (B): 100 mmL1: 125 mmL2: 180 mmTrash\u00ebsia (s): 1 mmRrezja (r): 130 mmPesha: 0.40 kg<\/p>","protected":false},"featured_media":4556,"comment_status":"open","ping_status":"closed","template":"","meta":{"_acf_changed":false},"product_brand":[],"product_cat":[96,46],"product_tag":[],"class_list":{"0":"post-4555","1":"product","2":"type-product","3":"status-publish","4":"has-post-thumbnail","6":"product_cat-aksesore-montimi","7":"product_cat-sisteme-kanalina-metalike","9":"first","10":"instock","11":"shipping-taxable","12":"product-type-simple"},"acf":[],"_links":{"self":[{"href":"https:\/\/www.brikaelektrik.al\/al\/wp-json\/wp\/v2\/product\/4555","targetHints":{"allow":["GET"]}}],"collection":[{"href":"https:\/\/www.brikaelektrik.al\/al\/wp-json\/wp\/v2\/product"}],"about":[{"href":"https:\/\/www.brikaelektrik.al\/al\/wp-json\/wp\/v2\/types\/product"}],"replies":[{"embeddable":true,"href":"https:\/\/www.brikaelektrik.al\/al\/wp-json\/wp\/v2\/comments?post=4555"}],"wp:featuredmedia":[{"embeddable":true,"href":"https:\/\/www.brikaelektrik.al\/al\/wp-json\/wp\/v2\/media\/4556"}],"wp:attachment":[{"href":"https:\/\/www.brikaelektrik.al\/al\/wp-json\/wp\/v2\/media?parent=4555"}],"wp:term":[{"taxonomy":"product_brand","embeddable":true,"href":"https:\/\/www.brikaelektrik.al\/al\/wp-json\/wp\/v2\/product_brand?post=4555"},{"taxonomy":"product_cat","embeddable":true,"href":"https:\/\/www.brikaelektrik.al\/al\/wp-json\/wp\/v2\/product_cat?post=4555"},{"taxonomy":"product_tag","embeddable":true,"href":"https:\/\/www.brikaelektrik.al\/al\/wp-json\/wp\/v2\/product_tag?post=4555"}],"curies":[{"name":"wp","href":"https:\/\/api.w.org\/{rel}","templated":true}]}}