{"id":4588,"date":"2025-09-13T09:03:55","date_gmt":"2025-09-13T09:03:55","guid":{"rendered":"https:\/\/www.brikaelektrik.al\/?post_type=product&#038;p=4588"},"modified":"2025-09-13T09:03:56","modified_gmt":"2025-09-13T09:03:56","slug":"llampe-sinjali-per-celesa-230v-e-bardhe","status":"publish","type":"product","link":"https:\/\/www.brikaelektrik.al\/al\/produkt\/llampe-sinjali-per-celesa-230v-e-bardhe\/","title":{"rendered":"LLAMP\u00cb SINJALI P\u00cbR CEL\u00cbSA 230V (E BARDH\u00cb)"},"content":{"rendered":"<p><strong>Seria:<\/strong> Living Now \/ Kompatib\u00ebl me pajisje baz\u00eb t\u00eb seris\u00eb K4001, K4003, K4005, KG\/KW\/KM4002, K4034.<br \/>\n<strong>Tipi i ndri\u00e7imit:<\/strong> LED me ndri\u00e7im t\u00eb lart\u00eb (high luminosity)<br \/>\n<strong>Ngjyra e drit\u00ebs:<\/strong> E bardh\u00eb (white)<br \/>\n<strong>Tensioni i furnizimit:<\/strong> 230 V a.c.<br \/>\n<strong>Jet\u00ebgjat\u00ebsia e LED-it:<\/strong> \u2265 50.000 or\u00eb<br \/>\n<strong>Temperatura e funksionimit:<\/strong> \u20135 \u00b0C deri +50 \u00b0C<br \/>\n<strong>Temperatura e ruajtjes:<\/strong> \u201310 \u00b0C deri +70 \u00b0C<br \/>\n<strong>Mbrojtja:<\/strong> IP20 \/ IK02 (kur \u00ebsht\u00eb i montuar brenda mekanizmit)<br \/>\n<strong>Gjer\u00ebsia:<\/strong> Moduli i brendsh\u00ebm \u2013 p\u00ebrmbanet n\u00eb mekanizmat p\u00ebrkat\u00ebs<br \/>\n<strong>Montimi:<\/strong> Futet n\u00eb pajisjet baz\u00eb t\u00eb seris\u00eb Kxxxx si modul ndihm\u00ebs, montim i brendsh\u00ebm n\u00eb mekanizma elektrik\u00eb, pajisje murale ose panele<br \/>\n<strong>Funksion: <\/strong>Projektuar p\u00ebr ndri\u00e7im t\u00eb pas\u00ebm (backlighting) t\u00eb pajisjeve t\u00eb kontrollit baz\u00eb gjat\u00eb dit\u00ebs.<br \/>\n<strong>Standarde:<\/strong> IEC 62094-1, EN 60598-1<br \/>\n<strong>\u00c7ertifikata:<\/strong> CE, IMQ<\/p>","protected":false},"excerpt":{"rendered":"<p>Seria: Living Now \/ Kompatib\u00ebl me pajisje baz\u00eb t\u00eb seris\u00eb K4001, K4003, K4005, KG\/KW\/KM4002, K4034. Tipi i ndri\u00e7imit: LED me ndri\u00e7im t\u00eb lart\u00eb (high luminosity) Ngjyra e drit\u00ebs: E bardh\u00eb (white) Tensioni i furnizimit: 230 V a.c. Jet\u00ebgjat\u00ebsia e LED-it: \u2265 50.000 or\u00eb Temperatura e funksionimit: \u20135 \u00b0C deri +50 \u00b0C Temperatura e ruajtjes: \u201310 [&hellip;]<\/p>","protected":false},"featured_media":4589,"comment_status":"open","ping_status":"closed","template":"","meta":{"_acf_changed":false},"product_brand":[],"product_cat":[40,64],"product_tag":[],"class_list":{"0":"post-4588","1":"product","2":"type-product","3":"status-publish","4":"has-post-thumbnail","6":"product_cat-serite-civile","7":"product_cat-living-now","9":"first","10":"instock","11":"shipping-taxable","12":"product-type-simple"},"acf":[],"_links":{"self":[{"href":"https:\/\/www.brikaelektrik.al\/al\/wp-json\/wp\/v2\/product\/4588","targetHints":{"allow":["GET"]}}],"collection":[{"href":"https:\/\/www.brikaelektrik.al\/al\/wp-json\/wp\/v2\/product"}],"about":[{"href":"https:\/\/www.brikaelektrik.al\/al\/wp-json\/wp\/v2\/types\/product"}],"replies":[{"embeddable":true,"href":"https:\/\/www.brikaelektrik.al\/al\/wp-json\/wp\/v2\/comments?post=4588"}],"wp:featuredmedia":[{"embeddable":true,"href":"https:\/\/www.brikaelektrik.al\/al\/wp-json\/wp\/v2\/media\/4589"}],"wp:attachment":[{"href":"https:\/\/www.brikaelektrik.al\/al\/wp-json\/wp\/v2\/media?parent=4588"}],"wp:term":[{"taxonomy":"product_brand","embeddable":true,"href":"https:\/\/www.brikaelektrik.al\/al\/wp-json\/wp\/v2\/product_brand?post=4588"},{"taxonomy":"product_cat","embeddable":true,"href":"https:\/\/www.brikaelektrik.al\/al\/wp-json\/wp\/v2\/product_cat?post=4588"},{"taxonomy":"product_tag","embeddable":true,"href":"https:\/\/www.brikaelektrik.al\/al\/wp-json\/wp\/v2\/product_tag?post=4588"}],"curies":[{"name":"wp","href":"https:\/\/api.w.org\/{rel}","templated":true}]}}