{"id":4606,"date":"2025-09-15T07:10:35","date_gmt":"2025-09-15T07:10:35","guid":{"rendered":"https:\/\/www.brikaelektrik.al\/?post_type=product&#038;p=4606"},"modified":"2025-09-15T07:10:35","modified_gmt":"2025-09-15T07:10:35","slug":"prize-interneti-utp-cat6-e-bardhe","status":"publish","type":"product","link":"https:\/\/www.brikaelektrik.al\/al\/produkt\/prize-interneti-utp-cat6-e-bardhe\/","title":{"rendered":"PRIZ\u00cb INTERNETI UTP CAT6 E BARDH\u00cb"},"content":{"rendered":"<p><strong>Seria:<\/strong> Living Now &#8211; BTicino<br \/>\n<strong>Lloji:<\/strong> Lidh\u00ebs RJ45<br \/>\n<strong>Kategoria:<\/strong> Cat. 6 UTP (Unshielded Twisted Pair)<br \/>\n<strong>P\u00ebrdorimi:<\/strong> P\u00ebr transmetim t\u00eb t\u00eb dh\u00ebnave n\u00eb rrjete me shpejt\u00ebsi t\u00eb lart\u00eb (Gigabit Ethernet) \u2013 gjithashtu i p\u00ebrshtatsh\u00ebm p\u00ebr telefonin\u00eb<br \/>\n<strong>Materiali:<\/strong> Technopolymer + kontakte metalike (bak\u00ebr i veshur)<br \/>\n<strong>Ngjyra:<\/strong> E bardh\u00eb<br \/>\n<strong>Mbrojtja:<\/strong> IP20 (p\u00ebrdorim i brendsh\u00ebm)<br \/>\n<strong>Temperatura e pun\u00ebs:<\/strong> \u20135 \u00b0C deri +50 \u00b0C<br \/>\n<strong>Temperatura e magazinimit:<\/strong> \u201310 \u00b0C deri +70 \u00b0C<br \/>\n<strong>Montimi:<\/strong> Modul i vet\u00ebm, montim \u201csnap-on\u201d n\u00eb panele ose mbajt\u00ebse t\u00eb serive BTicino<br \/>\n<strong>Moduli:<\/strong> 1<br \/>\n<strong>Modeli:<\/strong> Keystone RJ45 \u2013 TOOLLESS IDC<br \/>\n<strong>Materiali \/ cil\u00ebsia:<\/strong> Plastike rezistente + kontakt p\u00ebr\u00e7ues pa halogjen<br \/>\n<strong>Lidhja:<\/strong> IDC TOOLLESS \u2013 pa p\u00ebrdorim veglash; instalim i shpejt\u00eb dhe i thjesht\u00eb<br \/>\n<strong>Halogjen free:<\/strong> Po<br \/>\n<strong>Standarde:<\/strong> N\u00eb p\u00ebrputhje me ISO\/IEC 11801, EN 50173, ANSI\/TIA-568<\/p>","protected":false},"excerpt":{"rendered":"<p>Seria: Living Now &#8211; BTicino Lloji: Lidh\u00ebs RJ45 Kategoria: Cat. 6 UTP (Unshielded Twisted Pair) P\u00ebrdorimi: P\u00ebr transmetim t\u00eb t\u00eb dh\u00ebnave n\u00eb rrjete me shpejt\u00ebsi t\u00eb lart\u00eb (Gigabit Ethernet) \u2013 gjithashtu i p\u00ebrshtatsh\u00ebm p\u00ebr telefonin\u00eb Materiali: Technopolymer + kontakte metalike (bak\u00ebr i veshur) Ngjyra: E bardh\u00eb Mbrojtja: IP20 (p\u00ebrdorim i brendsh\u00ebm) Temperatura e pun\u00ebs: \u20135 [&hellip;]<\/p>","protected":false},"featured_media":4607,"comment_status":"open","ping_status":"closed","template":"","meta":{"_acf_changed":false},"product_brand":[],"product_cat":[40,64],"product_tag":[],"class_list":{"0":"post-4606","1":"product","2":"type-product","3":"status-publish","4":"has-post-thumbnail","6":"product_cat-serite-civile","7":"product_cat-living-now","9":"first","10":"instock","11":"shipping-taxable","12":"product-type-simple"},"acf":[],"_links":{"self":[{"href":"https:\/\/www.brikaelektrik.al\/al\/wp-json\/wp\/v2\/product\/4606","targetHints":{"allow":["GET"]}}],"collection":[{"href":"https:\/\/www.brikaelektrik.al\/al\/wp-json\/wp\/v2\/product"}],"about":[{"href":"https:\/\/www.brikaelektrik.al\/al\/wp-json\/wp\/v2\/types\/product"}],"replies":[{"embeddable":true,"href":"https:\/\/www.brikaelektrik.al\/al\/wp-json\/wp\/v2\/comments?post=4606"}],"wp:featuredmedia":[{"embeddable":true,"href":"https:\/\/www.brikaelektrik.al\/al\/wp-json\/wp\/v2\/media\/4607"}],"wp:attachment":[{"href":"https:\/\/www.brikaelektrik.al\/al\/wp-json\/wp\/v2\/media?parent=4606"}],"wp:term":[{"taxonomy":"product_brand","embeddable":true,"href":"https:\/\/www.brikaelektrik.al\/al\/wp-json\/wp\/v2\/product_brand?post=4606"},{"taxonomy":"product_cat","embeddable":true,"href":"https:\/\/www.brikaelektrik.al\/al\/wp-json\/wp\/v2\/product_cat?post=4606"},{"taxonomy":"product_tag","embeddable":true,"href":"https:\/\/www.brikaelektrik.al\/al\/wp-json\/wp\/v2\/product_tag?post=4606"}],"curies":[{"name":"wp","href":"https:\/\/api.w.org\/{rel}","templated":true}]}}