{"id":4612,"date":"2025-09-15T07:44:25","date_gmt":"2025-09-15T07:44:25","guid":{"rendered":"https:\/\/www.brikaelektrik.al\/?post_type=product&#038;p=4612"},"modified":"2025-09-15T07:44:25","modified_gmt":"2025-09-15T07:44:25","slug":"prize-karikues-usb-1500-ma-110-230-v-i-bardhe-i-zi-sabbia","status":"publish","type":"product","link":"https:\/\/www.brikaelektrik.al\/al\/produkt\/prize-karikues-usb-1500-ma-110-230-v-i-bardhe-i-zi-sabbia\/","title":{"rendered":"PRIZ\u00cb KARIKUES USB 1500 MA 110-230 V (I BARDH\u00cb  I ZI  SABBIA)"},"content":{"rendered":"<p><strong>Seria:<\/strong> Living Now &#8211; BTicino<br \/>\n<strong>Lloji:<\/strong> Karikues USB<br \/>\n<strong>Kategoria:<\/strong> Type A \u2013 vet\u00ebm p\u00ebr karikim<br \/>\n<strong>P\u00ebrdorimi:<\/strong> P\u00ebrdoret p\u00ebr t\u00eb karikuar pajisje elektronike (telefon\u00eb, tableta, etj.) deri n\u00eb 1.500 mA<br \/>\n<strong>Materiali:<\/strong> Technopolymer<br \/>\n<strong>Ngjyra:<\/strong> E bardh\u00eb, E zez\u00eb, ngjyre R\u00ebre<br \/>\n<strong>Mbrojtja:<\/strong> IP20<br \/>\n<strong>Temperatura e pun\u00ebs:<\/strong> \u20135 \u00b0C deri +50 \u00b0C<br \/>\n<strong>Temperatura e magazinimit:<\/strong> \u201310 \u00b0C deri +70 \u00b0C<br \/>\n<strong>Montimi:<\/strong> Flush-mounted \u2013 modul i vet\u00ebm, montim \u201csnap-on\u201d<br \/>\n<strong>Moduli:<\/strong> 1<br \/>\n<strong>Modeli:<\/strong> USB charger \u2013 Type A<br \/>\n<strong>Materiali \/ cil\u00ebsia:<\/strong> Elektronik\u00eb me performanc\u00eb t\u00eb q\u00ebndrueshme p\u00ebr karikim t\u00eb sigurt<br \/>\n<strong>Lidhja:<\/strong> Lidhje direkte me rrjet 110\u2013230 V a.c. \/ 50\u201360 Hz<br \/>\n<strong>Halogjen free:<\/strong> Po<br \/>\n<strong>Standarde:<\/strong> N\u00eb p\u00ebrputhje me ISO\/IEC 11801, EN 50173, ANSI\/TIA-568<\/p>","protected":false},"excerpt":{"rendered":"<p>Seria: Living Now &#8211; BTicino Lloji: Karikues USB Kategoria: Type A \u2013 vet\u00ebm p\u00ebr karikim P\u00ebrdorimi: P\u00ebrdoret p\u00ebr t\u00eb karikuar pajisje elektronike (telefon\u00eb, tableta, etj.) deri n\u00eb 1.500 mA Materiali: Technopolymer Ngjyra: E bardh\u00eb, E zez\u00eb, ngjyre R\u00ebre Mbrojtja: IP20 Temperatura e pun\u00ebs: \u20135 \u00b0C deri +50 \u00b0C Temperatura e magazinimit: \u201310 \u00b0C deri +70 [&hellip;]<\/p>","protected":false},"featured_media":4613,"comment_status":"open","ping_status":"closed","template":"","meta":{"_acf_changed":false},"product_brand":[],"product_cat":[40,64],"product_tag":[],"class_list":{"0":"post-4612","1":"product","2":"type-product","3":"status-publish","4":"has-post-thumbnail","6":"product_cat-serite-civile","7":"product_cat-living-now","9":"first","10":"instock","11":"shipping-taxable","12":"product-type-simple"},"acf":[],"_links":{"self":[{"href":"https:\/\/www.brikaelektrik.al\/al\/wp-json\/wp\/v2\/product\/4612","targetHints":{"allow":["GET"]}}],"collection":[{"href":"https:\/\/www.brikaelektrik.al\/al\/wp-json\/wp\/v2\/product"}],"about":[{"href":"https:\/\/www.brikaelektrik.al\/al\/wp-json\/wp\/v2\/types\/product"}],"replies":[{"embeddable":true,"href":"https:\/\/www.brikaelektrik.al\/al\/wp-json\/wp\/v2\/comments?post=4612"}],"wp:featuredmedia":[{"embeddable":true,"href":"https:\/\/www.brikaelektrik.al\/al\/wp-json\/wp\/v2\/media\/4613"}],"wp:attachment":[{"href":"https:\/\/www.brikaelektrik.al\/al\/wp-json\/wp\/v2\/media?parent=4612"}],"wp:term":[{"taxonomy":"product_brand","embeddable":true,"href":"https:\/\/www.brikaelektrik.al\/al\/wp-json\/wp\/v2\/product_brand?post=4612"},{"taxonomy":"product_cat","embeddable":true,"href":"https:\/\/www.brikaelektrik.al\/al\/wp-json\/wp\/v2\/product_cat?post=4612"},{"taxonomy":"product_tag","embeddable":true,"href":"https:\/\/www.brikaelektrik.al\/al\/wp-json\/wp\/v2\/product_tag?post=4612"}],"curies":[{"name":"wp","href":"https:\/\/api.w.org\/{rel}","templated":true}]}}