{"id":4614,"date":"2025-09-15T07:56:01","date_gmt":"2025-09-15T07:56:01","guid":{"rendered":"https:\/\/www.brikaelektrik.al\/?post_type=product&#038;p=4614"},"modified":"2025-09-15T07:56:01","modified_gmt":"2025-09-15T07:56:01","slug":"prize-satelitore-i-bardhe-i-zi-sabbia","status":"publish","type":"product","link":"https:\/\/www.brikaelektrik.al\/al\/produkt\/prize-satelitore-i-bardhe-i-zi-sabbia\/","title":{"rendered":"PRIZ\u00cb SATELITORE (I BARDH\u00cb  I ZI  SABBIA)"},"content":{"rendered":"<p><strong data-start=\"208\" data-end=\"217\">Seria<\/strong>: Living Now BTicino<br data-start=\"237\" data-end=\"240\" \/><strong data-start=\"240\" data-end=\"249\" data-is-only-node=\"\">Lloji<\/strong>: Priz\u00eb koaksiale e demiksuar (TV + SAT)<br data-start=\"284\" data-end=\"287\" \/><strong data-start=\"287\" data-end=\"300\">P\u00ebrdorimi<\/strong>: &#8211; P\u00ebr sisteme antenash t\u00eb p\u00ebrdoruesve individual\u00eb<br \/>\n&#8211; E p\u00ebrshtatshme edhe p\u00ebr sisteme t\u00eb centralizuara me kalim sinjali (shunting)<br \/>\n&#8211; Mb\u00ebshtet furnizim t\u00eb larg\u00ebt me energji dhe kalim sinjali + rryme p\u00ebr zgjedhje kanalesh<br data-start=\"543\" data-end=\"546\" \/><strong data-start=\"546\" data-end=\"559\">Materiali<\/strong>: Technopolymer + komponent\u00eb metalik\u00eb p\u00ebr\u00e7ues<br data-start=\"659\" data-end=\"662\" \/><strong data-start=\"662\" data-end=\"672\">Ngjyra<\/strong>: E bardh\u00eb, E zez\u00eb, ngjyre R\u00ebre<br data-start=\"718\" data-end=\"721\" \/><strong data-start=\"721\" data-end=\"733\">Mbrojtja<\/strong>: IP20 (mbrojtje nga pluhuri dhe objektet e m\u00ebdha) IK04 (rezistenc\u00eb modeste ndaj goditjeve)<br data-start=\"824\" data-end=\"827\" \/><strong data-start=\"827\" data-end=\"850\">Temperatura e pun\u00ebs<\/strong>: \u20135\u202f\u00b0C deri +35\u202f\u00b0C<br data-start=\"869\" data-end=\"872\" \/><strong data-start=\"872\" data-end=\"901\">Temperatura e magazinimit<\/strong>: \u201310\u202f\u00b0C deri +70\u202f\u00b0C<br data-start=\"921\" data-end=\"924\" \/><strong data-start=\"924\" data-end=\"935\">Montimi<\/strong>: Montim n\u00eb mur \u2013 modul i vet\u00ebm (snap-on)<br data-start=\"1014\" data-end=\"1017\" \/><strong data-start=\"1017\" data-end=\"1027\">Moduli<\/strong>: 1<br data-start=\"1030\" data-end=\"1033\" \/><strong data-start=\"1033\" data-end=\"1043\">Modeli<\/strong>: TV + SAT \u2013 Direct demixed<br data-start=\"1064\" data-end=\"1067\" \/><strong data-start=\"1067\" data-end=\"1090\">Materiali \/ cil\u00ebsia<\/strong>: Plastik\u00eb termoplastike<br data-start=\"1114\" data-end=\"1117\" \/><strong data-start=\"1117\" data-end=\"1127\">Lidhja<\/strong>: &#8211; TV: \u00d8 9.5 mm lidh\u00ebs mashkull<br \/>\n&#8211; SAT: Lidh\u00ebs tip F<br data-start=\"1151\" data-end=\"1154\" \/><strong data-start=\"1154\" data-end=\"1171\">Halogjen free<\/strong>: Po<\/p>","protected":false},"excerpt":{"rendered":"<p>Seria: Living Now BTicinoLloji: Priz\u00eb koaksiale e demiksuar (TV + SAT)P\u00ebrdorimi: &#8211; P\u00ebr sisteme antenash t\u00eb p\u00ebrdoruesve individual\u00eb &#8211; E p\u00ebrshtatshme edhe p\u00ebr sisteme t\u00eb centralizuara me kalim sinjali (shunting) &#8211; Mb\u00ebshtet furnizim t\u00eb larg\u00ebt me energji dhe kalim sinjali + rryme p\u00ebr zgjedhje kanaleshMateriali: Technopolymer + komponent\u00eb metalik\u00eb p\u00ebr\u00e7uesNgjyra: E bardh\u00eb, E zez\u00eb, ngjyre [&hellip;]<\/p>","protected":false},"featured_media":4615,"comment_status":"open","ping_status":"closed","template":"","meta":{"_acf_changed":false},"product_brand":[],"product_cat":[40,64],"product_tag":[],"class_list":{"0":"post-4614","1":"product","2":"type-product","3":"status-publish","4":"has-post-thumbnail","6":"product_cat-serite-civile","7":"product_cat-living-now","9":"first","10":"instock","11":"shipping-taxable","12":"product-type-simple"},"acf":[],"_links":{"self":[{"href":"https:\/\/www.brikaelektrik.al\/al\/wp-json\/wp\/v2\/product\/4614","targetHints":{"allow":["GET"]}}],"collection":[{"href":"https:\/\/www.brikaelektrik.al\/al\/wp-json\/wp\/v2\/product"}],"about":[{"href":"https:\/\/www.brikaelektrik.al\/al\/wp-json\/wp\/v2\/types\/product"}],"replies":[{"embeddable":true,"href":"https:\/\/www.brikaelektrik.al\/al\/wp-json\/wp\/v2\/comments?post=4614"}],"wp:featuredmedia":[{"embeddable":true,"href":"https:\/\/www.brikaelektrik.al\/al\/wp-json\/wp\/v2\/media\/4615"}],"wp:attachment":[{"href":"https:\/\/www.brikaelektrik.al\/al\/wp-json\/wp\/v2\/media?parent=4614"}],"wp:term":[{"taxonomy":"product_brand","embeddable":true,"href":"https:\/\/www.brikaelektrik.al\/al\/wp-json\/wp\/v2\/product_brand?post=4614"},{"taxonomy":"product_cat","embeddable":true,"href":"https:\/\/www.brikaelektrik.al\/al\/wp-json\/wp\/v2\/product_cat?post=4614"},{"taxonomy":"product_tag","embeddable":true,"href":"https:\/\/www.brikaelektrik.al\/al\/wp-json\/wp\/v2\/product_tag?post=4614"}],"curies":[{"name":"wp","href":"https:\/\/api.w.org\/{rel}","templated":true}]}}