{"id":4617,"date":"2025-09-15T10:39:38","date_gmt":"2025-09-15T10:39:38","guid":{"rendered":"https:\/\/www.brikaelektrik.al\/?post_type=product&#038;p=4617"},"modified":"2025-09-15T10:39:38","modified_gmt":"2025-09-15T10:39:38","slug":"prize-telefoni-e-bardhee-zezesabbia","status":"publish","type":"product","link":"https:\/\/www.brikaelektrik.al\/al\/produkt\/prize-telefoni-e-bardhee-zezesabbia\/","title":{"rendered":"PRIZ\u00cb TELEFONI (E BARDH\u00cb+E ZEZ\u00cb+SABBIA)"},"content":{"rendered":"<p><strong>Seria:<\/strong> Living Now BTicino<br data-start=\"218\" data-end=\"221\" \/><strong data-start=\"221\" data-end=\"230\">Lloji<\/strong>: Priz\u00eb telefonike RJ11<br data-start=\"310\" data-end=\"313\" data-is-only-node=\"\" \/><strong data-start=\"313\" data-end=\"326\">P\u00ebrdorimi<\/strong>: P\u00ebr lidhje telefonike n\u00eb rrjete analoge ose sisteme interne komunikimi<br \/>\n<strong>Kategoria:<\/strong> Type K10<br data-start=\"568\" data-end=\"571\" \/><strong data-start=\"571\" data-end=\"584\">Materiali<\/strong>: Technopolymer<br data-start=\"683\" data-end=\"686\" \/><strong data-start=\"686\" data-end=\"696\">Ngjyra<\/strong>: E bardh\u00eb, E zez\u00eb, ngjyre R\u00ebre<br data-start=\"744\" data-end=\"747\" \/><strong data-start=\"747\" data-end=\"759\">Mbrojtja<\/strong>: IP20 (mbrojtje nga pluhuri dhe objektet e m\u00ebdha)\u00a0<br data-start=\"841\" data-end=\"844\" \/><strong data-start=\"844\" data-end=\"867\">Temperatura e pun\u00ebs<\/strong>: \u20135\u202f\u00b0C deri +50\u202f\u00b0C<br data-start=\"886\" data-end=\"889\" \/><strong data-start=\"889\" data-end=\"918\">Temperatura e magazinimit<\/strong>: \u201310\u202f\u00b0C deri +70\u202f\u00b0C<br data-start=\"938\" data-end=\"941\" \/><strong data-start=\"941\" data-end=\"952\">Montimi<\/strong>: Flush-mounted \u2013 montim \u201csnap-on\u201d n\u00eb mbajt\u00ebse modulare<br data-start=\"1073\" data-end=\"1076\" \/><strong data-start=\"1076\" data-end=\"1086\">Moduli<\/strong>: 1<br data-start=\"1089\" data-end=\"1092\" \/><strong data-start=\"1092\" data-end=\"1102\">Modeli<\/strong>: RJ11 \u2013 6P4C<br data-start=\"1123\" data-end=\"1126\" \/><strong data-start=\"1126\" data-end=\"1149\">Materiali \/ cil\u00ebsia<\/strong>: Plastike rezistente me kontakte p\u00ebr\u00e7uese prej bakri <br data-start=\"1173\" data-end=\"1176\" \/><strong data-start=\"1176\" data-end=\"1186\">Lidhja<\/strong>: TOOLLESS ose me skruara (var\u00ebsisht modelit specifik)<br data-start=\"1202\" data-end=\"1205\" \/><strong data-start=\"1205\" data-end=\"1222\">Halogjen free<\/strong>: Po<br \/>\n<strong>Standarde:<\/strong> EN 60603-7, TIA\/EIA-568<\/p>","protected":false},"excerpt":{"rendered":"<p>Seria: Living Now BTicinoLloji: Priz\u00eb telefonike RJ11P\u00ebrdorimi: P\u00ebr lidhje telefonike n\u00eb rrjete analoge ose sisteme interne komunikimi Kategoria: Type K10Materiali: TechnopolymerNgjyra: E bardh\u00eb, E zez\u00eb, ngjyre R\u00ebreMbrojtja: IP20 (mbrojtje nga pluhuri dhe objektet e m\u00ebdha)\u00a0Temperatura e pun\u00ebs: \u20135\u202f\u00b0C deri +50\u202f\u00b0CTemperatura e magazinimit: \u201310\u202f\u00b0C deri +70\u202f\u00b0CMontimi: Flush-mounted \u2013 montim \u201csnap-on\u201d n\u00eb mbajt\u00ebse modulareModuli: 1Modeli: RJ11 \u2013 [&hellip;]<\/p>","protected":false},"featured_media":4618,"comment_status":"open","ping_status":"closed","template":"","meta":{"_acf_changed":false},"product_brand":[],"product_cat":[40,64],"product_tag":[],"class_list":{"0":"post-4617","1":"product","2":"type-product","3":"status-publish","4":"has-post-thumbnail","6":"product_cat-serite-civile","7":"product_cat-living-now","9":"first","10":"instock","11":"shipping-taxable","12":"product-type-simple"},"acf":[],"_links":{"self":[{"href":"https:\/\/www.brikaelektrik.al\/al\/wp-json\/wp\/v2\/product\/4617","targetHints":{"allow":["GET"]}}],"collection":[{"href":"https:\/\/www.brikaelektrik.al\/al\/wp-json\/wp\/v2\/product"}],"about":[{"href":"https:\/\/www.brikaelektrik.al\/al\/wp-json\/wp\/v2\/types\/product"}],"replies":[{"embeddable":true,"href":"https:\/\/www.brikaelektrik.al\/al\/wp-json\/wp\/v2\/comments?post=4617"}],"wp:featuredmedia":[{"embeddable":true,"href":"https:\/\/www.brikaelektrik.al\/al\/wp-json\/wp\/v2\/media\/4618"}],"wp:attachment":[{"href":"https:\/\/www.brikaelektrik.al\/al\/wp-json\/wp\/v2\/media?parent=4617"}],"wp:term":[{"taxonomy":"product_brand","embeddable":true,"href":"https:\/\/www.brikaelektrik.al\/al\/wp-json\/wp\/v2\/product_brand?post=4617"},{"taxonomy":"product_cat","embeddable":true,"href":"https:\/\/www.brikaelektrik.al\/al\/wp-json\/wp\/v2\/product_cat?post=4617"},{"taxonomy":"product_tag","embeddable":true,"href":"https:\/\/www.brikaelektrik.al\/al\/wp-json\/wp\/v2\/product_tag?post=4617"}],"curies":[{"name":"wp","href":"https:\/\/api.w.org\/{rel}","templated":true}]}}