{"id":4621,"date":"2025-09-15T14:52:11","date_gmt":"2025-09-15T14:52:11","guid":{"rendered":"https:\/\/www.brikaelektrik.al\/?post_type=product&#038;p=4621"},"modified":"2025-09-15T14:52:12","modified_gmt":"2025-09-15T14:52:12","slug":"prize-tf-e-bardhe","status":"publish","type":"product","link":"https:\/\/www.brikaelektrik.al\/al\/produkt\/prize-tf-e-bardhe\/","title":{"rendered":"PRIZ\u00cb TF E BARDH\u00cb"},"content":{"rendered":"<p><strong data-start=\"206\" data-end=\"215\">Seria<\/strong>: Living Now BTicino<br data-start=\"235\" data-end=\"238\" \/><strong data-start=\"238\" data-end=\"247\">Lloji<\/strong>: Lidh\u00ebs RJ11<br data-start=\"331\" data-end=\"334\" data-is-only-node=\"\" \/><strong data-start=\"334\" data-end=\"347\">P\u00ebrdorimi<\/strong>: Projektuar p\u00ebr nevoja t\u00eb nd\u00ebrlidhjeve telefonike n\u00eb rrjete analoge ose sisteme komunikimi t\u00eb brendshme<br data-start=\"575\" data-end=\"578\" \/><strong data-start=\"578\" data-end=\"591\">Materiali<\/strong>: Technopolymer<br data-start=\"691\" data-end=\"694\" \/><strong data-start=\"694\" data-end=\"704\">Ngjyra<\/strong>: E bardh\u00eb<br data-start=\"752\" data-end=\"755\" \/><strong data-start=\"755\" data-end=\"767\">Mbrojtja<\/strong>: IP20 (mbrojtje nga pluhuri dhe objektet e m\u00ebdha) IK04 (rezistenc\u00eb e leht\u00eb ndaj goditjeve)<br data-start=\"858\" data-end=\"861\" \/><strong data-start=\"861\" data-end=\"884\">Temperatura e pun\u00ebs<\/strong>: \u20135\u202f\u00b0C deri +35\u202f\u00b0C<br data-start=\"903\" data-end=\"906\" \/><strong data-start=\"906\" data-end=\"935\">Temperatura e magazinimit<\/strong>: \u201310\u202f\u00b0C deri +70\u202f\u00b0C<br data-start=\"955\" data-end=\"958\" \/><strong data-start=\"958\" data-end=\"969\">Montimi<\/strong>: Montim flush\u2011mounted me kapje (snap\u2011on) pa vid\u00eb, proces i thjesht\u00eb dhe i shpejt\u00eb<br data-start=\"1051\" data-end=\"1054\" \/><strong data-start=\"1054\" data-end=\"1064\">Moduli<\/strong>: 1<br data-start=\"1067\" data-end=\"1070\" \/><strong data-start=\"1070\" data-end=\"1080\">Modeli<\/strong>: RJ11 \u2013 6P4C<br data-start=\"1101\" data-end=\"1104\" \/><strong data-start=\"1104\" data-end=\"1127\">Materiali \/ cil\u00ebsia<\/strong>: Plastike rezistente, kontakte p\u00ebr\u00e7uese metalike (zakonisht bak\u00ebr i veshur)<br data-start=\"1165\" data-end=\"1168\" \/><strong data-start=\"1168\" data-end=\"1178\">Lidhja<\/strong>: TOOLLESS ose me skruara (var\u00ebsisht modelit t\u00eb sakt\u00eb)<br data-start=\"1196\" data-end=\"1199\" \/><strong data-start=\"1199\" data-end=\"1216\">Halogjen free<\/strong>: Po<br \/>\n<strong>Standarde:<\/strong> EN 60603-7, TIA\/EIA-568<\/p>","protected":false},"excerpt":{"rendered":"<p>Seria: Living Now BTicinoLloji: Lidh\u00ebs RJ11P\u00ebrdorimi: Projektuar p\u00ebr nevoja t\u00eb nd\u00ebrlidhjeve telefonike n\u00eb rrjete analoge ose sisteme komunikimi t\u00eb brendshmeMateriali: TechnopolymerNgjyra: E bardh\u00ebMbrojtja: IP20 (mbrojtje nga pluhuri dhe objektet e m\u00ebdha) IK04 (rezistenc\u00eb e leht\u00eb ndaj goditjeve)Temperatura e pun\u00ebs: \u20135\u202f\u00b0C deri +35\u202f\u00b0CTemperatura e magazinimit: \u201310\u202f\u00b0C deri +70\u202f\u00b0CMontimi: Montim flush\u2011mounted me kapje (snap\u2011on) pa vid\u00eb, proces [&hellip;]<\/p>","protected":false},"featured_media":4679,"comment_status":"open","ping_status":"closed","template":"","meta":{"_acf_changed":false},"product_brand":[],"product_cat":[40,64],"product_tag":[],"class_list":{"0":"post-4621","1":"product","2":"type-product","3":"status-publish","4":"has-post-thumbnail","6":"product_cat-serite-civile","7":"product_cat-living-now","9":"first","10":"instock","11":"shipping-taxable","12":"product-type-simple"},"acf":[],"_links":{"self":[{"href":"https:\/\/www.brikaelektrik.al\/al\/wp-json\/wp\/v2\/product\/4621","targetHints":{"allow":["GET"]}}],"collection":[{"href":"https:\/\/www.brikaelektrik.al\/al\/wp-json\/wp\/v2\/product"}],"about":[{"href":"https:\/\/www.brikaelektrik.al\/al\/wp-json\/wp\/v2\/types\/product"}],"replies":[{"embeddable":true,"href":"https:\/\/www.brikaelektrik.al\/al\/wp-json\/wp\/v2\/comments?post=4621"}],"wp:featuredmedia":[{"embeddable":true,"href":"https:\/\/www.brikaelektrik.al\/al\/wp-json\/wp\/v2\/media\/4679"}],"wp:attachment":[{"href":"https:\/\/www.brikaelektrik.al\/al\/wp-json\/wp\/v2\/media?parent=4621"}],"wp:term":[{"taxonomy":"product_brand","embeddable":true,"href":"https:\/\/www.brikaelektrik.al\/al\/wp-json\/wp\/v2\/product_brand?post=4621"},{"taxonomy":"product_cat","embeddable":true,"href":"https:\/\/www.brikaelektrik.al\/al\/wp-json\/wp\/v2\/product_cat?post=4621"},{"taxonomy":"product_tag","embeddable":true,"href":"https:\/\/www.brikaelektrik.al\/al\/wp-json\/wp\/v2\/product_tag?post=4621"}],"curies":[{"name":"wp","href":"https:\/\/api.w.org\/{rel}","templated":true}]}}