{"id":4623,"date":"2025-09-15T11:09:27","date_gmt":"2025-09-15T11:09:27","guid":{"rendered":"https:\/\/www.brikaelektrik.al\/?post_type=product&#038;p=4623"},"modified":"2025-09-15T11:09:28","modified_gmt":"2025-09-15T11:09:28","slug":"brryl-ne-ngritje-45o-150x75","status":"publish","type":"product","link":"https:\/\/www.brikaelektrik.al\/al\/produkt\/brryl-ne-ngritje-45o-150x75\/","title":{"rendered":"BRRYL N\u00cb NGRITJE 45\u00ba 150&#215;75"},"content":{"rendered":"<p data-start=\"196\" data-end=\"412\"><strong data-start=\"243\" data-end=\"260\">Lart\u00ebsia (H):<\/strong> 75 mm<br data-start=\"266\" data-end=\"269\" data-is-only-node=\"\" \/><strong data-start=\"269\" data-end=\"286\">Gjer\u00ebsia (B):<\/strong> 150 mm<br data-start=\"293\" data-end=\"296\" \/><strong data-start=\"296\" data-end=\"303\">L1:<\/strong> 125 mm<br data-start=\"310\" data-end=\"313\" \/><strong data-start=\"313\" data-end=\"320\">L2:<\/strong> 180 mm<br data-start=\"327\" data-end=\"330\" \/><strong data-start=\"330\" data-end=\"361\">Trash\u00ebsia e materialit (s):<\/strong> 1 mm<br data-start=\"366\" data-end=\"369\" \/><strong data-start=\"369\" data-end=\"384\">Rrezja (r):<\/strong> 130 mm<br data-start=\"391\" data-end=\"394\" \/><strong data-start=\"394\" data-end=\"404\">Pesha:<\/strong> 0.46 kg<\/p>","protected":false},"excerpt":{"rendered":"<p>Lart\u00ebsia (H): 75 mmGjer\u00ebsia (B): 150 mmL1: 125 mmL2: 180 mmTrash\u00ebsia e materialit (s): 1 mmRrezja (r): 130 mmPesha: 0.46 kg<\/p>","protected":false},"featured_media":4624,"comment_status":"open","ping_status":"closed","template":"","meta":{"_acf_changed":false},"product_brand":[],"product_cat":[96,46],"product_tag":[],"class_list":{"0":"post-4623","1":"product","2":"type-product","3":"status-publish","4":"has-post-thumbnail","6":"product_cat-aksesore-montimi","7":"product_cat-sisteme-kanalina-metalike","9":"first","10":"instock","11":"shipping-taxable","12":"product-type-simple"},"acf":[],"_links":{"self":[{"href":"https:\/\/www.brikaelektrik.al\/al\/wp-json\/wp\/v2\/product\/4623","targetHints":{"allow":["GET"]}}],"collection":[{"href":"https:\/\/www.brikaelektrik.al\/al\/wp-json\/wp\/v2\/product"}],"about":[{"href":"https:\/\/www.brikaelektrik.al\/al\/wp-json\/wp\/v2\/types\/product"}],"replies":[{"embeddable":true,"href":"https:\/\/www.brikaelektrik.al\/al\/wp-json\/wp\/v2\/comments?post=4623"}],"wp:featuredmedia":[{"embeddable":true,"href":"https:\/\/www.brikaelektrik.al\/al\/wp-json\/wp\/v2\/media\/4624"}],"wp:attachment":[{"href":"https:\/\/www.brikaelektrik.al\/al\/wp-json\/wp\/v2\/media?parent=4623"}],"wp:term":[{"taxonomy":"product_brand","embeddable":true,"href":"https:\/\/www.brikaelektrik.al\/al\/wp-json\/wp\/v2\/product_brand?post=4623"},{"taxonomy":"product_cat","embeddable":true,"href":"https:\/\/www.brikaelektrik.al\/al\/wp-json\/wp\/v2\/product_cat?post=4623"},{"taxonomy":"product_tag","embeddable":true,"href":"https:\/\/www.brikaelektrik.al\/al\/wp-json\/wp\/v2\/product_tag?post=4623"}],"curies":[{"name":"wp","href":"https:\/\/api.w.org\/{rel}","templated":true}]}}