{"id":4645,"date":"2025-09-15T11:54:02","date_gmt":"2025-09-15T11:54:02","guid":{"rendered":"https:\/\/www.brikaelektrik.al\/?post_type=product&#038;p=4645"},"modified":"2025-09-15T11:54:02","modified_gmt":"2025-09-15T11:54:02","slug":"brryl-ne-ngritje-90o-150x75","status":"publish","type":"product","link":"https:\/\/www.brikaelektrik.al\/al\/produkt\/brryl-ne-ngritje-90o-150x75\/","title":{"rendered":"BRRYL N\u00cb NGRITJE 90\u00ba 150&#215;75"},"content":{"rendered":"<p><strong data-start=\"175\" data-end=\"192\" data-is-only-node=\"\">Lart\u00ebsia (H):<\/strong> 75 mm<br data-start=\"198\" data-end=\"201\" \/><strong data-start=\"201\" data-end=\"218\">Gjer\u00ebsia (B):<\/strong> 150 mm<br data-start=\"225\" data-end=\"228\" \/><strong data-start=\"228\" data-end=\"235\">L1:<\/strong> 210 mm<br data-start=\"242\" data-end=\"245\" \/><strong data-start=\"245\" data-end=\"252\">L2:<\/strong> 210 mm<br data-start=\"259\" data-end=\"262\" \/><strong data-start=\"262\" data-end=\"293\">Trash\u00ebsia e materialit (s):<\/strong> 1 mm<br data-start=\"298\" data-end=\"301\" \/><strong data-start=\"301\" data-end=\"316\">Rrezja (r):<\/strong> 130 mm<br data-start=\"323\" data-end=\"326\" \/><strong data-start=\"326\" data-end=\"336\">Pesha:<\/strong> 0.87 kg<\/p>","protected":false},"excerpt":{"rendered":"<p>Lart\u00ebsia (H): 75 mmGjer\u00ebsia (B): 150 mmL1: 210 mmL2: 210 mmTrash\u00ebsia e materialit (s): 1 mmRrezja (r): 130 mmPesha: 0.87 kg<\/p>","protected":false},"featured_media":4646,"comment_status":"open","ping_status":"closed","template":"","meta":{"_acf_changed":false},"product_brand":[],"product_cat":[96,46],"product_tag":[],"class_list":{"0":"post-4645","1":"product","2":"type-product","3":"status-publish","4":"has-post-thumbnail","6":"product_cat-aksesore-montimi","7":"product_cat-sisteme-kanalina-metalike","9":"first","10":"instock","11":"shipping-taxable","12":"product-type-simple"},"acf":[],"_links":{"self":[{"href":"https:\/\/www.brikaelektrik.al\/al\/wp-json\/wp\/v2\/product\/4645","targetHints":{"allow":["GET"]}}],"collection":[{"href":"https:\/\/www.brikaelektrik.al\/al\/wp-json\/wp\/v2\/product"}],"about":[{"href":"https:\/\/www.brikaelektrik.al\/al\/wp-json\/wp\/v2\/types\/product"}],"replies":[{"embeddable":true,"href":"https:\/\/www.brikaelektrik.al\/al\/wp-json\/wp\/v2\/comments?post=4645"}],"wp:featuredmedia":[{"embeddable":true,"href":"https:\/\/www.brikaelektrik.al\/al\/wp-json\/wp\/v2\/media\/4646"}],"wp:attachment":[{"href":"https:\/\/www.brikaelektrik.al\/al\/wp-json\/wp\/v2\/media?parent=4645"}],"wp:term":[{"taxonomy":"product_brand","embeddable":true,"href":"https:\/\/www.brikaelektrik.al\/al\/wp-json\/wp\/v2\/product_brand?post=4645"},{"taxonomy":"product_cat","embeddable":true,"href":"https:\/\/www.brikaelektrik.al\/al\/wp-json\/wp\/v2\/product_cat?post=4645"},{"taxonomy":"product_tag","embeddable":true,"href":"https:\/\/www.brikaelektrik.al\/al\/wp-json\/wp\/v2\/product_tag?post=4645"}],"curies":[{"name":"wp","href":"https:\/\/api.w.org\/{rel}","templated":true}]}}