{"id":4693,"date":"2025-09-16T09:38:23","date_gmt":"2025-09-16T09:38:23","guid":{"rendered":"https:\/\/www.brikaelektrik.al\/?post_type=product&#038;p=4693"},"modified":"2025-09-16T09:38:23","modified_gmt":"2025-09-16T09:38:23","slug":"prize-tv-i-bardhe-i-zi-sabbia","status":"publish","type":"product","link":"https:\/\/www.brikaelektrik.al\/al\/produkt\/prize-tv-i-bardhe-i-zi-sabbia\/","title":{"rendered":"PRIZ\u00cb TV (I BARDH\u00cb  I ZI  SABBIA)"},"content":{"rendered":"<p><strong data-start=\"297\" data-end=\"307\">Seria:<\/strong> Living Now BTicino<br data-start=\"326\" data-end=\"329\" \/><strong data-start=\"346\" data-end=\"356\">Lloji: <\/strong>Priz\u00eb koaksiale direkte<br data-start=\"439\" data-end=\"442\" data-is-only-node=\"\" \/><strong data-start=\"442\" data-end=\"456\">P\u00ebrdorimi:<\/strong> &#8211; P\u00ebr sisteme televizive t\u00eb p\u00ebrdoruesve individual\u00eb<br \/>\n&#8211; I p\u00ebrshtatsh\u00ebm edhe p\u00ebr sisteme t\u00eb centralizuara me furnizim t\u00eb larg\u00ebt (remote powered)<br data-start=\"625\" data-end=\"628\" \/><strong data-start=\"697\" data-end=\"711\">Materiali:<\/strong> Technopolymer + komponent\u00eb p\u00ebr\u00e7ues t\u00eb blinduar<br data-start=\"816\" data-end=\"819\" \/><strong data-start=\"819\" data-end=\"830\">Ngjyra:<\/strong> E bardh\u00eb, E zez\u00eb, ngjyre R\u00ebre<br data-start=\"846\" data-end=\"849\" \/><strong data-start=\"849\" data-end=\"862\">Mbrojtja:<\/strong> IP20\u00a0<br data-start=\"953\" data-end=\"956\" \/><strong data-start=\"956\" data-end=\"980\">Temperatura e pun\u00ebs:<\/strong> \u20135 \u00b0C deri +35 \u00b0C<br data-start=\"998\" data-end=\"1001\" \/><strong data-start=\"1001\" data-end=\"1031\">Temperatura e magazinimit:<\/strong> \u201310 \u00b0C deri +70 \u00b0C<br data-start=\"1050\" data-end=\"1053\" \/><strong data-start=\"1053\" data-end=\"1065\">Montimi:<\/strong> Flush-mounted, modul i vet\u00ebm \u2013 \u201csnap-on\u201d<br data-start=\"1146\" data-end=\"1149\" \/><strong data-start=\"1149\" data-end=\"1160\">Moduli:<\/strong> 1<br data-start=\"1162\" data-end=\"1165\" \/><strong data-start=\"1165\" data-end=\"1176\">Modeli:<\/strong> Koaksial mashkull \u2013 diamet\u00ebr 9.5 mm<br data-start=\"1196\" data-end=\"1199\" \/><strong data-start=\"1199\" data-end=\"1223\">Materiali \/ cil\u00ebsia:<\/strong> Lidh\u00ebs t\u00eb blinduar, me vida t\u00eb fiksuara (captive screws)<br data-start=\"1260\" data-end=\"1263\" \/><strong data-start=\"1263\" data-end=\"1274\">Lidhja:<\/strong> Lidhje direkte me kabllo antene \u2013 input dhe kalim sinjali<br data-start=\"1291\" data-end=\"1294\" \/><strong data-start=\"1294\" data-end=\"1312\">Halogjen free:<\/strong> Po<br \/>\n<strong>Standardet:<\/strong> EN 50083, IEC 61169<\/p>","protected":false},"excerpt":{"rendered":"<p>Seria: Living Now BTicinoLloji: Priz\u00eb koaksiale direkteP\u00ebrdorimi: &#8211; P\u00ebr sisteme televizive t\u00eb p\u00ebrdoruesve individual\u00eb &#8211; I p\u00ebrshtatsh\u00ebm edhe p\u00ebr sisteme t\u00eb centralizuara me furnizim t\u00eb larg\u00ebt (remote powered)Materiali: Technopolymer + komponent\u00eb p\u00ebr\u00e7ues t\u00eb blinduarNgjyra: E bardh\u00eb, E zez\u00eb, ngjyre R\u00ebreMbrojtja: IP20\u00a0Temperatura e pun\u00ebs: \u20135 \u00b0C deri +35 \u00b0CTemperatura e magazinimit: \u201310 \u00b0C deri +70 \u00b0CMontimi: [&hellip;]<\/p>","protected":false},"featured_media":4705,"comment_status":"open","ping_status":"closed","template":"","meta":{"_acf_changed":false},"product_brand":[],"product_cat":[40,64],"product_tag":[],"class_list":{"0":"post-4693","1":"product","2":"type-product","3":"status-publish","4":"has-post-thumbnail","6":"product_cat-serite-civile","7":"product_cat-living-now","9":"first","10":"instock","11":"shipping-taxable","12":"product-type-simple"},"acf":[],"_links":{"self":[{"href":"https:\/\/www.brikaelektrik.al\/al\/wp-json\/wp\/v2\/product\/4693","targetHints":{"allow":["GET"]}}],"collection":[{"href":"https:\/\/www.brikaelektrik.al\/al\/wp-json\/wp\/v2\/product"}],"about":[{"href":"https:\/\/www.brikaelektrik.al\/al\/wp-json\/wp\/v2\/types\/product"}],"replies":[{"embeddable":true,"href":"https:\/\/www.brikaelektrik.al\/al\/wp-json\/wp\/v2\/comments?post=4693"}],"wp:featuredmedia":[{"embeddable":true,"href":"https:\/\/www.brikaelektrik.al\/al\/wp-json\/wp\/v2\/media\/4705"}],"wp:attachment":[{"href":"https:\/\/www.brikaelektrik.al\/al\/wp-json\/wp\/v2\/media?parent=4693"}],"wp:term":[{"taxonomy":"product_brand","embeddable":true,"href":"https:\/\/www.brikaelektrik.al\/al\/wp-json\/wp\/v2\/product_brand?post=4693"},{"taxonomy":"product_cat","embeddable":true,"href":"https:\/\/www.brikaelektrik.al\/al\/wp-json\/wp\/v2\/product_cat?post=4693"},{"taxonomy":"product_tag","embeddable":true,"href":"https:\/\/www.brikaelektrik.al\/al\/wp-json\/wp\/v2\/product_tag?post=4693"}],"curies":[{"name":"wp","href":"https:\/\/api.w.org\/{rel}","templated":true}]}}