{"id":4727,"date":"2025-09-16T09:50:45","date_gmt":"2025-09-16T09:50:45","guid":{"rendered":"https:\/\/www.brikaelektrik.al\/?post_type=product&#038;p=4727"},"modified":"2025-09-16T09:50:45","modified_gmt":"2025-09-16T09:50:45","slug":"prize-usb-2m-tip-a-i-bardhe-i-zi-sabbia","status":"publish","type":"product","link":"https:\/\/www.brikaelektrik.al\/al\/produkt\/prize-usb-2m-tip-a-i-bardhe-i-zi-sabbia\/","title":{"rendered":"PRIZ\u00cb USB 2M TIP-A (I BARDH\u00cb + I ZI + SABBIA)"},"content":{"rendered":"<p><strong>Seria:<\/strong> Living Now BTicino<br data-start=\"218\" data-end=\"221\" \/><strong data-start=\"221\" data-end=\"230\">Lloji<\/strong>: Karikues USB<br data-start=\"310\" data-end=\"313\" data-is-only-node=\"\" \/><strong data-start=\"313\" data-end=\"326\">P\u00ebrdorimi<\/strong>: &#8211; Karikim i shpejt\u00eb i nj\u00eb pajisjeje deri n\u00eb 3.000 mA<br \/>\n&#8211; Ose karikim i dy pajisjeve nj\u00ebkoh\u00ebsisht deri n\u00eb 1.500 mA secila<br \/>\n<strong>Kategoria:<\/strong> Type A + Type C<br data-start=\"568\" data-end=\"571\" \/><strong data-start=\"571\" data-end=\"584\">Materiali<\/strong>: Technopolymer<br data-start=\"683\" data-end=\"686\" \/><strong data-start=\"686\" data-end=\"696\">Ngjyra<\/strong>: E bardh\u00eb, E zez\u00eb, ngjyre R\u00ebre \/ sipas modelit<br data-start=\"744\" data-end=\"747\" \/><strong data-start=\"747\" data-end=\"759\">Mbrojtja<\/strong>: IP20<br data-start=\"841\" data-end=\"844\" \/><strong data-start=\"844\" data-end=\"867\">Temperatura e pun\u00ebs<\/strong>: \u20135\u202f\u00b0C deri +50\u202f\u00b0C<br data-start=\"886\" data-end=\"889\" \/><strong data-start=\"889\" data-end=\"918\">Temperatura e magazinimit<\/strong>: \u201310\u202f\u00b0C deri +70\u202f\u00b0C<br data-start=\"938\" data-end=\"941\" \/><strong data-start=\"941\" data-end=\"952\">Montimi<\/strong>: Flush-mounted \u2013 modul 2-ngjyr\u00ebsh, montim \u201csnap-on\u201d<br data-start=\"1073\" data-end=\"1076\" \/><strong data-start=\"1076\" data-end=\"1086\">Moduli<\/strong>: 2<br data-start=\"1089\" data-end=\"1092\" \/><strong data-start=\"1092\" data-end=\"1102\">Modeli<\/strong>: USB Type A + Type C<br data-start=\"1123\" data-end=\"1126\" \/><strong data-start=\"1126\" data-end=\"1149\">Materiali \/ cil\u00ebsia<\/strong>: Komponent\u00eb elektronik\u00eb me efikasitet t\u00eb lart\u00eb dhe mbrojtje ndaj mbingarkes\u00ebs<br data-start=\"1173\" data-end=\"1176\" \/><strong data-start=\"1176\" data-end=\"1186\">Lidhja<\/strong>: Lidhje direkte me rrjet 110\u2013230 V a.c. \/ 50\u201360 Hz<br \/>\n<strong>Fuqia maksimale dalje:<\/strong> 15 W<br data-start=\"1202\" data-end=\"1205\" \/><strong data-start=\"1205\" data-end=\"1222\">Halogjen free<\/strong>: Po<br \/>\n<strong>Standarde:<\/strong> EN 62368-1, EN 62684, IEC 60950-1<\/p>","protected":false},"excerpt":{"rendered":"<p>Seria: Living Now BTicinoLloji: Karikues USBP\u00ebrdorimi: &#8211; Karikim i shpejt\u00eb i nj\u00eb pajisjeje deri n\u00eb 3.000 mA &#8211; Ose karikim i dy pajisjeve nj\u00ebkoh\u00ebsisht deri n\u00eb 1.500 mA secila Kategoria: Type A + Type CMateriali: TechnopolymerNgjyra: E bardh\u00eb, E zez\u00eb, ngjyre R\u00ebre \/ sipas modelitMbrojtja: IP20Temperatura e pun\u00ebs: \u20135\u202f\u00b0C deri +50\u202f\u00b0CTemperatura e magazinimit: \u201310\u202f\u00b0C deri [&hellip;]<\/p>","protected":false},"featured_media":4728,"comment_status":"open","ping_status":"closed","template":"","meta":{"_acf_changed":false},"product_brand":[],"product_cat":[40,64],"product_tag":[],"class_list":{"0":"post-4727","1":"product","2":"type-product","3":"status-publish","4":"has-post-thumbnail","6":"product_cat-serite-civile","7":"product_cat-living-now","9":"first","10":"instock","11":"shipping-taxable","12":"product-type-simple"},"acf":[],"_links":{"self":[{"href":"https:\/\/www.brikaelektrik.al\/al\/wp-json\/wp\/v2\/product\/4727","targetHints":{"allow":["GET"]}}],"collection":[{"href":"https:\/\/www.brikaelektrik.al\/al\/wp-json\/wp\/v2\/product"}],"about":[{"href":"https:\/\/www.brikaelektrik.al\/al\/wp-json\/wp\/v2\/types\/product"}],"replies":[{"embeddable":true,"href":"https:\/\/www.brikaelektrik.al\/al\/wp-json\/wp\/v2\/comments?post=4727"}],"wp:featuredmedia":[{"embeddable":true,"href":"https:\/\/www.brikaelektrik.al\/al\/wp-json\/wp\/v2\/media\/4728"}],"wp:attachment":[{"href":"https:\/\/www.brikaelektrik.al\/al\/wp-json\/wp\/v2\/media?parent=4727"}],"wp:term":[{"taxonomy":"product_brand","embeddable":true,"href":"https:\/\/www.brikaelektrik.al\/al\/wp-json\/wp\/v2\/product_brand?post=4727"},{"taxonomy":"product_cat","embeddable":true,"href":"https:\/\/www.brikaelektrik.al\/al\/wp-json\/wp\/v2\/product_cat?post=4727"},{"taxonomy":"product_tag","embeddable":true,"href":"https:\/\/www.brikaelektrik.al\/al\/wp-json\/wp\/v2\/product_tag?post=4727"}],"curies":[{"name":"wp","href":"https:\/\/api.w.org\/{rel}","templated":true}]}}