{"id":4740,"date":"2025-09-16T09:59:11","date_gmt":"2025-09-16T09:59:11","guid":{"rendered":"https:\/\/www.brikaelektrik.al\/?post_type=product&#038;p=4740"},"modified":"2025-09-16T09:59:11","modified_gmt":"2025-09-16T09:59:11","slug":"devijues-t-ne-plan-150x75","status":"publish","type":"product","link":"https:\/\/www.brikaelektrik.al\/al\/produkt\/devijues-t-ne-plan-150x75\/","title":{"rendered":"DEVIJUES T N\u00cb PLAN 150&#215;75"},"content":{"rendered":"<p><strong data-start=\"175\" data-end=\"192\" data-is-only-node=\"\">Lart\u00ebsia (H):<\/strong> 75 mm<br data-start=\"198\" data-end=\"201\" \/><strong data-start=\"201\" data-end=\"218\">Gjer\u00ebsia (B):<\/strong> 150 mm<br data-start=\"225\" data-end=\"228\" \/><strong data-start=\"228\" data-end=\"235\">L1:<\/strong> 410 mm<br data-start=\"242\" data-end=\"245\" \/><strong data-start=\"245\" data-end=\"252\">L2:<\/strong> 285 mm<br data-start=\"259\" data-end=\"262\" \/><strong data-start=\"262\" data-end=\"293\">Trash\u00ebsia e materialit (s):<\/strong> 1 mm<br data-start=\"298\" data-end=\"301\" \/><strong data-start=\"301\" data-end=\"316\">Rrezja (r):<\/strong> 130 mm<br data-start=\"323\" data-end=\"326\" \/><strong data-start=\"326\" data-end=\"336\">Pesha:<\/strong> 1.20 kg<\/p>","protected":false},"excerpt":{"rendered":"<p>Lart\u00ebsia (H): 75 mmGjer\u00ebsia (B): 150 mmL1: 410 mmL2: 285 mmTrash\u00ebsia e materialit (s): 1 mmRrezja (r): 130 mmPesha: 1.20 kg<\/p>","protected":false},"featured_media":4741,"comment_status":"open","ping_status":"closed","template":"","meta":{"_acf_changed":false},"product_brand":[],"product_cat":[96,46],"product_tag":[],"class_list":{"0":"post-4740","1":"product","2":"type-product","3":"status-publish","4":"has-post-thumbnail","6":"product_cat-aksesore-montimi","7":"product_cat-sisteme-kanalina-metalike","9":"first","10":"instock","11":"shipping-taxable","12":"product-type-simple"},"acf":[],"_links":{"self":[{"href":"https:\/\/www.brikaelektrik.al\/al\/wp-json\/wp\/v2\/product\/4740","targetHints":{"allow":["GET"]}}],"collection":[{"href":"https:\/\/www.brikaelektrik.al\/al\/wp-json\/wp\/v2\/product"}],"about":[{"href":"https:\/\/www.brikaelektrik.al\/al\/wp-json\/wp\/v2\/types\/product"}],"replies":[{"embeddable":true,"href":"https:\/\/www.brikaelektrik.al\/al\/wp-json\/wp\/v2\/comments?post=4740"}],"wp:featuredmedia":[{"embeddable":true,"href":"https:\/\/www.brikaelektrik.al\/al\/wp-json\/wp\/v2\/media\/4741"}],"wp:attachment":[{"href":"https:\/\/www.brikaelektrik.al\/al\/wp-json\/wp\/v2\/media?parent=4740"}],"wp:term":[{"taxonomy":"product_brand","embeddable":true,"href":"https:\/\/www.brikaelektrik.al\/al\/wp-json\/wp\/v2\/product_brand?post=4740"},{"taxonomy":"product_cat","embeddable":true,"href":"https:\/\/www.brikaelektrik.al\/al\/wp-json\/wp\/v2\/product_cat?post=4740"},{"taxonomy":"product_tag","embeddable":true,"href":"https:\/\/www.brikaelektrik.al\/al\/wp-json\/wp\/v2\/product_tag?post=4740"}],"curies":[{"name":"wp","href":"https:\/\/api.w.org\/{rel}","templated":true}]}}