{"id":4745,"date":"2025-09-16T10:14:48","date_gmt":"2025-09-16T10:14:48","guid":{"rendered":"https:\/\/www.brikaelektrik.al\/?post_type=product&#038;p=4745"},"modified":"2025-09-16T10:14:48","modified_gmt":"2025-09-16T10:14:48","slug":"prize-usb-tip-a-15w","status":"publish","type":"product","link":"https:\/\/www.brikaelektrik.al\/al\/produkt\/prize-usb-tip-a-15w\/","title":{"rendered":"PRIZ\u00cb USB  TIP A 15W"},"content":{"rendered":"<p><strong>Seria:<\/strong> Living Now BTicino<br data-start=\"218\" data-end=\"221\" \/><strong data-start=\"221\" data-end=\"230\">Lloji<\/strong>: Karikues USB<br data-start=\"310\" data-end=\"313\" data-is-only-node=\"\" \/><strong data-start=\"313\" data-end=\"326\">P\u00ebrdorimi<\/strong>: P\u00ebr karikimin e pajisjeve elektronike deri n\u00eb 15W (smartphone, tablet, pajisje t\u00eb tjera USB)<br \/>\n<strong>Kategoria:<\/strong> Type A<br data-start=\"568\" data-end=\"571\" \/><strong data-start=\"571\" data-end=\"584\">Materiali<\/strong>: Technopolymer<br data-start=\"683\" data-end=\"686\" \/><strong data-start=\"686\" data-end=\"696\">Ngjyra<\/strong>: E zez\u00eb \/ sipas seris\u00eb<br data-start=\"744\" data-end=\"747\" \/><strong data-start=\"747\" data-end=\"759\">Mbrojtja<\/strong>: IP20<br data-start=\"841\" data-end=\"844\" \/><strong data-start=\"844\" data-end=\"867\">Temperatura e pun\u00ebs<\/strong>: \u20135\u202f\u00b0C deri +50\u202f\u00b0C<br data-start=\"886\" data-end=\"889\" \/><strong data-start=\"889\" data-end=\"918\">Temperatura e magazinimit<\/strong>: \u201310\u202f\u00b0C deri +70\u202f\u00b0C<br data-start=\"938\" data-end=\"941\" \/><strong data-start=\"941\" data-end=\"952\">Montimi<\/strong>: Flush-mounted \u2013 1 modul<br data-start=\"1073\" data-end=\"1076\" \/><strong data-start=\"1076\" data-end=\"1086\">Moduli<\/strong>: 1<br data-start=\"1089\" data-end=\"1092\" \/><strong data-start=\"1092\" data-end=\"1102\">Modeli<\/strong>: USB Type A\u00a0<br data-start=\"1123\" data-end=\"1126\" \/><strong data-start=\"1126\" data-end=\"1149\">Materiali \/ cil\u00ebsia<\/strong>: Elektronik\u00eb e mbrojtur nga mbingarkesa dhe nxeht\u00ebsia<br data-start=\"1173\" data-end=\"1176\" \/><strong data-start=\"1176\" data-end=\"1186\">Lidhja<\/strong>: Lidhje direkte me rrjetin elektrik 100\u2013240 V a.c. \/ 50\u201360 Hz<br \/>\n<strong>Fuqia maksimale dalje:<\/strong> 15 W<br data-start=\"1202\" data-end=\"1205\" \/><strong data-start=\"1205\" data-end=\"1222\">Halogjen free<\/strong>: Po<br \/>\n<strong>Standarde:<\/strong> EN 62368-1, IEC 60950-1, CE<\/p>\n<p>&nbsp;<\/p>","protected":false},"excerpt":{"rendered":"<p>Seria: Living Now BTicinoLloji: Karikues USBP\u00ebrdorimi: P\u00ebr karikimin e pajisjeve elektronike deri n\u00eb 15W (smartphone, tablet, pajisje t\u00eb tjera USB) Kategoria: Type AMateriali: TechnopolymerNgjyra: E zez\u00eb \/ sipas seris\u00ebMbrojtja: IP20Temperatura e pun\u00ebs: \u20135\u202f\u00b0C deri +50\u202f\u00b0CTemperatura e magazinimit: \u201310\u202f\u00b0C deri +70\u202f\u00b0CMontimi: Flush-mounted \u2013 1 modulModuli: 1Modeli: USB Type A\u00a0Materiali \/ cil\u00ebsia: Elektronik\u00eb e mbrojtur nga mbingarkesa [&hellip;]<\/p>","protected":false},"featured_media":4746,"comment_status":"open","ping_status":"closed","template":"","meta":{"_acf_changed":false},"product_brand":[],"product_cat":[40,64],"product_tag":[],"class_list":{"0":"post-4745","1":"product","2":"type-product","3":"status-publish","4":"has-post-thumbnail","6":"product_cat-serite-civile","7":"product_cat-living-now","9":"first","10":"instock","11":"shipping-taxable","12":"product-type-simple"},"acf":[],"_links":{"self":[{"href":"https:\/\/www.brikaelektrik.al\/al\/wp-json\/wp\/v2\/product\/4745","targetHints":{"allow":["GET"]}}],"collection":[{"href":"https:\/\/www.brikaelektrik.al\/al\/wp-json\/wp\/v2\/product"}],"about":[{"href":"https:\/\/www.brikaelektrik.al\/al\/wp-json\/wp\/v2\/types\/product"}],"replies":[{"embeddable":true,"href":"https:\/\/www.brikaelektrik.al\/al\/wp-json\/wp\/v2\/comments?post=4745"}],"wp:featuredmedia":[{"embeddable":true,"href":"https:\/\/www.brikaelektrik.al\/al\/wp-json\/wp\/v2\/media\/4746"}],"wp:attachment":[{"href":"https:\/\/www.brikaelektrik.al\/al\/wp-json\/wp\/v2\/media?parent=4745"}],"wp:term":[{"taxonomy":"product_brand","embeddable":true,"href":"https:\/\/www.brikaelektrik.al\/al\/wp-json\/wp\/v2\/product_brand?post=4745"},{"taxonomy":"product_cat","embeddable":true,"href":"https:\/\/www.brikaelektrik.al\/al\/wp-json\/wp\/v2\/product_cat?post=4745"},{"taxonomy":"product_tag","embeddable":true,"href":"https:\/\/www.brikaelektrik.al\/al\/wp-json\/wp\/v2\/product_tag?post=4745"}],"curies":[{"name":"wp","href":"https:\/\/api.w.org\/{rel}","templated":true}]}}