{"id":4747,"date":"2025-09-16T10:26:26","date_gmt":"2025-09-16T10:26:26","guid":{"rendered":"https:\/\/www.brikaelektrik.al\/?post_type=product&#038;p=4747"},"modified":"2025-09-16T10:26:26","modified_gmt":"2025-09-16T10:26:26","slug":"pulsant-1p-i-bardhe-i-zi-sabbia","status":"publish","type":"product","link":"https:\/\/www.brikaelektrik.al\/al\/produkt\/pulsant-1p-i-bardhe-i-zi-sabbia\/","title":{"rendered":"PULSANT  1P (I BARDH\u00cb  I ZI  SABBIA)"},"content":{"rendered":"<p><strong>Seria:<\/strong> Living Now<br \/>\n<strong>Lloji:<\/strong> Buton shtyp\u00ebs (pushbutton)<br \/>\n<strong>Lidhja:<\/strong> 1P (pole i vet\u00ebm), kontakt normalisht i hapur (NO)<br \/>\n<strong>Rryma maksimale:<\/strong> 10 A<br \/>\n<strong>Tensioni i operimit:<\/strong> 250 Vac<br \/>\n<strong>P\u00ebrdorimi:<\/strong> Aktivizim\/p\u00ebrdorim n\u00eb ndri\u00e7im, zile, automatizime etj.<br \/>\n<strong>Ndri\u00e7imi:<\/strong> I p\u00ebrgatitur p\u00ebr ndri\u00e7im (me LED ose neon, var\u00ebsisht modelit)<br \/>\n<strong>Kap\u00ebset:<\/strong> Lidhje me vida (screw clamps) dhe\/ose plate<br \/>\n<strong>Moduli:<\/strong> 1<br \/>\n<strong>Materiali:<\/strong> Technopolymer<br \/>\n<strong>Ngjyra:<\/strong> E bardh\u00eb \/ sipas seris\u00eb<br \/>\n<strong>Mbrojtja:<\/strong> IP20<br \/>\n<strong>Temperatura e pun\u00ebs:<\/strong> \u20135 \u00b0C deri +50 \u00b0C<br \/>\n<strong>Temperatura e magazinimit:<\/strong> \u201310 \u00b0C deri +70 \u00b0C<br \/>\n<strong>Montimi:<\/strong> Flush-mounted me sistem kapjeje \u201csnap-on\u201d<br \/>\n<strong>Halogjen free:<\/strong> Po<br \/>\n<strong>Standardet:<\/strong> IEC 60669-1<\/p>","protected":false},"excerpt":{"rendered":"<p>Seria: Living Now Lloji: Buton shtyp\u00ebs (pushbutton) Lidhja: 1P (pole i vet\u00ebm), kontakt normalisht i hapur (NO) Rryma maksimale: 10 A Tensioni i operimit: 250 Vac P\u00ebrdorimi: Aktivizim\/p\u00ebrdorim n\u00eb ndri\u00e7im, zile, automatizime etj. Ndri\u00e7imi: I p\u00ebrgatitur p\u00ebr ndri\u00e7im (me LED ose neon, var\u00ebsisht modelit) Kap\u00ebset: Lidhje me vida (screw clamps) dhe\/ose plate Moduli: 1 Materiali: [&hellip;]<\/p>","protected":false},"featured_media":4748,"comment_status":"open","ping_status":"closed","template":"","meta":{"_acf_changed":false},"product_brand":[],"product_cat":[40,64],"product_tag":[],"class_list":{"0":"post-4747","1":"product","2":"type-product","3":"status-publish","4":"has-post-thumbnail","6":"product_cat-serite-civile","7":"product_cat-living-now","9":"first","10":"instock","11":"shipping-taxable","12":"product-type-simple"},"acf":[],"_links":{"self":[{"href":"https:\/\/www.brikaelektrik.al\/al\/wp-json\/wp\/v2\/product\/4747","targetHints":{"allow":["GET"]}}],"collection":[{"href":"https:\/\/www.brikaelektrik.al\/al\/wp-json\/wp\/v2\/product"}],"about":[{"href":"https:\/\/www.brikaelektrik.al\/al\/wp-json\/wp\/v2\/types\/product"}],"replies":[{"embeddable":true,"href":"https:\/\/www.brikaelektrik.al\/al\/wp-json\/wp\/v2\/comments?post=4747"}],"wp:featuredmedia":[{"embeddable":true,"href":"https:\/\/www.brikaelektrik.al\/al\/wp-json\/wp\/v2\/media\/4748"}],"wp:attachment":[{"href":"https:\/\/www.brikaelektrik.al\/al\/wp-json\/wp\/v2\/media?parent=4747"}],"wp:term":[{"taxonomy":"product_brand","embeddable":true,"href":"https:\/\/www.brikaelektrik.al\/al\/wp-json\/wp\/v2\/product_brand?post=4747"},{"taxonomy":"product_cat","embeddable":true,"href":"https:\/\/www.brikaelektrik.al\/al\/wp-json\/wp\/v2\/product_cat?post=4747"},{"taxonomy":"product_tag","embeddable":true,"href":"https:\/\/www.brikaelektrik.al\/al\/wp-json\/wp\/v2\/product_tag?post=4747"}],"curies":[{"name":"wp","href":"https:\/\/api.w.org\/{rel}","templated":true}]}}