{"id":4752,"date":"2025-09-16T12:38:25","date_gmt":"2025-09-16T12:38:25","guid":{"rendered":"https:\/\/www.brikaelektrik.al\/?post_type=product&#038;p=4752"},"modified":"2025-09-16T12:44:47","modified_gmt":"2025-09-16T12:44:47","slug":"pulsant-litar-sabbia","status":"publish","type":"product","link":"https:\/\/www.brikaelektrik.al\/al\/produkt\/pulsant-litar-sabbia\/","title":{"rendered":"PULSANT LITAR\u00cb SABBIA"},"content":{"rendered":"<p><strong>Seria:<\/strong> Living Now<br \/>\n<strong>Lloji:<\/strong> Buton me litar (pull-cord pushbutton)<br \/>\n<strong>Rryma maksimale:<\/strong> 10 A<br \/>\n<strong>Tensioni i operimit:<\/strong> 250 Vac<br \/>\n<strong>P\u00ebrdorimi:<\/strong> &#8211; P\u00ebrdoret p\u00ebr ndezje\/\u00e7aktivizim t\u00eb dritave ose sistemeve elektrike n\u00eb banjo, dushe, ambiente ndihm\u00ebse<br \/>\n&#8211; Aktivizohet me t\u00ebrheqjen e litarit<br \/>\n<strong>Moduli:<\/strong> 1<br \/>\n<strong>Gjat\u00ebsia e litarit:<\/strong> ~1.8 m<br \/>\n<strong>Materiali:<\/strong> Technopolymer rezistent ndaj lag\u00ebshtir\u00ebs<br \/>\n<strong>Ngjyra:<\/strong> R\u00ebr\u00eb \/ Sabbia<br \/>\n<strong>Mbrojtja:<\/strong> IP20<br \/>\n<strong>Temperatura e pun\u00ebs:<\/strong> \u20135 \u00b0C deri +50 \u00b0C<br \/>\n<strong>Temperatura e magazinimit:<\/strong> \u201310 \u00b0C deri +70 \u00b0C<br \/>\n<strong>Montimi:<\/strong> N\u00eb mur (flush-mounted), me mb\u00ebshtetje modulare<br \/>\n<strong>Halogjen free:<\/strong> Po<br \/>\n<strong>Standardet:<\/strong> IEC 60669-1<\/p>","protected":false},"excerpt":{"rendered":"<p>Seria: Living Now Lloji: Buton me litar (pull-cord pushbutton) Rryma maksimale: 10 A Tensioni i operimit: 250 Vac P\u00ebrdorimi: &#8211; P\u00ebrdoret p\u00ebr ndezje\/\u00e7aktivizim t\u00eb dritave ose sistemeve elektrike n\u00eb banjo, dushe, ambiente ndihm\u00ebse &#8211; Aktivizohet me t\u00ebrheqjen e litarit Moduli: 1 Gjat\u00ebsia e litarit: ~1.8 m Materiali: Technopolymer rezistent ndaj lag\u00ebshtir\u00ebs Ngjyra: R\u00ebr\u00eb \/ Sabbia [&hellip;]<\/p>","protected":false},"featured_media":4754,"comment_status":"open","ping_status":"closed","template":"","meta":{"_acf_changed":false},"product_brand":[],"product_cat":[40,64],"product_tag":[],"class_list":{"0":"post-4752","1":"product","2":"type-product","3":"status-publish","4":"has-post-thumbnail","6":"product_cat-serite-civile","7":"product_cat-living-now","9":"first","10":"instock","11":"shipping-taxable","12":"product-type-simple"},"acf":[],"_links":{"self":[{"href":"https:\/\/www.brikaelektrik.al\/al\/wp-json\/wp\/v2\/product\/4752","targetHints":{"allow":["GET"]}}],"collection":[{"href":"https:\/\/www.brikaelektrik.al\/al\/wp-json\/wp\/v2\/product"}],"about":[{"href":"https:\/\/www.brikaelektrik.al\/al\/wp-json\/wp\/v2\/types\/product"}],"replies":[{"embeddable":true,"href":"https:\/\/www.brikaelektrik.al\/al\/wp-json\/wp\/v2\/comments?post=4752"}],"wp:featuredmedia":[{"embeddable":true,"href":"https:\/\/www.brikaelektrik.al\/al\/wp-json\/wp\/v2\/media\/4754"}],"wp:attachment":[{"href":"https:\/\/www.brikaelektrik.al\/al\/wp-json\/wp\/v2\/media?parent=4752"}],"wp:term":[{"taxonomy":"product_brand","embeddable":true,"href":"https:\/\/www.brikaelektrik.al\/al\/wp-json\/wp\/v2\/product_brand?post=4752"},{"taxonomy":"product_cat","embeddable":true,"href":"https:\/\/www.brikaelektrik.al\/al\/wp-json\/wp\/v2\/product_cat?post=4752"},{"taxonomy":"product_tag","embeddable":true,"href":"https:\/\/www.brikaelektrik.al\/al\/wp-json\/wp\/v2\/product_tag?post=4752"}],"curies":[{"name":"wp","href":"https:\/\/api.w.org\/{rel}","templated":true}]}}