{"id":4753,"date":"2025-09-16T12:40:56","date_gmt":"2025-09-16T12:40:56","guid":{"rendered":"https:\/\/www.brikaelektrik.al\/?post_type=product&#038;p=4753"},"modified":"2025-09-16T13:57:26","modified_gmt":"2025-09-16T13:57:26","slug":"kanaline-e-zinguar-me-vrima-400x75-2-5m","status":"publish","type":"product","link":"https:\/\/www.brikaelektrik.al\/al\/produkt\/kanaline-e-zinguar-me-vrima-400x75-2-5m\/","title":{"rendered":"KANALINE E ZINGUAR ME VRIMA 400X75 (2.5m)"},"content":{"rendered":"<div><\/div>\n<p class=\"selectable-text copyable-text x15bjb6t x1n2onr6\"><span class=\"selectable-text copyable-text xkrh14z\"><strong>Lart\u00ebsia (H):<\/strong> 75 mm<\/span><\/p>\n<p class=\"selectable-text copyable-text x15bjb6t x1n2onr6\"><span class=\"selectable-text copyable-text xkrh14z\"><strong>Gjer\u00ebsia (B):<\/strong> 400 mm<\/span><\/p>\n<p class=\"selectable-text copyable-text x15bjb6t x1n2onr6\"><span class=\"selectable-text copyable-text xkrh14z\"><strong>L:<\/strong> 3 mm<\/span><\/p>\n<p class=\"selectable-text copyable-text x15bjb6t x1n2onr6\"><span class=\"selectable-text copyable-text xkrh14z\"><strong>Trash\u00ebsia e materialit (s):<\/strong> 1.2 mm<\/span><\/p>\n<p class=\"selectable-text copyable-text x15bjb6t x1n2onr6\"><span class=\"selectable-text copyable-text xkrh14z\"><strong>Pesha:<\/strong> 15,24 kg<\/span><\/p>\n<p class=\"selectable-text copyable-text x15bjb6t x1n2onr6\"><span class=\"selectable-text copyable-text xkrh14z\"><strong>Sip\u00ebrfaqe e seksionit (su):<\/strong> 15,000 mm\u00b2<\/span><\/p>","protected":false},"excerpt":{"rendered":"<p>Lart\u00ebsia (H): 75 mm Gjer\u00ebsia (B): 400 mm L: 3 mm Trash\u00ebsia e materialit (s): 1.2 mm Pesha: 15,24 kg Sip\u00ebrfaqe e seksionit (su): 15,000 mm\u00b2<\/p>","protected":false},"featured_media":4778,"comment_status":"open","ping_status":"closed","template":"","meta":{"_acf_changed":false},"product_brand":[],"product_cat":[94,46],"product_tag":[],"class_list":{"0":"post-4753","1":"product","2":"type-product","3":"status-publish","4":"has-post-thumbnail","6":"product_cat-kanaline-e-birezuar","7":"product_cat-sisteme-kanalina-metalike","9":"first","10":"instock","11":"shipping-taxable","12":"product-type-simple"},"acf":[],"_links":{"self":[{"href":"https:\/\/www.brikaelektrik.al\/al\/wp-json\/wp\/v2\/product\/4753","targetHints":{"allow":["GET"]}}],"collection":[{"href":"https:\/\/www.brikaelektrik.al\/al\/wp-json\/wp\/v2\/product"}],"about":[{"href":"https:\/\/www.brikaelektrik.al\/al\/wp-json\/wp\/v2\/types\/product"}],"replies":[{"embeddable":true,"href":"https:\/\/www.brikaelektrik.al\/al\/wp-json\/wp\/v2\/comments?post=4753"}],"wp:featuredmedia":[{"embeddable":true,"href":"https:\/\/www.brikaelektrik.al\/al\/wp-json\/wp\/v2\/media\/4778"}],"wp:attachment":[{"href":"https:\/\/www.brikaelektrik.al\/al\/wp-json\/wp\/v2\/media?parent=4753"}],"wp:term":[{"taxonomy":"product_brand","embeddable":true,"href":"https:\/\/www.brikaelektrik.al\/al\/wp-json\/wp\/v2\/product_brand?post=4753"},{"taxonomy":"product_cat","embeddable":true,"href":"https:\/\/www.brikaelektrik.al\/al\/wp-json\/wp\/v2\/product_cat?post=4753"},{"taxonomy":"product_tag","embeddable":true,"href":"https:\/\/www.brikaelektrik.al\/al\/wp-json\/wp\/v2\/product_tag?post=4753"}],"curies":[{"name":"wp","href":"https:\/\/api.w.org\/{rel}","templated":true}]}}